{"id":11406,"date":"2024-08-31T20:44:21","date_gmt":"2024-08-31T18:44:21","guid":{"rendered":"https:\/\/tkspro.eu\/dienstleistungen\/ueberholung-von-gasturbinen\/ueberwachung-und-diagnose\/"},"modified":"2024-10-09T00:46:09","modified_gmt":"2024-10-08T22:46:09","slug":"ueberwachung-und-diagnose","status":"publish","type":"page","link":"https:\/\/tkspro.eu\/de\/dienstleistungen\/ueberholung-von-gasturbinen\/ueberwachung-und-diagnose\/","title":{"rendered":"\u00dcberwachung und Diagnose"},"content":{"rendered":"<div class=\"wpb-content-wrapper\"><p>[vc_row][vc_column]\t\t<div id=\"wd-670381f5e7cd9\" class=\"wd-image wd-wpb wd-rs-670381f5e7cd9 text-center \">\n\t\t\t\n\t\t\t<img loading=\"lazy\" decoding=\"async\" width=\"1222\" height=\"300\" src=\"https:\/\/tkspro.eu\/wp-content\/uploads\/2024\/10\/Gas-Turbine-Overhaul-Banner-2-1222x300.jpg\" class=\"attachment-1222x300 size-1222x300\" alt=\"Gas Turbine Overhaul - TKS PRO Gmbh (Turbo Kompressor Service)\" \/>\n\t\t\t\t\t<\/div>\n\t\t\t\t\t<link rel=\"stylesheet\" id=\"wd-section-title-css\" href=\"https:\/\/tkspro.eu\/wp-content\/themes\/woodmart\/css\/parts\/el-section-title.min.css?ver=7.5.2\" type=\"text\/css\" media=\"all\" \/> \t\t\t\t\t\t<link rel=\"stylesheet\" id=\"wd-mod-highlighted-text-css\" href=\"https:\/\/tkspro.eu\/wp-content\/themes\/woodmart\/css\/parts\/mod-highlighted-text.min.css?ver=7.5.2\" type=\"text\/css\" media=\"all\" \/> \t\t\t\n\t\t<div id=\"wd-66d9a44078d37\" class=\"title-wrapper wd-wpb set-mb-s reset-last-child  wd-rs-66d9a44078d37 wd-title-color-default wd-title-style-default text-left vc_custom_1725539397813 wd-width-custom wd-underline-colored\">\n\t\t\t\n\t\t\t<div class=\"liner-continer\">\n\t\t\t\t<h2 class=\"woodmart-title-container title  wd-font-weight- wd-fontsize-l\" >\u00dcberwachung und Diagnose<\/h2>\n\t\t\t\t\t\t\t<\/div>\n\t\t\t\n\t\t\t\n\t\t\t\n\t\t<\/div>\n\t\t\n\t\t\t\t\t<link rel=\"stylesheet\" id=\"wd-text-block-css\" href=\"https:\/\/tkspro.eu\/wp-content\/themes\/woodmart\/css\/parts\/el-text-block.min.css?ver=7.5.2\" type=\"text\/css\" media=\"all\" \/> \t\t\t\t\t<div id=\"wd-66d9a4a5aa649\" class=\"wd-text-block wd-wpb reset-last-child wd-rs-66d9a4a5aa649 text-left \">\n\t\t\t<p>Um den Verschlei\u00df Ihrer Gasturbine zu verhindern oder zu bewerten, sind regelm\u00e4\u00dfige Inspektionen, \u00dcberwachungen und Diagnosen unerl\u00e4sslich.<\/p>\n<p>Um die Zuverl\u00e4ssigkeit auf h\u00f6chstem Niveau zu halten, verwendet TKS PRO verschiedene Diagnosewerkzeuge, die in der Lage sind, fr\u00fche Anzeichen von St\u00f6rungen zu erkennen und vorherzusagen. Zum Beispiel kann es im Laufe der Zeit zu einem langsamen, aber stetigen Anstieg eines Parameters (wie Druck oder Temperatur) kommen. Solange dieser Parameter unterhalb der Alarmschwelle bleibt, wird der schrittweise Anstieg von den Betriebsmitarbeitern wahrscheinlich nicht bemerkt.<\/p>\n\t\t<\/div>\n\t\t[\/vc_column][\/vc_row][vc_row content_placement=&#8220;middle&#8220; woodmart_box_shadow=&#8220;no&#8220; wd_z_index=&#8220;no&#8220; woodmart_css_id=&#8220;66ff91187b493&#8243; responsive_spacing=&#8220;eyJwYXJhbV90eXBlIjoid29vZG1hcnRfcmVzcG9uc2l2ZV9zcGFjaW5nIiwic2VsZWN0b3JfaWQiOiI2NmZmOTExODdiNDkzIiwic2hvcnRjb2RlIjoidmNfcm93IiwiZGF0YSI6eyJ0YWJsZXQiOnsibWFyZ2luLXRvcCI6IjMwIn0sIm1vYmlsZSI6eyJtYXJnaW4tdG9wIjoiMjAifX19&#8243; mobile_bg_img_hidden=&#8220;no&#8220; tablet_bg_img_hidden=&#8220;no&#8220; woodmart_parallax=&#8220;0&#8243; woodmart_gradient_switch=&#8220;no&#8220; row_reverse_mobile=&#8220;0&#8243; row_reverse_tablet=&#8220;0&#8243; woodmart_disable_overflow=&#8220;0&#8243; css=&#8220;.vc_custom_1728024871309{margin-top: 40px !important;}&#8220;][vc_column css=&#8220;.vc_custom_1496394309784{padding-top: 0px !important;}&#8220; offset=&#8220;vc_col-md-6 vc_col-xs-12&#8243;]\t\t<div id=\"wd-66d2d58579f87\" class=\"wd-image wd-wpb wd-rs-66d2d58579f87 text-left \">\n\t\t\t\n\t\t\t<img loading=\"lazy\" decoding=\"async\" width=\"1280\" height=\"958\" src=\"https:\/\/tkspro.eu\/wp-content\/uploads\/2024\/08\/Portfolio-Gallery-Image-1-1.jpg\" class=\"attachment-full size-full\" alt=\"TKS Pro - Our work Boeing aircraft engine repair\" srcset=\"https:\/\/tkspro.eu\/wp-content\/uploads\/2024\/08\/Portfolio-Gallery-Image-1-1.jpg 1280w, https:\/\/tkspro.eu\/wp-content\/uploads\/2024\/08\/Portfolio-Gallery-Image-1-1-430x322.jpg 430w, https:\/\/tkspro.eu\/wp-content\/uploads\/2024\/08\/Portfolio-Gallery-Image-1-1-150x112.jpg 150w, https:\/\/tkspro.eu\/wp-content\/uploads\/2024\/08\/Portfolio-Gallery-Image-1-1-700x524.jpg 700w, https:\/\/tkspro.eu\/wp-content\/uploads\/2024\/08\/Portfolio-Gallery-Image-1-1-400x300.jpg 400w, https:\/\/tkspro.eu\/wp-content\/uploads\/2024\/08\/Portfolio-Gallery-Image-1-1-1069x800.jpg 1069w, https:\/\/tkspro.eu\/wp-content\/uploads\/2024\/08\/Portfolio-Gallery-Image-1-1-768x575.jpg 768w\" sizes=\"auto, (max-width: 1280px) 100vw, 1280px\" \/>\n\t\t\t\t\t<\/div>\n\t\t[\/vc_column][vc_column offset=&#8220;vc_col-md-6 vc_col-xs-12&#8243;]\t\t<div id=\"wd-66d9a4b05f674\" class=\"wd-text-block wd-wpb reset-last-child wd-rs-66d9a4b05f674 text-left \">\n\t\t\t<p>Mit den von uns bereitgestellten \u00dcberwachungs- und Diagnosesystemen werden diese subtilen Ver\u00e4nderungen jedoch erkannt, analysiert und dem Betriebspersonal gemeldet. Dies erm\u00f6glicht es Ihnen, die \u00c4nderungen zu untersuchen und bei Bedarf geeignete Ma\u00dfnahmen zu ergreifen. <\/p>\n<p>In einigen F\u00e4llen reicht die \u00dcberwachung allein jedoch nicht aus, um mechanischen Verschlei\u00df oder Ver\u00e4nderungen an Ihrer Gasturbine zu erkennen. Aus diesem Grund sind regelm\u00e4\u00dfige Inspektionen, entweder j\u00e4hrlich oder je nach Betriebsstunden oder -zustand, von entscheidender Bedeutung. TKS PRO h\u00e4lt es f\u00fcr essenziell, diese Inspektionen kontinuierlich von Experten durchf\u00fchren zu lassen, die nicht nur mit der Turbine, sondern auch mit dem wichtigen Betriebspersonal und den wesentlichen Interessengruppen vertraut sind. Dieser Ansatz erm\u00f6glicht eine genauere und transparentere Bewertung des Zustands der Anlage und der Turbine.<\/p>\n\t\t<\/div>\n\t\t[\/vc_column][\/vc_row][vc_row css=&#8220;.vc_custom_1728024915440{margin-top: 40px !important;}&#8220; woodmart_css_id=&#8220;66ff9149cc7ee&#8220; responsive_spacing=&#8220;eyJwYXJhbV90eXBlIjoid29vZG1hcnRfcmVzcG9uc2l2ZV9zcGFjaW5nIiwic2VsZWN0b3JfaWQiOiI2NmZmOTE0OWNjN2VlIiwic2hvcnRjb2RlIjoidmNfcm93IiwiZGF0YSI6eyJ0YWJsZXQiOnsibWFyZ2luLXRvcCI6IjMwIn0sIm1vYmlsZSI6eyJtYXJnaW4tdG9wIjoiMjAifX19&#8243; mobile_bg_img_hidden=&#8220;no&#8220; tablet_bg_img_hidden=&#8220;no&#8220; woodmart_parallax=&#8220;0&#8243; woodmart_gradient_switch=&#8220;no&#8220; woodmart_box_shadow=&#8220;no&#8220; wd_z_index=&#8220;no&#8220; woodmart_disable_overflow=&#8220;0&#8243; row_reverse_mobile=&#8220;0&#8243; row_reverse_tablet=&#8220;0&#8243;][vc_column]\t\t<div id=\"wd-66d9a4662e08e\" class=\"wd-text-block wd-wpb reset-last-child wd-rs-66d9a4662e08e text-left \">\n\t\t\t<p>Die M\u00f6glichkeit eines Ausfalls der Gasturbine aufgrund unzureichender Wartung oder eines fehlenden zuverl\u00e4ssigen Wartungsprogramms k\u00f6nnte f\u00fcr jedes Unternehmen katastrophale Folgen haben. Die Kombination aus unserem \u00dcberwachungs- und Wartungsprogramm bietet Ihnen die Sicherheit, dass Ihre wertvollen Anlagen auf h\u00f6chstem Niveau \u00fcberwacht und berichtet werden. Dadurch k\u00f6nnen wir gemeinsam ma\u00dfgeschneiderte Wartungsprogramme entwickeln, die genau auf Ihre Betriebsanforderungen zugeschnitten sind.<\/p>\n\t\t<\/div>\n\t\t[\/vc_column][\/vc_row]<\/p>\n<\/div>","protected":false},"excerpt":{"rendered":"<p>[vc_row][vc_column][\/vc_column][\/vc_row][vc_row content_placement=&#8220;middle&#8220; woodmart_box_shadow=&#8220;no&#8220; wd_z_index=&#8220;no&#8220; woodmart_css_id=&#8220;66ff91187b493&#8243; responsive_spacing=&#8220;eyJwYXJhbV90eXBlIjoid29vZG1hcnRfcmVzcG9uc2l2ZV9zcGFjaW5nIiwic2VsZWN0b3JfaWQiOiI2NmZmOTExODdiNDkzIiwic2hvcnRjb2RlIjoidmNfcm93IiwiZGF0YSI6eyJ0YWJsZXQiOnsibWFyZ2luLXRvcCI6IjMwIn0sIm1vYmlsZSI6eyJtYXJnaW4tdG9wIjoiMjAifX19&#8243; mobile_bg_img_hidden=&#8220;no&#8220; tablet_bg_img_hidden=&#8220;no&#8220; woodmart_parallax=&#8220;0&#8243; woodmart_gradient_switch=&#8220;no&#8220; row_reverse_mobile=&#8220;0&#8243; row_reverse_tablet=&#8220;0&#8243; woodmart_disable_overflow=&#8220;0&#8243; css=&#8220;.vc_custom_1728024871309{margin-top: 40px !important;}&#8220;][vc_column css=&#8220;.vc_custom_1496394309784{padding-top: 0px !important;}&#8220; offset=&#8220;vc_col-md-6<\/p>\n","protected":false},"author":1,"featured_media":0,"parent":11380,"menu_order":0,"comment_status":"closed","ping_status":"closed","template":"","meta":{"footnotes":""},"class_list":["post-11406","page","type-page","status-publish","hentry"],"_links":{"self":[{"href":"https:\/\/tkspro.eu\/de\/wp-json\/wp\/v2\/pages\/11406","targetHints":{"allow":["GET"]}}],"collection":[{"href":"https:\/\/tkspro.eu\/de\/wp-json\/wp\/v2\/pages"}],"about":[{"href":"https:\/\/tkspro.eu\/de\/wp-json\/wp\/v2\/types\/page"}],"author":[{"embeddable":true,"href":"https:\/\/tkspro.eu\/de\/wp-json\/wp\/v2\/users\/1"}],"replies":[{"embeddable":true,"href":"https:\/\/tkspro.eu\/de\/wp-json\/wp\/v2\/comments?post=11406"}],"version-history":[{"count":0,"href":"https:\/\/tkspro.eu\/de\/wp-json\/wp\/v2\/pages\/11406\/revisions"}],"up":[{"embeddable":true,"href":"https:\/\/tkspro.eu\/de\/wp-json\/wp\/v2\/pages\/11380"}],"wp:attachment":[{"href":"https:\/\/tkspro.eu\/de\/wp-json\/wp\/v2\/media?parent=11406"}],"curies":[{"name":"wp","href":"https:\/\/api.w.org\/{rel}","templated":true}]}}