{"id":11392,"date":"2024-08-31T20:38:03","date_gmt":"2024-08-31T18:38:03","guid":{"rendered":"https:\/\/tkspro.eu\/dienstleistungen\/ueberholung-von-gasturbinen\/feld-und-werkstatt-auswuchten\/"},"modified":"2024-10-09T00:22:52","modified_gmt":"2024-10-08T22:22:52","slug":"feld-und-werkstatt-auswuchten","status":"publish","type":"page","link":"https:\/\/tkspro.eu\/de\/dienstleistungen\/ueberholung-von-gasturbinen\/feld-und-werkstatt-auswuchten\/","title":{"rendered":"Feld- und Werkstatt-Auswuchten"},"content":{"rendered":"<div class=\"wpb-content-wrapper\"><p>[vc_row][vc_column]\t\t<div id=\"wd-6703808ef2bbe\" class=\"wd-image wd-wpb wd-rs-6703808ef2bbe text-center \">\n\t\t\t\n\t\t\t<img loading=\"lazy\" decoding=\"async\" width=\"1222\" height=\"300\" src=\"https:\/\/tkspro.eu\/wp-content\/uploads\/2024\/10\/Gas-Turbine-Overhaul-Banner-2-1222x300.jpg\" class=\"attachment-1222x300 size-1222x300\" alt=\"Gas Turbine Overhaul - TKS PRO Gmbh (Turbo Kompressor Service)\" \/>\n\t\t\t\t\t<\/div>\n\t\t\t\t\t<link rel=\"stylesheet\" id=\"wd-section-title-css\" href=\"https:\/\/tkspro.eu\/wp-content\/themes\/woodmart\/css\/parts\/el-section-title.min.css?ver=7.5.2\" type=\"text\/css\" media=\"all\" \/> \t\t\t\t\t\t<link rel=\"stylesheet\" id=\"wd-mod-highlighted-text-css\" href=\"https:\/\/tkspro.eu\/wp-content\/themes\/woodmart\/css\/parts\/mod-highlighted-text.min.css?ver=7.5.2\" type=\"text\/css\" media=\"all\" \/> \t\t\t\n\t\t<div id=\"wd-66d9a140e58e3\" class=\"title-wrapper wd-wpb set-mb-s reset-last-child  wd-rs-66d9a140e58e3 wd-title-color-default wd-title-style-default text-left vc_custom_1725538629997 wd-width-custom wd-underline-colored\">\n\t\t\t\n\t\t\t<div class=\"liner-continer\">\n\t\t\t\t<h2 class=\"woodmart-title-container title  wd-font-weight- wd-fontsize-l\" >Feld- und Werkstatt-Auswuchten<\/h2>\n\t\t\t\t\t\t\t<\/div>\n\t\t\t\n\t\t\t\n\t\t\t\n\t\t<\/div>\n\t\t\n\t\t\t\t\t<link rel=\"stylesheet\" id=\"wd-text-block-css\" href=\"https:\/\/tkspro.eu\/wp-content\/themes\/woodmart\/css\/parts\/el-text-block.min.css?ver=7.5.2\" type=\"text\/css\" media=\"all\" \/> \t\t\t\t\t<div id=\"wd-66d9a15148b92\" class=\"wd-text-block wd-wpb reset-last-child wd-rs-66d9a15148b92 text-left \">\n\t\t\t<p>Unwuchtige rotierende Maschinenteile k\u00f6nnen zu Vibrationen und unn\u00f6tigem Verschlei\u00df f\u00fchren. Diese Vibrationen lassen sich durch das richtige Auswuchten Ihrer rotierenden Ausr\u00fcstung verhindern. Durch das Auswuchten wird nicht nur die Lebensdauer Ihrer Maschinen verl\u00e4ngert, sondern auch die Betriebsrisiken reduziert.<\/p>\n\t\t<\/div>\n\t\t[\/vc_column][\/vc_row][vc_row content_placement=&#8220;middle&#8220; woodmart_box_shadow=&#8220;no&#8220; wd_z_index=&#8220;no&#8220; woodmart_css_id=&#8220;66ff8e0db0013&#8243; responsive_spacing=&#8220;eyJwYXJhbV90eXBlIjoid29vZG1hcnRfcmVzcG9uc2l2ZV9zcGFjaW5nIiwic2VsZWN0b3JfaWQiOiI2NmZmOGUwZGIwMDEzIiwic2hvcnRjb2RlIjoidmNfcm93IiwiZGF0YSI6eyJ0YWJsZXQiOnsibWFyZ2luLXRvcCI6IjMwIn0sIm1vYmlsZSI6eyJtYXJnaW4tdG9wIjoiMjAifX19&#8243; mobile_bg_img_hidden=&#8220;no&#8220; tablet_bg_img_hidden=&#8220;no&#8220; woodmart_parallax=&#8220;0&#8243; woodmart_gradient_switch=&#8220;no&#8220; row_reverse_mobile=&#8220;0&#8243; row_reverse_tablet=&#8220;0&#8243; woodmart_disable_overflow=&#8220;0&#8243; css=&#8220;.vc_custom_1728024094658{margin-top: 40px !important;}&#8220;][vc_column css=&#8220;.vc_custom_1496394309784{padding-top: 0px !important;}&#8220; offset=&#8220;vc_col-md-6 vc_col-xs-12&#8243;]\t\t<div id=\"wd-66d2d58579f87\" class=\"wd-image wd-wpb wd-rs-66d2d58579f87 text-left \">\n\t\t\t\n\t\t\t<img loading=\"lazy\" decoding=\"async\" width=\"1280\" height=\"958\" src=\"https:\/\/tkspro.eu\/wp-content\/uploads\/2024\/08\/Portfolio-Gallery-Image-1-1.jpg\" class=\"attachment-full size-full\" alt=\"TKS Pro - Our work Boeing aircraft engine repair\" srcset=\"https:\/\/tkspro.eu\/wp-content\/uploads\/2024\/08\/Portfolio-Gallery-Image-1-1.jpg 1280w, https:\/\/tkspro.eu\/wp-content\/uploads\/2024\/08\/Portfolio-Gallery-Image-1-1-430x322.jpg 430w, https:\/\/tkspro.eu\/wp-content\/uploads\/2024\/08\/Portfolio-Gallery-Image-1-1-150x112.jpg 150w, https:\/\/tkspro.eu\/wp-content\/uploads\/2024\/08\/Portfolio-Gallery-Image-1-1-700x524.jpg 700w, https:\/\/tkspro.eu\/wp-content\/uploads\/2024\/08\/Portfolio-Gallery-Image-1-1-400x300.jpg 400w, https:\/\/tkspro.eu\/wp-content\/uploads\/2024\/08\/Portfolio-Gallery-Image-1-1-1069x800.jpg 1069w, https:\/\/tkspro.eu\/wp-content\/uploads\/2024\/08\/Portfolio-Gallery-Image-1-1-768x575.jpg 768w\" sizes=\"auto, (max-width: 1280px) 100vw, 1280px\" \/>\n\t\t\t\t\t<\/div>\n\t\t[\/vc_column][vc_column offset=&#8220;vc_col-md-6 vc_col-xs-12&#8243;]\t\t<div id=\"wd-66d362f0015bd\" class=\"wd-text-block wd-wpb reset-last-child wd-rs-66d362f0015bd text-left \">\n\t\t\t<p>Eine Unwucht eines Rotors kann in drei Hauptarten unterteilt werden: statische Unwucht, dynamische Unwucht und Unwucht eines Koppelpaares.<\/p>\n<p>In den meisten F\u00e4llen besteht die Unwucht aus einer Kombination von zwei oder sogar allen drei dieser Unwuchtarten. TKS PRO verf\u00fcgt \u00fcber das Wissen und die Ausr\u00fcstung, um alle diese Unwuchtformen effektiv zu beseitigen.<\/p>\n\t\t<\/div>\n\t\t\t\t<div id=\"wd-66d9a15fe3ea8\" class=\"wd-text-block wd-wpb reset-last-child wd-rs-66d9a15fe3ea8 text-left \">\n\t\t\t<p><em><strong>Wir bieten Auswucht-Dienstleistungen sowohl vor Ort als auch in unserer voll ausgestatteten Werkstatt an.<\/strong><\/em><\/p>\n\t\t<\/div>\n\t\t[\/vc_column][\/vc_row]<\/p>\n<\/div>","protected":false},"excerpt":{"rendered":"<p>[vc_row][vc_column][\/vc_column][\/vc_row][vc_row content_placement=&#8220;middle&#8220; woodmart_box_shadow=&#8220;no&#8220; wd_z_index=&#8220;no&#8220; woodmart_css_id=&#8220;66ff8e0db0013&#8243; responsive_spacing=&#8220;eyJwYXJhbV90eXBlIjoid29vZG1hcnRfcmVzcG9uc2l2ZV9zcGFjaW5nIiwic2VsZWN0b3JfaWQiOiI2NmZmOGUwZGIwMDEzIiwic2hvcnRjb2RlIjoidmNfcm93IiwiZGF0YSI6eyJ0YWJsZXQiOnsibWFyZ2luLXRvcCI6IjMwIn0sIm1vYmlsZSI6eyJtYXJnaW4tdG9wIjoiMjAifX19&#8243; mobile_bg_img_hidden=&#8220;no&#8220; tablet_bg_img_hidden=&#8220;no&#8220; woodmart_parallax=&#8220;0&#8243; woodmart_gradient_switch=&#8220;no&#8220; row_reverse_mobile=&#8220;0&#8243; row_reverse_tablet=&#8220;0&#8243; woodmart_disable_overflow=&#8220;0&#8243; css=&#8220;.vc_custom_1728024094658{margin-top: 40px !important;}&#8220;][vc_column css=&#8220;.vc_custom_1496394309784{padding-top: 0px !important;}&#8220; offset=&#8220;vc_col-md-6<\/p>\n","protected":false},"author":1,"featured_media":0,"parent":11380,"menu_order":0,"comment_status":"closed","ping_status":"closed","template":"","meta":{"footnotes":""},"class_list":["post-11392","page","type-page","status-publish","hentry"],"_links":{"self":[{"href":"https:\/\/tkspro.eu\/de\/wp-json\/wp\/v2\/pages\/11392","targetHints":{"allow":["GET"]}}],"collection":[{"href":"https:\/\/tkspro.eu\/de\/wp-json\/wp\/v2\/pages"}],"about":[{"href":"https:\/\/tkspro.eu\/de\/wp-json\/wp\/v2\/types\/page"}],"author":[{"embeddable":true,"href":"https:\/\/tkspro.eu\/de\/wp-json\/wp\/v2\/users\/1"}],"replies":[{"embeddable":true,"href":"https:\/\/tkspro.eu\/de\/wp-json\/wp\/v2\/comments?post=11392"}],"version-history":[{"count":0,"href":"https:\/\/tkspro.eu\/de\/wp-json\/wp\/v2\/pages\/11392\/revisions"}],"up":[{"embeddable":true,"href":"https:\/\/tkspro.eu\/de\/wp-json\/wp\/v2\/pages\/11380"}],"wp:attachment":[{"href":"https:\/\/tkspro.eu\/de\/wp-json\/wp\/v2\/media?parent=11392"}],"curies":[{"name":"wp","href":"https:\/\/api.w.org\/{rel}","templated":true}]}}