{"id":11390,"date":"2024-08-31T20:49:27","date_gmt":"2024-08-31T18:49:27","guid":{"rendered":"https:\/\/tkspro.eu\/dienstleistungen\/ueberholung-von-gasturbinen\/dienstleistungen-und-nachruestungen-fuer-steuerungssysteme\/"},"modified":"2024-10-09T00:21:26","modified_gmt":"2024-10-08T22:21:26","slug":"dienstleistungen-und-nachruestungen-fuer-steuerungssysteme","status":"publish","type":"page","link":"https:\/\/tkspro.eu\/de\/dienstleistungen\/ueberholung-von-gasturbinen\/dienstleistungen-und-nachruestungen-fuer-steuerungssysteme\/","title":{"rendered":"Dienstleistungen und Nachr\u00fcstungen f\u00fcr Steuerungssysteme"},"content":{"rendered":"<div class=\"wpb-content-wrapper\"><p>[vc_row][vc_column]\t\t<div id=\"wd-6703801f879b9\" class=\"wd-image wd-wpb wd-rs-6703801f879b9 text-center \">\n\t\t\t\n\t\t\t<img loading=\"lazy\" decoding=\"async\" width=\"1222\" height=\"300\" src=\"https:\/\/tkspro.eu\/wp-content\/uploads\/2024\/10\/Gas-Turbine-Overhaul-Banner-2-1222x300.jpg\" class=\"attachment-1222x300 size-1222x300\" alt=\"Gas Turbine Overhaul - TKS PRO Gmbh (Turbo Kompressor Service)\" \/>\n\t\t\t\t\t<\/div>\n\t\t\t\t\t<link rel=\"stylesheet\" id=\"wd-section-title-css\" href=\"https:\/\/tkspro.eu\/wp-content\/themes\/woodmart\/css\/parts\/el-section-title.min.css?ver=7.5.2\" type=\"text\/css\" media=\"all\" \/> \t\t\t\t\t\t<link rel=\"stylesheet\" id=\"wd-mod-highlighted-text-css\" href=\"https:\/\/tkspro.eu\/wp-content\/themes\/woodmart\/css\/parts\/mod-highlighted-text.min.css?ver=7.5.2\" type=\"text\/css\" media=\"all\" \/> \t\t\t\n\t\t<div id=\"wd-66feca3f09407\" class=\"title-wrapper wd-wpb set-mb-s reset-last-child  wd-rs-66feca3f09407 wd-title-color-default wd-title-style-default text-left vc_custom_1727973955232 wd-width-custom wd-underline-colored\">\n\t\t\t\n\t\t\t<div class=\"liner-continer\">\n\t\t\t\t<h2 class=\"woodmart-title-container title  wd-font-weight- wd-fontsize-l\" >Dienstleistungen und Nachr\u00fcstungen f\u00fcr Steuerungssysteme<\/h2>\n\t\t\t\t\t\t\t<\/div>\n\t\t\t\n\t\t\t\n\t\t\t\n\t\t<\/div>\n\t\t\n\t\t\t\t\t<link rel=\"stylesheet\" id=\"wd-text-block-css\" href=\"https:\/\/tkspro.eu\/wp-content\/themes\/woodmart\/css\/parts\/el-text-block.min.css?ver=7.5.2\" type=\"text\/css\" media=\"all\" \/> \t\t\t\t\t<div id=\"wd-66d9a0f284b39\" class=\"wd-text-block wd-wpb reset-last-child wd-rs-66d9a0f284b39 text-left \">\n\t\t\t<p>Eine Nachr\u00fcstung ist eine kosteng\u00fcnstige Methode, um die Produktivit\u00e4t und Steuerbarkeit Ihrer Gasturbine zu steigern. Die Fachleute von TKS PRO k\u00f6nnen eine Nachr\u00fcstung durchf\u00fchren, um die Leistung und Effizienz zu verbessern. Wir sorgen f\u00fcr den korrekten Austausch der Teile und die ordnungsgem\u00e4\u00dfe Installation der Software. Unsere L\u00f6sungen sind sowohl f\u00fcr aeroderivative als auch f\u00fcr schwerlastige Gasturbinen geeignet.<\/p>\n\t\t<\/div>\n\t\t[\/vc_column][\/vc_row][vc_row content_placement=&#8220;middle&#8220; css=&#8220;.vc_custom_1727973982296{margin-top: 40px !important;margin-bottom: 40px !important;}&#8220; woodmart_box_shadow=&#8220;no&#8220; wd_z_index=&#8220;no&#8220; woodmart_css_id=&#8220;66feca4d6e5db&#8220; responsive_spacing=&#8220;eyJwYXJhbV90eXBlIjoid29vZG1hcnRfcmVzcG9uc2l2ZV9zcGFjaW5nIiwic2VsZWN0b3JfaWQiOiI2NmZlY2E0ZDZlNWRiIiwic2hvcnRjb2RlIjoidmNfcm93IiwiZGF0YSI6eyJ0YWJsZXQiOnsibWFyZ2luLXRvcCI6IjMwIn0sIm1vYmlsZSI6eyJtYXJnaW4tdG9wIjoiMjAifX19&#8243; mobile_bg_img_hidden=&#8220;no&#8220; tablet_bg_img_hidden=&#8220;no&#8220; woodmart_parallax=&#8220;0&#8243; woodmart_gradient_switch=&#8220;no&#8220; row_reverse_mobile=&#8220;0&#8243; row_reverse_tablet=&#8220;0&#8243; woodmart_disable_overflow=&#8220;0&#8243;][vc_column css=&#8220;.vc_custom_1496394309784{padding-top: 0px !important;}&#8220; offset=&#8220;vc_col-md-6 vc_col-xs-12&#8243;]\t\t<div id=\"wd-66feca88018f7\" class=\"wd-image wd-wpb wd-rs-66feca88018f7 text-center \">\n\t\t\t\n\t\t\t<img loading=\"lazy\" decoding=\"async\" width=\"1000\" height=\"667\" src=\"https:\/\/tkspro.eu\/wp-content\/uploads\/2024\/10\/7.2-Gas-Turbine-Overhaul.jpg\" class=\"attachment-full size-full\" alt=\"Gas Turbine Overhaul - TKS PRO Gmbh (Turbo Kompressor Service)\" srcset=\"https:\/\/tkspro.eu\/wp-content\/uploads\/2024\/10\/7.2-Gas-Turbine-Overhaul.jpg 1000w, https:\/\/tkspro.eu\/wp-content\/uploads\/2024\/10\/7.2-Gas-Turbine-Overhaul-400x267.jpg 400w, https:\/\/tkspro.eu\/wp-content\/uploads\/2024\/10\/7.2-Gas-Turbine-Overhaul-768x512.jpg 768w, https:\/\/tkspro.eu\/wp-content\/uploads\/2024\/10\/7.2-Gas-Turbine-Overhaul-430x287.jpg 430w, https:\/\/tkspro.eu\/wp-content\/uploads\/2024\/10\/7.2-Gas-Turbine-Overhaul-700x467.jpg 700w, https:\/\/tkspro.eu\/wp-content\/uploads\/2024\/10\/7.2-Gas-Turbine-Overhaul-150x100.jpg 150w\" sizes=\"auto, (max-width: 1000px) 100vw, 1000px\" \/>\n\t\t\t\t\t<\/div>\n\t\t[\/vc_column][vc_column offset=&#8220;vc_col-md-6 vc_col-xs-12&#8243;]\t\t<div id=\"wd-66d9a0bb5df30\" class=\"wd-text-block wd-wpb reset-last-child wd-rs-66d9a0bb5df30 text-left \">\n\t\t\t<h3>Die Vorteile:<\/h3>\n<h3><\/h3>\n\t\t<\/div>\n\t\t\t\t\t<link rel=\"stylesheet\" id=\"wd-list-css\" href=\"https:\/\/tkspro.eu\/wp-content\/themes\/woodmart\/css\/parts\/el-list.min.css?ver=7.5.2\" type=\"text\/css\" media=\"all\" \/> \t\t\t\n\t\t<ul class=\" wd-rs-66d9a0cc4186c wd-list wd-wpb color-scheme- wd-fontsize-s wd-list-type-icon wd-list-style-default wd-justify-left \" id=\"wd-66d9a0cc4186c\">\n\t\t\t\t\t\t\t\t\t\t\t<li>\n\t\t\t\t\t<span class=\"list-icon wd-icon fas fa-check\"><\/span>\n\t\t\t\t\t<span class=\"list-content\">Kosteneinsparungen mit einer k\u00fcrzeren Amortisationszeit im Vergleich zum Kauf einer neuen Turbine<\/span>\n\t\t\t\t\t\t\t\t\t<\/li>\n\t\t\t\t\t\t\t\t\t\t\t<li>\n\t\t\t\t\t<span class=\"list-icon wd-icon fas fa-check\"><\/span>\n\t\t\t\t\t<span class=\"list-content\">Reduzierung ungeplanter Ausfallzeiten<\/span>\n\t\t\t\t\t\t\t\t\t<\/li>\n\t\t\t\t\t\t\t\t\t\t\t<li>\n\t\t\t\t\t<span class=\"list-icon wd-icon fas fa-check\"><\/span>\n\t\t\t\t\t<span class=\"list-content\">Verbesserte Sicherheit<\/span>\n\t\t\t\t\t\t\t\t\t<\/li>\n\t\t\t\t\t\t\t\t\t\t\t<li>\n\t\t\t\t\t<span class=\"list-icon wd-icon fas fa-check\"><\/span>\n\t\t\t\t\t<span class=\"list-content\">Geringere Abgasemissionen<\/span>\n\t\t\t\t\t\t\t\t\t<\/li>\n\t\t\t\t\t<\/ul>\n\t\t[\/vc_column][\/vc_row]<\/p>\n<\/div>","protected":false},"excerpt":{"rendered":"<p>[vc_row][vc_column][\/vc_column][\/vc_row][vc_row content_placement=&#8220;middle&#8220; css=&#8220;.vc_custom_1727973982296{margin-top: 40px !important;margin-bottom: 40px !important;}&#8220; woodmart_box_shadow=&#8220;no&#8220; wd_z_index=&#8220;no&#8220; woodmart_css_id=&#8220;66feca4d6e5db&#8220; responsive_spacing=&#8220;eyJwYXJhbV90eXBlIjoid29vZG1hcnRfcmVzcG9uc2l2ZV9zcGFjaW5nIiwic2VsZWN0b3JfaWQiOiI2NmZlY2E0ZDZlNWRiIiwic2hvcnRjb2RlIjoidmNfcm93IiwiZGF0YSI6eyJ0YWJsZXQiOnsibWFyZ2luLXRvcCI6IjMwIn0sIm1vYmlsZSI6eyJtYXJnaW4tdG9wIjoiMjAifX19&#8243; mobile_bg_img_hidden=&#8220;no&#8220; tablet_bg_img_hidden=&#8220;no&#8220; woodmart_parallax=&#8220;0&#8243; woodmart_gradient_switch=&#8220;no&#8220; row_reverse_mobile=&#8220;0&#8243; row_reverse_tablet=&#8220;0&#8243; woodmart_disable_overflow=&#8220;0&#8243;][vc_column css=&#8220;.vc_custom_1496394309784{padding-top: 0px<\/p>\n","protected":false},"author":1,"featured_media":0,"parent":11380,"menu_order":0,"comment_status":"closed","ping_status":"closed","template":"","meta":{"footnotes":""},"class_list":["post-11390","page","type-page","status-publish","hentry"],"_links":{"self":[{"href":"https:\/\/tkspro.eu\/de\/wp-json\/wp\/v2\/pages\/11390","targetHints":{"allow":["GET"]}}],"collection":[{"href":"https:\/\/tkspro.eu\/de\/wp-json\/wp\/v2\/pages"}],"about":[{"href":"https:\/\/tkspro.eu\/de\/wp-json\/wp\/v2\/types\/page"}],"author":[{"embeddable":true,"href":"https:\/\/tkspro.eu\/de\/wp-json\/wp\/v2\/users\/1"}],"replies":[{"embeddable":true,"href":"https:\/\/tkspro.eu\/de\/wp-json\/wp\/v2\/comments?post=11390"}],"version-history":[{"count":0,"href":"https:\/\/tkspro.eu\/de\/wp-json\/wp\/v2\/pages\/11390\/revisions"}],"up":[{"embeddable":true,"href":"https:\/\/tkspro.eu\/de\/wp-json\/wp\/v2\/pages\/11380"}],"wp:attachment":[{"href":"https:\/\/tkspro.eu\/de\/wp-json\/wp\/v2\/media?parent=11390"}],"curies":[{"name":"wp","href":"https:\/\/api.w.org\/{rel}","templated":true}]}}