{"id":11386,"date":"2024-08-31T20:35:36","date_gmt":"2024-08-31T18:35:36","guid":{"rendered":"https:\/\/tkspro.eu\/dienstleistungen\/ueberholung-von-gasturbinen\/inbetriebnahme\/"},"modified":"2024-10-09T00:17:30","modified_gmt":"2024-10-08T22:17:30","slug":"inbetriebnahme","status":"publish","type":"page","link":"https:\/\/tkspro.eu\/de\/dienstleistungen\/ueberholung-von-gasturbinen\/inbetriebnahme\/","title":{"rendered":"Inbetriebnahme"},"content":{"rendered":"<div class=\"wpb-content-wrapper\"><p>[vc_row][vc_column]\t\t<div id=\"wd-67038045a993c\" class=\"wd-image wd-wpb wd-rs-67038045a993c text-center \">\n\t\t\t\n\t\t\t<img loading=\"lazy\" decoding=\"async\" width=\"1222\" height=\"300\" src=\"https:\/\/tkspro.eu\/wp-content\/uploads\/2024\/10\/Gas-Turbine-Overhaul-Banner-2-1222x300.jpg\" class=\"attachment-1222x300 size-1222x300\" alt=\"Gas Turbine Overhaul - TKS PRO Gmbh (Turbo Kompressor Service)\" \/>\n\t\t\t\t\t<\/div>\n\t\t\t\t\t<link rel=\"stylesheet\" id=\"wd-section-title-css\" href=\"https:\/\/tkspro.eu\/wp-content\/themes\/woodmart\/css\/parts\/el-section-title.min.css?ver=7.5.2\" type=\"text\/css\" media=\"all\" \/> \t\t\t\t\t\t<link rel=\"stylesheet\" id=\"wd-mod-highlighted-text-css\" href=\"https:\/\/tkspro.eu\/wp-content\/themes\/woodmart\/css\/parts\/mod-highlighted-text.min.css?ver=7.5.2\" type=\"text\/css\" media=\"all\" \/> \t\t\t\n\t\t<div id=\"wd-66d99e33060fb\" class=\"title-wrapper wd-wpb set-mb-s reset-last-child  wd-rs-66d99e33060fb wd-title-color-default wd-title-style-default text-left vc_custom_1725537849960 wd-width-custom wd-underline-colored\">\n\t\t\t\n\t\t\t<div class=\"liner-continer\">\n\t\t\t\t<h2 class=\"woodmart-title-container title  wd-font-weight- wd-fontsize-l\" >Inbetriebnahme<\/h2>\n\t\t\t\t\t\t\t<\/div>\n\t\t\t\n\t\t\t\n\t\t\t\n\t\t<\/div>\n\t\t\n\t\t\t\t\t<link rel=\"stylesheet\" id=\"wd-text-block-css\" href=\"https:\/\/tkspro.eu\/wp-content\/themes\/woodmart\/css\/parts\/el-text-block.min.css?ver=7.5.2\" type=\"text\/css\" media=\"all\" \/> \t\t\t\t\t<div id=\"wd-66d99e525a013\" class=\"wd-text-block wd-wpb reset-last-child wd-rs-66d99e525a013 text-left \">\n\t\t\t<p>Bei TKS Pro bringt unser Team von hochmotivierten und qualifizierten Ingenieuren jahrelange Erfahrung in Installation und Inbetriebnahme mit.<\/p>\n<p>Die ordnungsgem\u00e4\u00dfe Inbetriebnahme einer Gasturbine umfasst eine umfassende Reihe von Pr\u00fcfungen, Tests und Feinabstimmungen der verschiedenen Systeme, um optimale Leistung zu gew\u00e4hrleisten und gleichzeitig die Haltbarkeit und Zuverl\u00e4ssigkeit der Einheit und ihrer Komponenten zu erhalten. Jedes einzelne System, einschlie\u00dflich der Steuerungs- und Schaltanlagen, wird systematisch \u00fcberpr\u00fcft, um die volle Funktionalit\u00e4t zu gew\u00e4hrleisten.<\/p>\n\t\t<\/div>\n\t\t[\/vc_column][\/vc_row][vc_row content_placement=&#8220;middle&#8220; woodmart_box_shadow=&#8220;no&#8220; wd_z_index=&#8220;no&#8220; woodmart_css_id=&#8220;66fecd63a2fca&#8220; responsive_spacing=&#8220;eyJwYXJhbV90eXBlIjoid29vZG1hcnRfcmVzcG9uc2l2ZV9zcGFjaW5nIiwic2VsZWN0b3JfaWQiOiI2NmZlY2Q2M2EyZmNhIiwic2hvcnRjb2RlIjoidmNfcm93IiwiZGF0YSI6eyJ0YWJsZXQiOnsibWFyZ2luLXRvcCI6IjMwIn0sIm1vYmlsZSI6eyJtYXJnaW4tdG9wIjoiMjAifX19&#8243; mobile_bg_img_hidden=&#8220;no&#8220; tablet_bg_img_hidden=&#8220;no&#8220; woodmart_parallax=&#8220;0&#8243; woodmart_gradient_switch=&#8220;no&#8220; row_reverse_mobile=&#8220;0&#8243; row_reverse_tablet=&#8220;0&#8243; woodmart_disable_overflow=&#8220;0&#8243; css=&#8220;.vc_custom_1727974770759{margin-top: 40px !important;}&#8220;][vc_column css=&#8220;.vc_custom_1496394309784{padding-top: 0px !important;}&#8220; offset=&#8220;vc_col-md-6 vc_col-xs-12&#8243;]\t\t<div id=\"wd-66fecde86c158\" class=\"wd-image wd-wpb wd-rs-66fecde86c158 text-left \">\n\t\t\t\n\t\t\t<img loading=\"lazy\" decoding=\"async\" width=\"1000\" height=\"668\" src=\"https:\/\/tkspro.eu\/wp-content\/uploads\/2024\/10\/5.2-Overhaul-of-Compressor-Equipment.jpg\" class=\"attachment-full size-full\" alt=\"Overhaul of Compressor Equipment - TKS PRO Gmbh (Turbo Kompressor Service)\" srcset=\"https:\/\/tkspro.eu\/wp-content\/uploads\/2024\/10\/5.2-Overhaul-of-Compressor-Equipment.jpg 1000w, https:\/\/tkspro.eu\/wp-content\/uploads\/2024\/10\/5.2-Overhaul-of-Compressor-Equipment-400x267.jpg 400w, https:\/\/tkspro.eu\/wp-content\/uploads\/2024\/10\/5.2-Overhaul-of-Compressor-Equipment-768x513.jpg 768w, https:\/\/tkspro.eu\/wp-content\/uploads\/2024\/10\/5.2-Overhaul-of-Compressor-Equipment-430x287.jpg 430w, https:\/\/tkspro.eu\/wp-content\/uploads\/2024\/10\/5.2-Overhaul-of-Compressor-Equipment-700x468.jpg 700w, https:\/\/tkspro.eu\/wp-content\/uploads\/2024\/10\/5.2-Overhaul-of-Compressor-Equipment-150x100.jpg 150w\" sizes=\"auto, (max-width: 1000px) 100vw, 1000px\" \/>\n\t\t\t\t\t<\/div>\n\t\t[\/vc_column][vc_column offset=&#8220;vc_col-md-6 vc_col-xs-12&#8243;]\t\t<div id=\"wd-66d99e9634b67\" class=\"wd-text-block wd-wpb reset-last-child wd-rs-66d99e9634b67 text-left \">\n\t\t\t<p>Erst nachdem alle Systeme gr\u00fcndlich getestet und validiert wurden, gehen wir zur n\u00e4chsten Phase \u00fcber\u2014dem Start und Betrieb der Gasturbine. Dieser Prozess umfasst pr\u00e4zise, schrittweise \u00dcberpr\u00fcfungen aller kritischen Systeme, wobei ein besonderes Augenmerk auf die sicherheitsrelevanten Funktionen und Systeme gelegt wird, da dies der \u00dcbergang zu einem &#8222;lebenden&#8220; Betriebszustand ist. Diese Schritte sind entscheidend, um sicherzustellen, dass die Systeme zuverl\u00e4ssig funktionieren, wann immer sie ben\u00f6tigt werden.  <\/p>\n<p>Nach Abschluss dieses Prozesses und einem erfolgreichen Start der Einheit \u00fcberwachen unsere Ingenieure den Betrieb der Gasturbine, um sicherzustellen, dass alle Systeme ordnungsgem\u00e4\u00df funktionieren und alle Motorparameter innerhalb der Betriebsgrenzen liegen. Dies umfasst umfassende \u00dcberpr\u00fcfungen, um sicherzustellen, dass keine Lecks oder andere Unregelm\u00e4\u00dfigkeiten vorliegen. <\/p>\n<p>Sollten unerwartete Probleme auftreten, werden unsere Ingenieure die notwendigen Schritte einleiten, um die Situation zu beheben. Dies kann die Kommunikation kritischer Informationen an das TKS Pro Technical Support Team zur fachkundigen Analyse und Unterst\u00fctzung beinhalten.<\/p>\n\t\t<\/div>\n\t\t[\/vc_column][\/vc_row][vc_row css=&#8220;.vc_custom_1727974849972{margin-top: 40px !important;}&#8220; woodmart_css_id=&#8220;66fecdb4f27af&#8220; responsive_spacing=&#8220;eyJwYXJhbV90eXBlIjoid29vZG1hcnRfcmVzcG9uc2l2ZV9zcGFjaW5nIiwic2VsZWN0b3JfaWQiOiI2NmZlY2RiNGYyN2FmIiwic2hvcnRjb2RlIjoidmNfcm93IiwiZGF0YSI6eyJ0YWJsZXQiOnsibWFyZ2luLXRvcCI6IjMwIn0sIm1vYmlsZSI6eyJtYXJnaW4tdG9wIjoiMjAifX19&#8243; mobile_bg_img_hidden=&#8220;no&#8220; tablet_bg_img_hidden=&#8220;no&#8220; woodmart_parallax=&#8220;0&#8243; woodmart_gradient_switch=&#8220;no&#8220; woodmart_box_shadow=&#8220;no&#8220; wd_z_index=&#8220;no&#8220; woodmart_disable_overflow=&#8220;0&#8243; row_reverse_mobile=&#8220;0&#8243; row_reverse_tablet=&#8220;0&#8243;][vc_column]\t\t<div id=\"wd-66fecda69dc93\" class=\"wd-text-block wd-wpb reset-last-child wd-rs-66fecda69dc93 text-left \">\n\t\t\t<p>Nach erfolgreicher Inbetriebnahme der Gasturbine werden unsere Inbetriebnahmeingenieure eine sichere und geordnete \u00dcbergabe der Einheit an Ihr Betriebsteam durchf\u00fchren. Bei TKS Pro ist es unser Ziel, unseren Kunden ein sicheres und voll funktionsf\u00e4higes System zu liefern, das durch fortlaufende Echtzeit-Unterst\u00fctzung abgesichert ist, um die Langlebigkeit Ihrer Anlage, Ausr\u00fcstung und Kundenservice zu gew\u00e4hrleisten.<\/p>\n\t\t<\/div>\n\t\t[\/vc_column][\/vc_row]<\/p>\n<\/div>","protected":false},"excerpt":{"rendered":"<p>[vc_row][vc_column][\/vc_column][\/vc_row][vc_row content_placement=&#8220;middle&#8220; woodmart_box_shadow=&#8220;no&#8220; wd_z_index=&#8220;no&#8220; woodmart_css_id=&#8220;66fecd63a2fca&#8220; responsive_spacing=&#8220;eyJwYXJhbV90eXBlIjoid29vZG1hcnRfcmVzcG9uc2l2ZV9zcGFjaW5nIiwic2VsZWN0b3JfaWQiOiI2NmZlY2Q2M2EyZmNhIiwic2hvcnRjb2RlIjoidmNfcm93IiwiZGF0YSI6eyJ0YWJsZXQiOnsibWFyZ2luLXRvcCI6IjMwIn0sIm1vYmlsZSI6eyJtYXJnaW4tdG9wIjoiMjAifX19&#8243; mobile_bg_img_hidden=&#8220;no&#8220; tablet_bg_img_hidden=&#8220;no&#8220; woodmart_parallax=&#8220;0&#8243; woodmart_gradient_switch=&#8220;no&#8220; row_reverse_mobile=&#8220;0&#8243; row_reverse_tablet=&#8220;0&#8243; woodmart_disable_overflow=&#8220;0&#8243; css=&#8220;.vc_custom_1727974770759{margin-top: 40px !important;}&#8220;][vc_column css=&#8220;.vc_custom_1496394309784{padding-top: 0px !important;}&#8220; offset=&#8220;vc_col-md-6<\/p>\n","protected":false},"author":1,"featured_media":0,"parent":11380,"menu_order":0,"comment_status":"closed","ping_status":"closed","template":"","meta":{"footnotes":""},"class_list":["post-11386","page","type-page","status-publish","hentry"],"_links":{"self":[{"href":"https:\/\/tkspro.eu\/de\/wp-json\/wp\/v2\/pages\/11386","targetHints":{"allow":["GET"]}}],"collection":[{"href":"https:\/\/tkspro.eu\/de\/wp-json\/wp\/v2\/pages"}],"about":[{"href":"https:\/\/tkspro.eu\/de\/wp-json\/wp\/v2\/types\/page"}],"author":[{"embeddable":true,"href":"https:\/\/tkspro.eu\/de\/wp-json\/wp\/v2\/users\/1"}],"replies":[{"embeddable":true,"href":"https:\/\/tkspro.eu\/de\/wp-json\/wp\/v2\/comments?post=11386"}],"version-history":[{"count":0,"href":"https:\/\/tkspro.eu\/de\/wp-json\/wp\/v2\/pages\/11386\/revisions"}],"up":[{"embeddable":true,"href":"https:\/\/tkspro.eu\/de\/wp-json\/wp\/v2\/pages\/11380"}],"wp:attachment":[{"href":"https:\/\/tkspro.eu\/de\/wp-json\/wp\/v2\/media?parent=11386"}],"curies":[{"name":"wp","href":"https:\/\/api.w.org\/{rel}","templated":true}]}}