{"id":11384,"date":"2024-08-31T19:16:33","date_gmt":"2024-08-31T17:16:33","guid":{"rendered":"https:\/\/tkspro.eu\/dienstleistungen\/ueberholung-von-gasturbinen\/boreskop-inspektion\/"},"modified":"2024-10-09T00:14:58","modified_gmt":"2024-10-08T22:14:58","slug":"boreskop-inspektion","status":"publish","type":"page","link":"https:\/\/tkspro.eu\/de\/dienstleistungen\/ueberholung-von-gasturbinen\/boreskop-inspektion\/","title":{"rendered":"Boreskop-Inspektion"},"content":{"rendered":"<div class=\"wpb-content-wrapper\"><p>[vc_row][vc_column]\t\t<div id=\"wd-6703800071eb5\" class=\"wd-image wd-wpb wd-rs-6703800071eb5 text-center \">\n\t\t\t\n\t\t\t<img loading=\"lazy\" decoding=\"async\" width=\"1222\" height=\"300\" src=\"https:\/\/tkspro.eu\/wp-content\/uploads\/2024\/10\/Gas-Turbine-Overhaul-Banner-2-1222x300.jpg\" class=\"attachment-1222x300 size-1222x300\" alt=\"Gas Turbine Overhaul - TKS PRO Gmbh (Turbo Kompressor Service)\" \/>\n\t\t\t\t\t<\/div>\n\t\t\t\t\t<link rel=\"stylesheet\" id=\"wd-section-title-css\" href=\"https:\/\/tkspro.eu\/wp-content\/themes\/woodmart\/css\/parts\/el-section-title.min.css?ver=7.5.2\" type=\"text\/css\" media=\"all\" \/> \t\t\t\t\t\t<link rel=\"stylesheet\" id=\"wd-mod-highlighted-text-css\" href=\"https:\/\/tkspro.eu\/wp-content\/themes\/woodmart\/css\/parts\/mod-highlighted-text.min.css?ver=7.5.2\" type=\"text\/css\" media=\"all\" \/> \t\t\t\n\t\t<div id=\"wd-66d99de6e6802\" class=\"title-wrapper wd-wpb set-mb-s reset-last-child  wd-rs-66d99de6e6802 wd-title-color-default wd-title-style-default text-left vc_custom_1725537772910 wd-width-custom wd-underline-colored\">\n\t\t\t\n\t\t\t<div class=\"liner-continer\">\n\t\t\t\t<h2 class=\"woodmart-title-container title  wd-font-weight- wd-fontsize-l\" >Boreskop-Inspektion<\/h2>\n\t\t\t\t\t\t\t<\/div>\n\t\t\t\n\t\t\t\n\t\t\t\n\t\t<\/div>\n\t\t\n\t\t\t\t\t<link rel=\"stylesheet\" id=\"wd-text-block-css\" href=\"https:\/\/tkspro.eu\/wp-content\/themes\/woodmart\/css\/parts\/el-text-block.min.css?ver=7.5.2\" type=\"text\/css\" media=\"all\" \/> \t\t\t\t\t<div id=\"wd-66d34fa52fb2e\" class=\"wd-text-block wd-wpb reset-last-child wd-rs-66d34fa52fb2e text-left wd-fontsize-custom \">\n\t\t\t<p>Die TKS Pro Boreskop-Inspektion (BI) wird durchgef\u00fchrt, um den Zustand der internen Komponenten Ihrer Gasturbine zu bewerten, ohne dass eine Demontage erforderlich ist.<\/p>\n<p>Durch die Durchf\u00fchrung einer Boreskop-Inspektion k\u00f6nnen Sie den aktuellen Zustand Ihrer Anlage beurteilen und die Wartung oder Reparaturen entsprechend planen. Dieser proaktive Ansatz erh\u00f6ht die Verf\u00fcgbarkeit der Turbine, minimiert Ausfallzeiten und senkt Reparaturkosten. Das Auslassen dieser Inspektion k\u00f6nnte zu Ausf\u00e4llen und gef\u00e4hrlichen Situationen f\u00fchren. Je nach Modell der Gasturbine wird eine geplante Boreskop-Inspektion alle 4.000 bis 8.000 Stunden oder j\u00e4hrlich (je nachdem, was zuerst eintritt) empfohlen, um potenzielle Probleme zu vermeiden.<\/p>\n\t\t<\/div>\n\t\t[\/vc_column][\/vc_row][vc_row content_placement=&#8220;middle&#8220; woodmart_css_id=&#8220;66fec93655ea3&#8243; responsive_spacing=&#8220;eyJwYXJhbV90eXBlIjoid29vZG1hcnRfcmVzcG9uc2l2ZV9zcGFjaW5nIiwic2VsZWN0b3JfaWQiOiI2NmZlYzkzNjU1ZWEzIiwic2hvcnRjb2RlIjoidmNfcm93IiwiZGF0YSI6eyJ0YWJsZXQiOnsibWFyZ2luLXRvcCI6IjMwcHgifSwibW9iaWxlIjp7Im1hcmdpbi10b3AiOiIyMHB4In19fQ==&#8220; mobile_bg_img_hidden=&#8220;no&#8220; tablet_bg_img_hidden=&#8220;no&#8220; woodmart_parallax=&#8220;0&#8243; woodmart_gradient_switch=&#8220;no&#8220; woodmart_box_shadow=&#8220;no&#8220; wd_z_index=&#8220;no&#8220; woodmart_disable_overflow=&#8220;0&#8243; row_reverse_mobile=&#8220;0&#8243; row_reverse_tablet=&#8220;0&#8243; css=&#8220;.vc_custom_1727973691473{margin-top: 40px !important;}&#8220;][vc_column offset=&#8220;vc_col-md-6 vc_col-xs-12&#8243; woodmart_css_id=&#8220;66fec91d0b33c&#8220; parallax_scroll=&#8220;no&#8220; woodmart_sticky_column=&#8220;false&#8220; wd_collapsible_content_switcher=&#8220;no&#8220; wd_column_role_offcanvas_desktop=&#8220;no&#8220; wd_column_role_offcanvas_tablet=&#8220;no&#8220; wd_column_role_offcanvas_mobile=&#8220;no&#8220; wd_column_role_content_desktop=&#8220;no&#8220; wd_column_role_content_tablet=&#8220;no&#8220; wd_column_role_content_mobile=&#8220;no&#8220; mobile_bg_img_hidden=&#8220;no&#8220; tablet_bg_img_hidden=&#8220;no&#8220; woodmart_parallax=&#8220;0&#8243; woodmart_box_shadow=&#8220;no&#8220; responsive_spacing=&#8220;eyJwYXJhbV90eXBlIjoid29vZG1hcnRfcmVzcG9uc2l2ZV9zcGFjaW5nIiwic2VsZWN0b3JfaWQiOiI2NmZlYzkxZDBiMzNjIiwic2hvcnRjb2RlIjoidmNfY29sdW1uIiwiZGF0YSI6eyJ0YWJsZXQiOnt9LCJtb2JpbGUiOnt9fX0=&#8220; mobile_reset_margin=&#8220;no&#8220; tablet_reset_margin=&#8220;no&#8220; wd_z_index=&#8220;no&#8220;]\t\t<div id=\"wd-66fec9403d6cc\" class=\"wd-image wd-wpb wd-rs-66fec9403d6cc text-center \">\n\t\t\t\n\t\t\t<img loading=\"lazy\" decoding=\"async\" width=\"1280\" height=\"958\" src=\"https:\/\/tkspro.eu\/wp-content\/uploads\/2024\/08\/Portfolio-Gallery-Image-1-1.jpg\" class=\"attachment-full size-full\" alt=\"TKS Pro - Our work Boeing aircraft engine repair\" srcset=\"https:\/\/tkspro.eu\/wp-content\/uploads\/2024\/08\/Portfolio-Gallery-Image-1-1.jpg 1280w, https:\/\/tkspro.eu\/wp-content\/uploads\/2024\/08\/Portfolio-Gallery-Image-1-1-430x322.jpg 430w, https:\/\/tkspro.eu\/wp-content\/uploads\/2024\/08\/Portfolio-Gallery-Image-1-1-150x112.jpg 150w, https:\/\/tkspro.eu\/wp-content\/uploads\/2024\/08\/Portfolio-Gallery-Image-1-1-700x524.jpg 700w, https:\/\/tkspro.eu\/wp-content\/uploads\/2024\/08\/Portfolio-Gallery-Image-1-1-400x300.jpg 400w, https:\/\/tkspro.eu\/wp-content\/uploads\/2024\/08\/Portfolio-Gallery-Image-1-1-1069x800.jpg 1069w, https:\/\/tkspro.eu\/wp-content\/uploads\/2024\/08\/Portfolio-Gallery-Image-1-1-768x575.jpg 768w\" sizes=\"auto, (max-width: 1280px) 100vw, 1280px\" \/>\n\t\t\t\t\t<\/div>\n\t\t\t\t<div id=\"wd-66d99beac3fcb\" class=\"wd-text-block wd-wpb reset-last-child wd-rs-66d99beac3fcb text-left \">\n\t\t\t\t\t<\/div>\n\t\t[\/vc_column][vc_column offset=&#8220;vc_col-md-6 vc_col-xs-12&#8243; woodmart_css_id=&#8220;66fec90c69f08&#8243; parallax_scroll=&#8220;no&#8220; woodmart_sticky_column=&#8220;false&#8220; wd_collapsible_content_switcher=&#8220;no&#8220; wd_column_role_offcanvas_desktop=&#8220;no&#8220; wd_column_role_offcanvas_tablet=&#8220;no&#8220; wd_column_role_offcanvas_mobile=&#8220;no&#8220; wd_column_role_content_desktop=&#8220;no&#8220; wd_column_role_content_tablet=&#8220;no&#8220; wd_column_role_content_mobile=&#8220;no&#8220; mobile_bg_img_hidden=&#8220;no&#8220; tablet_bg_img_hidden=&#8220;no&#8220; woodmart_parallax=&#8220;0&#8243; woodmart_box_shadow=&#8220;no&#8220; responsive_spacing=&#8220;eyJwYXJhbV90eXBlIjoid29vZG1hcnRfcmVzcG9uc2l2ZV9zcGFjaW5nIiwic2VsZWN0b3JfaWQiOiI2NmZlYzkwYzY5ZjA4Iiwic2hvcnRjb2RlIjoidmNfY29sdW1uIiwiZGF0YSI6eyJ0YWJsZXQiOnt9LCJtb2JpbGUiOnt9fX0=&#8220; mobile_reset_margin=&#8220;no&#8220; tablet_reset_margin=&#8220;no&#8220; wd_z_index=&#8220;no&#8220;]\t\t<div id=\"wd-66d99defc35c0\" class=\"wd-text-block wd-wpb reset-last-child wd-rs-66d99defc35c0 text-left \">\n\t\t\t<h3>Funktionsweise<\/h3>\n<p>Ein Boreskop ist ein optisches Ger\u00e4t, das in Ihre Gasturbine eingef\u00fchrt werden kann, ohne dass eine Demontage erforderlich ist. Mit einem flexiblen Schlauch, an dessen Ende sich eine Kamera befindet, k\u00f6nnen unsere erfahrenen Ingenieure durch enge Bereiche der Turbine navigieren. Die aufgenommenen hochaufl\u00f6senden Bilder zeigen selbst kleinste Unregelm\u00e4\u00dfigkeiten. Unser BI-Bericht beschreibt den Zustand jedes Teils Ihrer Gasturbine, erg\u00e4nzt durch fotografische Beweise. Diese Informationen dienen als zuverl\u00e4ssige Grundlage f\u00fcr Ihre Wartungsentscheidungen.    <\/p>\n<p>Mit dieser Inspektion k\u00f6nnen wir potenzielle Probleme fr\u00fchzeitig erkennen, bevor sie zu ernsthaften Sch\u00e4den oder einem vollst\u00e4ndigen Ausfall Ihrer Anlage f\u00fchren.<\/p>\n<h3>Reparatur\/Motortausch<\/h3>\n<p>Unsere Feldingenieure k\u00f6nnen besch\u00e4digte Teile vor Ort reparieren oder ersetzen. Bei umfangreichen Sch\u00e4den oder langer Reparaturdauer k\u00f6nnen wir einen Motortausch vornehmen und Ihre Gasturbine in unserer Werkstatt reparieren, die f\u00fcr alle Arten von Aeroderivative- und Heavy-Duty-Gasturbinen ausgestattet ist. <\/p>\n<p>Mit unserem gro\u00dfen Lagerbestand an hochwertigen Ersatzteilen k\u00f6nnen wir Ihnen brandneue oder general\u00fcberholte Komponenten anbieten, die umfassend dokumentiert, inspiziert und getestet wurden.<\/p>\n\t\t<\/div>\n\t\t[\/vc_column][\/vc_row][vc_row content_placement=&#8220;middle&#8220; css=&#8220;.vc_custom_1727973746025{margin-top: 40px !important;}&#8220; woodmart_css_id=&#8220;66fec96338880&#8243; responsive_spacing=&#8220;eyJwYXJhbV90eXBlIjoid29vZG1hcnRfcmVzcG9uc2l2ZV9zcGFjaW5nIiwic2VsZWN0b3JfaWQiOiI2NmZlYzk2MzM4ODgwIiwic2hvcnRjb2RlIjoidmNfcm93IiwiZGF0YSI6eyJ0YWJsZXQiOnsibWFyZ2luLXRvcCI6IjMwIn0sIm1vYmlsZSI6eyJtYXJnaW4tdG9wIjoiMjAifX19&#8243; mobile_bg_img_hidden=&#8220;no&#8220; tablet_bg_img_hidden=&#8220;no&#8220; woodmart_parallax=&#8220;0&#8243; woodmart_gradient_switch=&#8220;no&#8220; woodmart_box_shadow=&#8220;no&#8220; wd_z_index=&#8220;no&#8220; woodmart_disable_overflow=&#8220;0&#8243; row_reverse_mobile=&#8220;0&#8243; row_reverse_tablet=&#8220;0&#8243;][vc_column width=&#8220;1\/2&#8243;]\t\t<div id=\"wd-66d99df831f8c\" class=\"wd-text-block wd-wpb reset-last-child wd-rs-66d99df831f8c text-left \">\n\t\t\t<h3>Servicevertr\u00e4ge (LTSA, MYA, FWA)<\/h3>\n<p>Wir bieten auch Servicevertr\u00e4ge an, die umfassende Unterst\u00fctzung einschlie\u00dflich garantierter Verf\u00fcgbarkeit, fachkundiger Beratung, regelm\u00e4\u00dfiger Inspektionen, Wartung und Reparaturen f\u00fcr Ihre Gasturbinen und Zusatzsysteme bieten. Die Boreskop-Inspektion ist Bestandteil dieser Vertr\u00e4ge und stellt sicher, dass Ihre Turbinen kontinuierlich gewartet und gepflegt werden, um Ihre Betriebskosten zu optimieren. <\/p>\n<h3>Vorteile der BI<\/h3>\n\t\t<\/div>\n\t\t\t\t\t<link rel=\"stylesheet\" id=\"wd-list-css\" href=\"https:\/\/tkspro.eu\/wp-content\/themes\/woodmart\/css\/parts\/el-list.min.css?ver=7.5.2\" type=\"text\/css\" media=\"all\" \/> \t\t\t\n\t\t<ul class=\" wd-rs-66d9a00879a29 wd-list wd-wpb color-scheme- wd-fontsize-s wd-list-type-icon wd-list-style-default wd-justify-left \" id=\"wd-66d9a00879a29\">\n\t\t\t\t\t\t\t\t\t\t\t<li>\n\t\t\t\t\t<span class=\"list-icon wd-icon fas fa-check\"><\/span>\n\t\t\t\t\t<span class=\"list-content\">Keine Demontage Ihrer Gasturbine erforderlich<\/span>\n\t\t\t\t\t\t\t\t\t<\/li>\n\t\t\t\t\t\t\t\t\t\t\t<li>\n\t\t\t\t\t<span class=\"list-icon wd-icon fas fa-check\"><\/span>\n\t\t\t\t\t<span class=\"list-content\">Gr\u00fcndliche Inspektion<\/span>\n\t\t\t\t\t\t\t\t\t<\/li>\n\t\t\t\t\t\t\t\t\t\t\t<li>\n\t\t\t\t\t<span class=\"list-icon wd-icon fas fa-check\"><\/span>\n\t\t\t\t\t<span class=\"list-content\">Hochwertige Fotos und detaillierter Bericht<\/span>\n\t\t\t\t\t\t\t\t\t<\/li>\n\t\t\t\t\t\t\t\t\t\t\t<li>\n\t\t\t\t\t<span class=\"list-icon wd-icon fas fa-check\"><\/span>\n\t\t\t\t\t<span class=\"list-content\">Minimale Ausfallzeit<\/span>\n\t\t\t\t\t\t\t\t\t<\/li>\n\t\t\t\t\t\t\t\t\t\t\t<li>\n\t\t\t\t\t<span class=\"list-icon wd-icon fas fa-check\"><\/span>\n\t\t\t\t\t<span class=\"list-content\">Fr\u00fcherkennung potenzieller Probleme<\/span>\n\t\t\t\t\t\t\t\t\t<\/li>\n\t\t\t\t\t<\/ul>\n\t\t[\/vc_column][vc_column width=&#8220;1\/2&#8243;]\t\t<div id=\"wd-66fec9d97b739\" class=\"wd-image wd-wpb wd-rs-66fec9d97b739 text-center \">\n\t\t\t\n\t\t\t<img loading=\"lazy\" decoding=\"async\" width=\"1000\" height=\"667\" src=\"https:\/\/tkspro.eu\/wp-content\/uploads\/2024\/10\/Alignment-and-Corrective-Actions-3.jpg\" class=\"attachment-full size-full\" alt=\"Alignment and Corrective Actions - TKS PRO Gmbh (Turbo Kompressor Service)\" srcset=\"https:\/\/tkspro.eu\/wp-content\/uploads\/2024\/10\/Alignment-and-Corrective-Actions-3.jpg 1000w, https:\/\/tkspro.eu\/wp-content\/uploads\/2024\/10\/Alignment-and-Corrective-Actions-3-400x267.jpg 400w, https:\/\/tkspro.eu\/wp-content\/uploads\/2024\/10\/Alignment-and-Corrective-Actions-3-768x512.jpg 768w, https:\/\/tkspro.eu\/wp-content\/uploads\/2024\/10\/Alignment-and-Corrective-Actions-3-430x287.jpg 430w, https:\/\/tkspro.eu\/wp-content\/uploads\/2024\/10\/Alignment-and-Corrective-Actions-3-700x467.jpg 700w, https:\/\/tkspro.eu\/wp-content\/uploads\/2024\/10\/Alignment-and-Corrective-Actions-3-150x100.jpg 150w\" sizes=\"auto, (max-width: 1000px) 100vw, 1000px\" \/>\n\t\t\t\t\t<\/div>\n\t\t[\/vc_column][\/vc_row]<\/p>\n<\/div>","protected":false},"excerpt":{"rendered":"<p>[vc_row][vc_column][\/vc_column][\/vc_row][vc_row content_placement=&#8220;middle&#8220; woodmart_css_id=&#8220;66fec93655ea3&#8243; responsive_spacing=&#8220;eyJwYXJhbV90eXBlIjoid29vZG1hcnRfcmVzcG9uc2l2ZV9zcGFjaW5nIiwic2VsZWN0b3JfaWQiOiI2NmZlYzkzNjU1ZWEzIiwic2hvcnRjb2RlIjoidmNfcm93IiwiZGF0YSI6eyJ0YWJsZXQiOnsibWFyZ2luLXRvcCI6IjMwcHgifSwibW9iaWxlIjp7Im1hcmdpbi10b3AiOiIyMHB4In19fQ==&#8220; mobile_bg_img_hidden=&#8220;no&#8220; tablet_bg_img_hidden=&#8220;no&#8220; woodmart_parallax=&#8220;0&#8243; woodmart_gradient_switch=&#8220;no&#8220; woodmart_box_shadow=&#8220;no&#8220; wd_z_index=&#8220;no&#8220; woodmart_disable_overflow=&#8220;0&#8243; row_reverse_mobile=&#8220;0&#8243; row_reverse_tablet=&#8220;0&#8243; css=&#8220;.vc_custom_1727973691473{margin-top: 40px !important;}&#8220;][vc_column offset=&#8220;vc_col-md-6 vc_col-xs-12&#8243; woodmart_css_id=&#8220;66fec91d0b33c&#8220; parallax_scroll=&#8220;no&#8220;<\/p>\n","protected":false},"author":1,"featured_media":0,"parent":11380,"menu_order":0,"comment_status":"closed","ping_status":"closed","template":"","meta":{"footnotes":""},"class_list":["post-11384","page","type-page","status-publish","hentry"],"_links":{"self":[{"href":"https:\/\/tkspro.eu\/de\/wp-json\/wp\/v2\/pages\/11384","targetHints":{"allow":["GET"]}}],"collection":[{"href":"https:\/\/tkspro.eu\/de\/wp-json\/wp\/v2\/pages"}],"about":[{"href":"https:\/\/tkspro.eu\/de\/wp-json\/wp\/v2\/types\/page"}],"author":[{"embeddable":true,"href":"https:\/\/tkspro.eu\/de\/wp-json\/wp\/v2\/users\/1"}],"replies":[{"embeddable":true,"href":"https:\/\/tkspro.eu\/de\/wp-json\/wp\/v2\/comments?post=11384"}],"version-history":[{"count":0,"href":"https:\/\/tkspro.eu\/de\/wp-json\/wp\/v2\/pages\/11384\/revisions"}],"up":[{"embeddable":true,"href":"https:\/\/tkspro.eu\/de\/wp-json\/wp\/v2\/pages\/11380"}],"wp:attachment":[{"href":"https:\/\/tkspro.eu\/de\/wp-json\/wp\/v2\/media?parent=11384"}],"curies":[{"name":"wp","href":"https:\/\/api.w.org\/{rel}","templated":true}]}}