{"id":11357,"date":"2024-09-05T10:43:41","date_gmt":"2024-09-05T08:43:41","guid":{"rendered":"https:\/\/tkspro.eu\/dienstleistungen\/ueberholung-des-getriebes\/ueberwachung-und-diagnose\/"},"modified":"2024-10-08T22:14:21","modified_gmt":"2024-10-08T20:14:21","slug":"ueberwachung-und-diagnose","status":"publish","type":"page","link":"https:\/\/tkspro.eu\/de\/dienstleistungen\/ueberholung-des-getriebes\/ueberwachung-und-diagnose\/","title":{"rendered":"\u00dcberwachung und Diagnose"},"content":{"rendered":"<div class=\"wpb-content-wrapper\"><p>[vc_row][vc_column]\t\t<div id=\"wd-67037fa991463\" class=\"wd-image wd-wpb wd-rs-67037fa991463 text-center \">\n\t\t\t\n\t\t\t<img loading=\"lazy\" decoding=\"async\" width=\"1222\" height=\"300\" src=\"https:\/\/tkspro.eu\/wp-content\/uploads\/2024\/10\/1.-Alignment-and-Corrective-Actions-1222x300.jpg\" class=\"attachment-1222x300 size-1222x300\" alt=\"Alignment and Corrective Actions - TKS PRO Gmbh (Turbo Kompressor Service)\" \/>\n\t\t\t\t\t<\/div>\n\t\t\t\t\t<link rel=\"stylesheet\" id=\"wd-section-title-css\" href=\"https:\/\/tkspro.eu\/wp-content\/themes\/woodmart\/css\/parts\/el-section-title.min.css?ver=7.5.2\" type=\"text\/css\" media=\"all\" \/> \t\t\t\t\t\t<link rel=\"stylesheet\" id=\"wd-mod-highlighted-text-css\" href=\"https:\/\/tkspro.eu\/wp-content\/themes\/woodmart\/css\/parts\/mod-highlighted-text.min.css?ver=7.5.2\" type=\"text\/css\" media=\"all\" \/> \t\t\t\n\t\t<div id=\"wd-66d9d9fdefb26\" class=\"title-wrapper wd-wpb set-mb-s reset-last-child  wd-rs-66d9d9fdefb26 wd-title-color-default wd-title-style-default text-left vc_custom_1725553161590 wd-width-custom wd-underline-colored\">\n\t\t\t\n\t\t\t<div class=\"liner-continer\">\n\t\t\t\t<h2 class=\"woodmart-title-container title  wd-font-weight- wd-fontsize-l\" >\u00dcberwachung und Diagnose<\/h2>\n\t\t\t\t\t\t\t<\/div>\n\t\t\t\n\t\t\t\n\t\t\t\n\t\t<\/div>\n\t\t\n\t\t\t\t\t<link rel=\"stylesheet\" id=\"wd-text-block-css\" href=\"https:\/\/tkspro.eu\/wp-content\/themes\/woodmart\/css\/parts\/el-text-block.min.css?ver=7.5.2\" type=\"text\/css\" media=\"all\" \/> \t\t\t\t\t<div id=\"wd-66d96f1c15065\" class=\"wd-text-block wd-wpb reset-last-child wd-rs-66d96f1c15065 text-left \">\n\t\t\t<p>Eine effektive \u00dcberwachung und Diagnose sind entscheidend f\u00fcr die Zuverl\u00e4ssigkeit und Langlebigkeit von Getrieben in Gasturbinen. Bei <strong>TKS Pro GmbH <\/strong>bieten wir umfassende \u00dcberwachungs- und Diagnosedienste im Rahmen unserer Getriebe\u00fcberholungsl\u00f6sungen an, die darauf abzielen, potenzielle Probleme zu erkennen, bevor sie zu kostspieligen Ausf\u00e4llen und Stillstandzeiten f\u00fchren.<\/p>\n\t\t<\/div>\n\t\t[\/vc_column][\/vc_row][vc_row content_placement=&#8220;middle&#8220; woodmart_box_shadow=&#8220;no&#8220; wd_z_index=&#8220;no&#8220; woodmart_css_id=&#8220;66ffe6fed0f6d&#8220; responsive_spacing=&#8220;eyJwYXJhbV90eXBlIjoid29vZG1hcnRfcmVzcG9uc2l2ZV9zcGFjaW5nIiwic2VsZWN0b3JfaWQiOiI2NmZmZTZmZWQwZjZkIiwic2hvcnRjb2RlIjoidmNfcm93IiwiZGF0YSI6eyJ0YWJsZXQiOnsibWFyZ2luLXRvcCI6IjMwIn0sIm1vYmlsZSI6eyJtYXJnaW4tdG9wIjoiMjAifX19&#8243; mobile_bg_img_hidden=&#8220;no&#8220; tablet_bg_img_hidden=&#8220;no&#8220; woodmart_parallax=&#8220;0&#8243; woodmart_gradient_switch=&#8220;no&#8220; row_reverse_mobile=&#8220;0&#8243; row_reverse_tablet=&#8220;0&#8243; woodmart_disable_overflow=&#8220;0&#8243; css=&#8220;.vc_custom_1728046863804{margin-top: 40px !important;}&#8220;][vc_column css=&#8220;.vc_custom_1496394309784{padding-top: 0px !important;}&#8220; offset=&#8220;vc_col-md-6 vc_col-xs-12&#8243;]\t\t<div id=\"wd-66ffe7179e75f\" class=\"wd-image wd-wpb wd-rs-66ffe7179e75f text-center \">\n\t\t\t\n\t\t\t<img loading=\"lazy\" decoding=\"async\" width=\"1000\" height=\"667\" src=\"https:\/\/tkspro.eu\/wp-content\/uploads\/2024\/10\/Alignment-and-Corrective-Actions-3.jpg\" class=\"attachment-full size-full\" alt=\"Alignment and Corrective Actions - TKS PRO Gmbh (Turbo Kompressor Service)\" srcset=\"https:\/\/tkspro.eu\/wp-content\/uploads\/2024\/10\/Alignment-and-Corrective-Actions-3.jpg 1000w, https:\/\/tkspro.eu\/wp-content\/uploads\/2024\/10\/Alignment-and-Corrective-Actions-3-400x267.jpg 400w, https:\/\/tkspro.eu\/wp-content\/uploads\/2024\/10\/Alignment-and-Corrective-Actions-3-768x512.jpg 768w, https:\/\/tkspro.eu\/wp-content\/uploads\/2024\/10\/Alignment-and-Corrective-Actions-3-430x287.jpg 430w, https:\/\/tkspro.eu\/wp-content\/uploads\/2024\/10\/Alignment-and-Corrective-Actions-3-700x467.jpg 700w, https:\/\/tkspro.eu\/wp-content\/uploads\/2024\/10\/Alignment-and-Corrective-Actions-3-150x100.jpg 150w\" sizes=\"auto, (max-width: 1000px) 100vw, 1000px\" \/>\n\t\t\t\t\t<\/div>\n\t\t[\/vc_column][vc_column offset=&#8220;vc_col-md-6 vc_col-xs-12&#8243;]\t\t<div id=\"wd-66ffe72b7c328\" class=\"wd-text-block wd-wpb reset-last-child wd-rs-66ffe72b7c328 text-left \">\n\t\t\t<h3>Echtzeit\u00fcberwachung:<\/h3>\n<p>Unsere fortschrittlichen \u00dcberwachungssysteme verfolgen kontinuierlich wichtige Leistungsparameter Ihres Getriebes, wie Temperatur, Vibration und \u00d6lzustand. Durch die Erfassung von Echtzeitdaten k\u00f6nnen wir fr\u00fchzeitig Anzeichen von Verschlei\u00df, Fehlstellungen oder anderen Problemen erkennen, die die Leistung Ihrer Ausr\u00fcstung beeintr\u00e4chtigen k\u00f6nnten. Dieser proaktive Ansatz erm\u00f6glicht rechtzeitige Eingriffe, um zu verhindern, dass kleinere Probleme zu gr\u00f6\u00dferen Problemen eskalieren.  <\/p>\n<h3>Detaillierte Diagnose:<\/h3>\n<p>Wenn Anomalien festgestellt werden, setzen wir unsere Diagnosewerkzeuge und -techniken ein, um die Ursache des Problems zu ermitteln. Wir f\u00fchren gr\u00fcndliche Inspektionen durch und verwenden fortschrittliche Diagnosesoftware, um die aus den \u00dcberwachungssystemen gesammelten Daten zu analysieren. So k\u00f6nnen wir das Problem genau diagnostizieren und die effektivsten Korrekturma\u00dfnahmen empfehlen.<\/p>\n\t\t<\/div>\n\t\t[\/vc_column][\/vc_row][vc_row content_placement=&#8220;middle&#8220; css=&#8220;.vc_custom_1728046934118{margin-top: 40px !important;}&#8220; woodmart_css_id=&#8220;66ffe749c5809&#8243; responsive_spacing=&#8220;eyJwYXJhbV90eXBlIjoid29vZG1hcnRfcmVzcG9uc2l2ZV9zcGFjaW5nIiwic2VsZWN0b3JfaWQiOiI2NmZmZTc0OWM1ODA5Iiwic2hvcnRjb2RlIjoidmNfcm93IiwiZGF0YSI6eyJ0YWJsZXQiOnsibWFyZ2luLXRvcCI6IjMwIn0sIm1vYmlsZSI6eyJtYXJnaW4tdG9wIjoiMjAifX19&#8243; mobile_bg_img_hidden=&#8220;no&#8220; tablet_bg_img_hidden=&#8220;no&#8220; woodmart_parallax=&#8220;0&#8243; woodmart_gradient_switch=&#8220;no&#8220; woodmart_box_shadow=&#8220;no&#8220; wd_z_index=&#8220;no&#8220; woodmart_disable_overflow=&#8220;0&#8243; row_reverse_mobile=&#8220;0&#8243; row_reverse_tablet=&#8220;0&#8243;][vc_column width=&#8220;1\/2&#8243;]\t\t<div id=\"wd-66ffe73538f6e\" class=\"wd-text-block wd-wpb reset-last-child wd-rs-66ffe73538f6e text-left \">\n\t\t\t<h3>Pr\u00e4ventive Wartungsplanung:<\/h3>\n<p>Die Erkenntnisse aus unseren \u00dcberwachungs- und Diagnosediensten erm\u00f6glichen es uns, ma\u00dfgeschneiderte pr\u00e4ventive Wartungspl\u00e4ne f\u00fcr Ihr Getriebe zu entwickeln. Durch die fr\u00fchzeitige Behebung potenzieller Probleme k\u00f6nnen wir Ihnen helfen, unerwartete Ausf\u00e4lle zu vermeiden, die Stillstandzeiten zu reduzieren und die Betriebsdauer Ihres Getriebes zu verl\u00e4ngern. <\/p>\n<h3>Umfassende Berichterstattung:<\/h3>\n<p>Wir stellen detaillierte Berichte zur Verf\u00fcgung, die die Ergebnisse unserer \u00dcberwachungs- und Diagnoseaktivit\u00e4ten dokumentieren. Diese Berichte enthalten Datenverl\u00e4ufe, identifizierte Probleme und empfohlene Ma\u00dfnahmen, sodass Sie einen klaren \u00dcberblick \u00fcber den Zustand Ihres Getriebes und die erforderlichen Schritte zur Aufrechterhaltung der optimalen Leistung haben. <\/p>\n<p>Mit der Wahl von <strong>TKS Pro GmbH<\/strong> f\u00fcr Ihre Getriebe\u00fcberwachung und -diagnose stellen Sie sicher, dass Ihre Gasturbine mit maximaler Effizienz und Zuverl\u00e4ssigkeit arbeitet und das Risiko ungeplanter Ausf\u00e4lle und kostspieliger Reparaturen minimiert wird.<\/p>\n\t\t<\/div>\n\t\t[\/vc_column][vc_column width=&#8220;1\/2&#8243;]\t\t<div id=\"wd-66ffe75e918ee\" class=\"wd-image wd-wpb wd-rs-66ffe75e918ee text-center \">\n\t\t\t\n\t\t\t<img loading=\"lazy\" decoding=\"async\" width=\"1000\" height=\"667\" src=\"https:\/\/tkspro.eu\/wp-content\/uploads\/2024\/10\/2.-Rapair-of-Components-gas-Turbine-Engine-2.jpg\" class=\"attachment-full size-full\" alt=\"Rapair of Components gas Turbine Engine - TKS PRO Gmbh (Turbo Kompressor Service)\" srcset=\"https:\/\/tkspro.eu\/wp-content\/uploads\/2024\/10\/2.-Rapair-of-Components-gas-Turbine-Engine-2.jpg 1000w, https:\/\/tkspro.eu\/wp-content\/uploads\/2024\/10\/2.-Rapair-of-Components-gas-Turbine-Engine-2-400x267.jpg 400w, https:\/\/tkspro.eu\/wp-content\/uploads\/2024\/10\/2.-Rapair-of-Components-gas-Turbine-Engine-2-768x512.jpg 768w, https:\/\/tkspro.eu\/wp-content\/uploads\/2024\/10\/2.-Rapair-of-Components-gas-Turbine-Engine-2-430x287.jpg 430w, https:\/\/tkspro.eu\/wp-content\/uploads\/2024\/10\/2.-Rapair-of-Components-gas-Turbine-Engine-2-700x467.jpg 700w, https:\/\/tkspro.eu\/wp-content\/uploads\/2024\/10\/2.-Rapair-of-Components-gas-Turbine-Engine-2-150x100.jpg 150w\" sizes=\"auto, (max-width: 1000px) 100vw, 1000px\" \/>\n\t\t\t\t\t<\/div>\n\t\t[\/vc_column][\/vc_row]<\/p>\n<\/div>","protected":false},"excerpt":{"rendered":"<p>[vc_row][vc_column][\/vc_column][\/vc_row][vc_row content_placement=&#8220;middle&#8220; woodmart_box_shadow=&#8220;no&#8220; wd_z_index=&#8220;no&#8220; woodmart_css_id=&#8220;66ffe6fed0f6d&#8220; responsive_spacing=&#8220;eyJwYXJhbV90eXBlIjoid29vZG1hcnRfcmVzcG9uc2l2ZV9zcGFjaW5nIiwic2VsZWN0b3JfaWQiOiI2NmZmZTZmZWQwZjZkIiwic2hvcnRjb2RlIjoidmNfcm93IiwiZGF0YSI6eyJ0YWJsZXQiOnsibWFyZ2luLXRvcCI6IjMwIn0sIm1vYmlsZSI6eyJtYXJnaW4tdG9wIjoiMjAifX19&#8243; mobile_bg_img_hidden=&#8220;no&#8220; tablet_bg_img_hidden=&#8220;no&#8220; woodmart_parallax=&#8220;0&#8243; woodmart_gradient_switch=&#8220;no&#8220; row_reverse_mobile=&#8220;0&#8243; row_reverse_tablet=&#8220;0&#8243; woodmart_disable_overflow=&#8220;0&#8243; css=&#8220;.vc_custom_1728046863804{margin-top: 40px !important;}&#8220;][vc_column css=&#8220;.vc_custom_1496394309784{padding-top: 0px !important;}&#8220; offset=&#8220;vc_col-md-6<\/p>\n","protected":false},"author":1,"featured_media":0,"parent":11341,"menu_order":0,"comment_status":"closed","ping_status":"closed","template":"","meta":{"footnotes":""},"class_list":["post-11357","page","type-page","status-publish","hentry"],"_links":{"self":[{"href":"https:\/\/tkspro.eu\/de\/wp-json\/wp\/v2\/pages\/11357","targetHints":{"allow":["GET"]}}],"collection":[{"href":"https:\/\/tkspro.eu\/de\/wp-json\/wp\/v2\/pages"}],"about":[{"href":"https:\/\/tkspro.eu\/de\/wp-json\/wp\/v2\/types\/page"}],"author":[{"embeddable":true,"href":"https:\/\/tkspro.eu\/de\/wp-json\/wp\/v2\/users\/1"}],"replies":[{"embeddable":true,"href":"https:\/\/tkspro.eu\/de\/wp-json\/wp\/v2\/comments?post=11357"}],"version-history":[{"count":0,"href":"https:\/\/tkspro.eu\/de\/wp-json\/wp\/v2\/pages\/11357\/revisions"}],"up":[{"embeddable":true,"href":"https:\/\/tkspro.eu\/de\/wp-json\/wp\/v2\/pages\/11341"}],"wp:attachment":[{"href":"https:\/\/tkspro.eu\/de\/wp-json\/wp\/v2\/media?parent=11357"}],"curies":[{"name":"wp","href":"https:\/\/api.w.org\/{rel}","templated":true}]}}