{"id":11351,"date":"2024-09-05T10:34:37","date_gmt":"2024-09-05T08:34:37","guid":{"rendered":"https:\/\/tkspro.eu\/dienstleistungen\/ueberholung-des-getriebes\/kalibrierung-der-instrumentierung\/"},"modified":"2024-10-08T22:07:16","modified_gmt":"2024-10-08T20:07:16","slug":"kalibrierung-der-instrumentierung","status":"publish","type":"page","link":"https:\/\/tkspro.eu\/de\/dienstleistungen\/ueberholung-des-getriebes\/kalibrierung-der-instrumentierung\/","title":{"rendered":"Kalibrierung der Instrumentierung"},"content":{"rendered":"<div class=\"wpb-content-wrapper\"><p>[vc_row][vc_column]\t\t<div id=\"wd-67037f284d780\" class=\"wd-image wd-wpb wd-rs-67037f284d780 text-center \">\n\t\t\t\n\t\t\t<img loading=\"lazy\" decoding=\"async\" width=\"1222\" height=\"300\" src=\"https:\/\/tkspro.eu\/wp-content\/uploads\/2024\/10\/1.-Alignment-and-Corrective-Actions-1222x300.jpg\" class=\"attachment-1222x300 size-1222x300\" alt=\"Alignment and Corrective Actions - TKS PRO Gmbh (Turbo Kompressor Service)\" \/>\n\t\t\t\t\t<\/div>\n\t\t\t\t\t<link rel=\"stylesheet\" id=\"wd-section-title-css\" href=\"https:\/\/tkspro.eu\/wp-content\/themes\/woodmart\/css\/parts\/el-section-title.min.css?ver=7.5.2\" type=\"text\/css\" media=\"all\" \/> \t\t\t\t\t\t<link rel=\"stylesheet\" id=\"wd-mod-highlighted-text-css\" href=\"https:\/\/tkspro.eu\/wp-content\/themes\/woodmart\/css\/parts\/mod-highlighted-text.min.css?ver=7.5.2\" type=\"text\/css\" media=\"all\" \/> \t\t\t\n\t\t<div id=\"wd-66d9d8de0b6e9\" class=\"title-wrapper wd-wpb set-mb-s reset-last-child  wd-rs-66d9d8de0b6e9 wd-title-color-default wd-title-style-default text-left vc_custom_1725552867356 wd-width-custom wd-underline-colored\">\n\t\t\t\n\t\t\t<div class=\"liner-continer\">\n\t\t\t\t<h2 class=\"woodmart-title-container title  wd-font-weight- wd-fontsize-l\" >Kalibrierung der Instrumentierung<\/h2>\n\t\t\t\t\t\t\t<\/div>\n\t\t\t\n\t\t\t\n\t\t\t\n\t\t<\/div>\n\t\t\n\t\t\t\t\t<link rel=\"stylesheet\" id=\"wd-text-block-css\" href=\"https:\/\/tkspro.eu\/wp-content\/themes\/woodmart\/css\/parts\/el-text-block.min.css?ver=7.5.2\" type=\"text\/css\" media=\"all\" \/> \t\t\t\t\t<div id=\"wd-66d96d3c9fc12\" class=\"wd-text-block wd-wpb reset-last-child wd-rs-66d96d3c9fc12 text-left \">\n\t\t\t<p>Eine genaue Instrumentierung ist entscheidend f\u00fcr die ordnungsgem\u00e4\u00dfe \u00dcberwachung und Steuerung von Getrieben in Gasturbinen. Die Kalibrierung der Instrumentierung stellt sicher, dass alle Messger\u00e4te wie Druckmesser, Temperatursensoren und Durchflussmesser pr\u00e4zise Daten liefern, wodurch eine optimale Leistung und fr\u00fchzeitige Erkennung potenzieller Probleme erm\u00f6glicht wird. Bei <strong>TKS Pro GmbH <\/strong>bieten wir spezialisierte Kalibrierungsdienste f\u00fcr Instrumente im Rahmen unserer umfassenden Getriebe\u00fcberholungsl\u00f6sungen an.<\/p>\n\t\t<\/div>\n\t\t[\/vc_column][\/vc_row][vc_row content_placement=&#8220;middle&#8220; woodmart_box_shadow=&#8220;no&#8220; wd_z_index=&#8220;no&#8220; woodmart_css_id=&#8220;66ffd78d4ca6d&#8220; responsive_spacing=&#8220;eyJwYXJhbV90eXBlIjoid29vZG1hcnRfcmVzcG9uc2l2ZV9zcGFjaW5nIiwic2VsZWN0b3JfaWQiOiI2NmZmZDc4ZDRjYTZkIiwic2hvcnRjb2RlIjoidmNfcm93IiwiZGF0YSI6eyJ0YWJsZXQiOnsibWFyZ2luLXRvcCI6IjMwIn0sIm1vYmlsZSI6eyJtYXJnaW4tdG9wIjoiMjAifX19&#8243; mobile_bg_img_hidden=&#8220;no&#8220; tablet_bg_img_hidden=&#8220;no&#8220; woodmart_parallax=&#8220;0&#8243; woodmart_gradient_switch=&#8220;no&#8220; row_reverse_mobile=&#8220;0&#8243; row_reverse_tablet=&#8220;0&#8243; woodmart_disable_overflow=&#8220;0&#8243; css=&#8220;.vc_custom_1728042906765{margin-top: 40px !important;}&#8220;][vc_column css=&#8220;.vc_custom_1496394309784{padding-top: 0px !important;}&#8220; offset=&#8220;vc_col-md-6 vc_col-xs-12&#8243;]\t\t<div id=\"wd-66ffd81a568cf\" class=\"wd-image wd-wpb wd-rs-66ffd81a568cf text-center \">\n\t\t\t\n\t\t\t<img loading=\"lazy\" decoding=\"async\" width=\"1000\" height=\"668\" src=\"https:\/\/tkspro.eu\/wp-content\/uploads\/2024\/10\/6.2-Gearbox-Overhaul.jpg\" class=\"attachment-full size-full\" alt=\"Gearbox Overhaul Service - TKS PRO Gmbh (Turbo Kompressor Service)\" srcset=\"https:\/\/tkspro.eu\/wp-content\/uploads\/2024\/10\/6.2-Gearbox-Overhaul.jpg 1000w, https:\/\/tkspro.eu\/wp-content\/uploads\/2024\/10\/6.2-Gearbox-Overhaul-400x267.jpg 400w, https:\/\/tkspro.eu\/wp-content\/uploads\/2024\/10\/6.2-Gearbox-Overhaul-768x513.jpg 768w, https:\/\/tkspro.eu\/wp-content\/uploads\/2024\/10\/6.2-Gearbox-Overhaul-430x287.jpg 430w, https:\/\/tkspro.eu\/wp-content\/uploads\/2024\/10\/6.2-Gearbox-Overhaul-700x468.jpg 700w, https:\/\/tkspro.eu\/wp-content\/uploads\/2024\/10\/6.2-Gearbox-Overhaul-150x100.jpg 150w\" sizes=\"auto, (max-width: 1000px) 100vw, 1000px\" \/>\n\t\t\t\t\t<\/div>\n\t\t[\/vc_column][vc_column offset=&#8220;vc_col-md-6 vc_col-xs-12&#8243;]\t\t<div id=\"wd-66d9d832a823d\" class=\"wd-text-block wd-wpb reset-last-child wd-rs-66d9d832a823d text-left \">\n\t\t\t<h3>Umfassende Kalibrierungsdienste:<\/h3>\n<p>Unser Kalibrierungsprozess umfasst eine gr\u00fcndliche \u00dcberpr\u00fcfung und Einstellung aller relevanten Instrumente, die mit Ihrem Getriebe verbunden sind. Mithilfe modernster Kalibrierungsger\u00e4te \u00fcberpr\u00fcfen und justieren unsere Techniker die Genauigkeit jedes Ger\u00e4ts, um sicherzustellen, dass es den Industriestandards und den OEM-Spezifikationen entspricht. Dieser Service ist entscheidend f\u00fcr die Aufrechterhaltung der Zuverl\u00e4ssigkeit und Effizienz Ihrer Gasturbinenanlagen.  <\/p>\n<h3>Kalibrierung vor Ort und au\u00dferhalb des Standorts:<\/h3>\n<p>Je nach Ihren betrieblichen Anforderungen bieten wir sowohl Kalibrierungsdienste vor Ort als auch au\u00dferhalb des Standorts an. Die Kalibrierung vor Ort minimiert Ausfallzeiten, indem wir die Instrumente direkt in Ihrer Anlage kalibrieren, w\u00e4hrend die Kalibrierung au\u00dferhalb des Standorts eine kontrollierte Umgebung f\u00fcr detailliertere und komplexere Anpassungen bietet.<\/p>\n\t\t<\/div>\n\t\t[\/vc_column][\/vc_row][vc_row content_placement=&#8220;middle&#8220; css=&#8220;.vc_custom_1728042952742{margin-top: 40px !important;}&#8220; woodmart_css_id=&#8220;66ffd7bc96905&#8243; responsive_spacing=&#8220;eyJwYXJhbV90eXBlIjoid29vZG1hcnRfcmVzcG9uc2l2ZV9zcGFjaW5nIiwic2VsZWN0b3JfaWQiOiI2NmZmZDdiYzk2OTA1Iiwic2hvcnRjb2RlIjoidmNfcm93IiwiZGF0YSI6eyJ0YWJsZXQiOnsibWFyZ2luLXRvcCI6IjMwIn0sIm1vYmlsZSI6eyJtYXJnaW4tdG9wIjoiMjAifX19&#8243; mobile_bg_img_hidden=&#8220;no&#8220; tablet_bg_img_hidden=&#8220;no&#8220; woodmart_parallax=&#8220;0&#8243; woodmart_gradient_switch=&#8220;no&#8220; woodmart_box_shadow=&#8220;no&#8220; wd_z_index=&#8220;no&#8220; woodmart_disable_overflow=&#8220;0&#8243; row_reverse_mobile=&#8220;0&#8243; row_reverse_tablet=&#8220;0&#8243;][vc_column offset=&#8220;vc_col-md-6 vc_col-xs-12&#8243; woodmart_css_id=&#8220;66ffd7d2843c3&#8243; parallax_scroll=&#8220;no&#8220; woodmart_sticky_column=&#8220;false&#8220; wd_collapsible_content_switcher=&#8220;no&#8220; wd_column_role_offcanvas_desktop=&#8220;no&#8220; wd_column_role_offcanvas_tablet=&#8220;no&#8220; wd_column_role_offcanvas_mobile=&#8220;no&#8220; wd_column_role_content_desktop=&#8220;no&#8220; wd_column_role_content_tablet=&#8220;no&#8220; wd_column_role_content_mobile=&#8220;no&#8220; mobile_bg_img_hidden=&#8220;no&#8220; tablet_bg_img_hidden=&#8220;no&#8220; woodmart_parallax=&#8220;0&#8243; woodmart_box_shadow=&#8220;no&#8220; responsive_spacing=&#8220;eyJwYXJhbV90eXBlIjoid29vZG1hcnRfcmVzcG9uc2l2ZV9zcGFjaW5nIiwic2VsZWN0b3JfaWQiOiI2NmZmZDdkMjg0M2MzIiwic2hvcnRjb2RlIjoidmNfY29sdW1uIiwiZGF0YSI6eyJ0YWJsZXQiOnt9LCJtb2JpbGUiOnt9fX0=&#8220; mobile_reset_margin=&#8220;no&#8220; tablet_reset_margin=&#8220;no&#8220; wd_z_index=&#8220;no&#8220;]\t\t<div id=\"wd-66d9d84868fb7\" class=\"wd-text-block wd-wpb reset-last-child wd-rs-66d9d84868fb7 text-left \">\n\t\t\t<h3>Dokumentation und Berichterstattung:<\/h3>\n<p>Nach der Kalibrierung stellen wir Ihnen eine detaillierte Dokumentation zur Verf\u00fcgung, die Kalibrierungszertifikate, Testergebnisse und alle vorgenommenen Anpassungen umfasst. Diese umfassende Berichterstattung gew\u00e4hrleistet, dass Sie einen klaren \u00dcberblick \u00fcber den Kalibrierungsstatus jedes Instruments haben, was f\u00fcr die Einhaltung von Vorschriften und die zuk\u00fcnftige Wartungsplanung unerl\u00e4sslich ist. <\/p>\n<h3><strong>Vorteile der Kalibrierung:<\/strong><\/h3>\n<p>Eine regelm\u00e4\u00dfige Kalibrierung der Instrumentierung hilft, kostspielige Ausf\u00e4lle zu vermeiden, die Sicherheit zu verbessern und sicherzustellen, dass Ihr Getriebe mit h\u00f6chster Effizienz arbeitet. Wenn Sie sich f\u00fcr <strong>TKS Pro GmbH<\/strong> f\u00fcr Ihre Kalibrierungsanforderungen entscheiden, k\u00f6nnen Sie darauf vertrauen, dass Ihr Equipment mit h\u00f6chster Genauigkeit \u00fcberwacht wird, wodurch das Risiko unerwarteter Ausf\u00e4lle reduziert wird.<\/p>\n\t\t<\/div>\n\t\t[\/vc_column][vc_column offset=&#8220;vc_col-md-6 vc_col-xs-12&#8243; woodmart_css_id=&#8220;66ffd7ece8410&#8243; parallax_scroll=&#8220;no&#8220; woodmart_sticky_column=&#8220;false&#8220; wd_collapsible_content_switcher=&#8220;no&#8220; wd_column_role_offcanvas_desktop=&#8220;no&#8220; wd_column_role_offcanvas_tablet=&#8220;no&#8220; wd_column_role_offcanvas_mobile=&#8220;no&#8220; wd_column_role_content_desktop=&#8220;no&#8220; wd_column_role_content_tablet=&#8220;no&#8220; wd_column_role_content_mobile=&#8220;no&#8220; mobile_bg_img_hidden=&#8220;no&#8220; tablet_bg_img_hidden=&#8220;no&#8220; woodmart_parallax=&#8220;0&#8243; woodmart_box_shadow=&#8220;no&#8220; responsive_spacing=&#8220;eyJwYXJhbV90eXBlIjoid29vZG1hcnRfcmVzcG9uc2l2ZV9zcGFjaW5nIiwic2VsZWN0b3JfaWQiOiI2NmZmZDdlY2U4NDEwIiwic2hvcnRjb2RlIjoidmNfY29sdW1uIiwiZGF0YSI6eyJ0YWJsZXQiOnt9LCJtb2JpbGUiOnt9fX0=&#8220; mobile_reset_margin=&#8220;no&#8220; tablet_reset_margin=&#8220;no&#8220; wd_z_index=&#8220;no&#8220;]\t\t<div id=\"wd-66ffd800c6518\" class=\"wd-image wd-wpb wd-rs-66ffd800c6518 text-center \">\n\t\t\t\n\t\t\t<img loading=\"lazy\" decoding=\"async\" width=\"1137\" height=\"558\" src=\"https:\/\/tkspro.eu\/wp-content\/uploads\/2024\/10\/5.3-Overhaul-of-Compressor-Equipment.png\" class=\"attachment-full size-full\" alt=\"Overhaul of Compressor Equipment - TKS PRO Gmbh (Turbo Kompressor Service)\" srcset=\"https:\/\/tkspro.eu\/wp-content\/uploads\/2024\/10\/5.3-Overhaul-of-Compressor-Equipment.png 1137w, https:\/\/tkspro.eu\/wp-content\/uploads\/2024\/10\/5.3-Overhaul-of-Compressor-Equipment-400x196.png 400w, https:\/\/tkspro.eu\/wp-content\/uploads\/2024\/10\/5.3-Overhaul-of-Compressor-Equipment-768x377.png 768w, https:\/\/tkspro.eu\/wp-content\/uploads\/2024\/10\/5.3-Overhaul-of-Compressor-Equipment-430x211.png 430w, https:\/\/tkspro.eu\/wp-content\/uploads\/2024\/10\/5.3-Overhaul-of-Compressor-Equipment-700x344.png 700w, https:\/\/tkspro.eu\/wp-content\/uploads\/2024\/10\/5.3-Overhaul-of-Compressor-Equipment-150x74.png 150w\" sizes=\"auto, (max-width: 1137px) 100vw, 1137px\" \/>\n\t\t\t\t\t<\/div>\n\t\t[\/vc_column][\/vc_row]<\/p>\n<\/div>","protected":false},"excerpt":{"rendered":"<p>[vc_row][vc_column][\/vc_column][\/vc_row][vc_row content_placement=&#8220;middle&#8220; woodmart_box_shadow=&#8220;no&#8220; wd_z_index=&#8220;no&#8220; woodmart_css_id=&#8220;66ffd78d4ca6d&#8220; responsive_spacing=&#8220;eyJwYXJhbV90eXBlIjoid29vZG1hcnRfcmVzcG9uc2l2ZV9zcGFjaW5nIiwic2VsZWN0b3JfaWQiOiI2NmZmZDc4ZDRjYTZkIiwic2hvcnRjb2RlIjoidmNfcm93IiwiZGF0YSI6eyJ0YWJsZXQiOnsibWFyZ2luLXRvcCI6IjMwIn0sIm1vYmlsZSI6eyJtYXJnaW4tdG9wIjoiMjAifX19&#8243; mobile_bg_img_hidden=&#8220;no&#8220; tablet_bg_img_hidden=&#8220;no&#8220; woodmart_parallax=&#8220;0&#8243; woodmart_gradient_switch=&#8220;no&#8220; row_reverse_mobile=&#8220;0&#8243; row_reverse_tablet=&#8220;0&#8243; woodmart_disable_overflow=&#8220;0&#8243; css=&#8220;.vc_custom_1728042906765{margin-top: 40px !important;}&#8220;][vc_column css=&#8220;.vc_custom_1496394309784{padding-top: 0px !important;}&#8220; offset=&#8220;vc_col-md-6<\/p>\n","protected":false},"author":1,"featured_media":0,"parent":11341,"menu_order":0,"comment_status":"closed","ping_status":"closed","template":"","meta":{"footnotes":""},"class_list":["post-11351","page","type-page","status-publish","hentry"],"_links":{"self":[{"href":"https:\/\/tkspro.eu\/de\/wp-json\/wp\/v2\/pages\/11351","targetHints":{"allow":["GET"]}}],"collection":[{"href":"https:\/\/tkspro.eu\/de\/wp-json\/wp\/v2\/pages"}],"about":[{"href":"https:\/\/tkspro.eu\/de\/wp-json\/wp\/v2\/types\/page"}],"author":[{"embeddable":true,"href":"https:\/\/tkspro.eu\/de\/wp-json\/wp\/v2\/users\/1"}],"replies":[{"embeddable":true,"href":"https:\/\/tkspro.eu\/de\/wp-json\/wp\/v2\/comments?post=11351"}],"version-history":[{"count":0,"href":"https:\/\/tkspro.eu\/de\/wp-json\/wp\/v2\/pages\/11351\/revisions"}],"up":[{"embeddable":true,"href":"https:\/\/tkspro.eu\/de\/wp-json\/wp\/v2\/pages\/11341"}],"wp:attachment":[{"href":"https:\/\/tkspro.eu\/de\/wp-json\/wp\/v2\/media?parent=11351"}],"curies":[{"name":"wp","href":"https:\/\/api.w.org\/{rel}","templated":true}]}}