{"id":11349,"date":"2024-09-05T10:29:36","date_gmt":"2024-09-05T08:29:36","guid":{"rendered":"https:\/\/tkspro.eu\/dienstleistungen\/ueberholung-des-getriebes\/feld-und-werkstatt-auswuchten\/"},"modified":"2024-10-08T22:04:07","modified_gmt":"2024-10-08T20:04:07","slug":"feld-und-werkstatt-auswuchten","status":"publish","type":"page","link":"https:\/\/tkspro.eu\/de\/dienstleistungen\/ueberholung-des-getriebes\/feld-und-werkstatt-auswuchten\/","title":{"rendered":"Feld- und Werkstatt-Auswuchten"},"content":{"rendered":"<div class=\"wpb-content-wrapper\"><p>[vc_row][vc_column]\t\t<div id=\"wd-67037f04c1308\" class=\"wd-image wd-wpb wd-rs-67037f04c1308 text-center \">\n\t\t\t\n\t\t\t<img loading=\"lazy\" decoding=\"async\" width=\"1222\" height=\"300\" src=\"https:\/\/tkspro.eu\/wp-content\/uploads\/2024\/10\/1.-Alignment-and-Corrective-Actions-1222x300.jpg\" class=\"attachment-1222x300 size-1222x300\" alt=\"Alignment and Corrective Actions - TKS PRO Gmbh (Turbo Kompressor Service)\" \/>\n\t\t\t\t\t<\/div>\n\t\t\t\t\t<link rel=\"stylesheet\" id=\"wd-section-title-css\" href=\"https:\/\/tkspro.eu\/wp-content\/themes\/woodmart\/css\/parts\/el-section-title.min.css?ver=7.5.2\" type=\"text\/css\" media=\"all\" \/> \t\t\t\t\t\t<link rel=\"stylesheet\" id=\"wd-mod-highlighted-text-css\" href=\"https:\/\/tkspro.eu\/wp-content\/themes\/woodmart\/css\/parts\/mod-highlighted-text.min.css?ver=7.5.2\" type=\"text\/css\" media=\"all\" \/> \t\t\t\n\t\t<div id=\"wd-66d9c908dbee0\" class=\"title-wrapper wd-wpb set-mb-s reset-last-child  wd-rs-66d9c908dbee0 wd-title-color-default wd-title-style-default text-left vc_custom_1725548821069 wd-width-custom wd-underline-colored\">\n\t\t\t\n\t\t\t<div class=\"liner-continer\">\n\t\t\t\t<h2 class=\"woodmart-title-container title  wd-font-weight- wd-fontsize-l\" >Feld- und Werkstatt-Auswuchten<\/h2>\n\t\t\t\t\t\t\t<\/div>\n\t\t\t\n\t\t\t\n\t\t\t\n\t\t<\/div>\n\t\t\n\t\t\t\t\t<link rel=\"stylesheet\" id=\"wd-text-block-css\" href=\"https:\/\/tkspro.eu\/wp-content\/themes\/woodmart\/css\/parts\/el-text-block.min.css?ver=7.5.2\" type=\"text\/css\" media=\"all\" \/> \t\t\t\t\t<div id=\"wd-66d98f23d611b\" class=\"wd-text-block wd-wpb reset-last-child wd-rs-66d98f23d611b text-left \">\n\t\t\t<p>Eine korrekte Auswuchtung ist entscheidend f\u00fcr den reibungslosen und effizienten Betrieb von Getrieben in Gasturbinen. Unwuchten k\u00f6nnen zu \u00fcberm\u00e4\u00dfigen Vibrationen, erh\u00f6htem Verschlei\u00df und letztendlich zu einem vorzeitigen Ausfall kritischer Komponenten f\u00fchren. Bei <strong>TKS Pro GmbH<\/strong> bieten wir sowohl Auswuchtungsdienste vor Ort als auch in unserer Werkstatt im Rahmen unserer Getriebe\u00fcberholungsl\u00f6sungen an, um sicherzustellen, dass Ihre Ausr\u00fcstung zuverl\u00e4ssig und mit maximaler Leistung arbeitet.<\/p>\n\t\t<\/div>\n\t\t[\/vc_column][\/vc_row][vc_row content_placement=&#8220;middle&#8220; woodmart_box_shadow=&#8220;no&#8220; wd_z_index=&#8220;no&#8220; woodmart_css_id=&#8220;66ffd6d0ca87f&#8220; responsive_spacing=&#8220;eyJwYXJhbV90eXBlIjoid29vZG1hcnRfcmVzcG9uc2l2ZV9zcGFjaW5nIiwic2VsZWN0b3JfaWQiOiI2NmZmZDZkMGNhODdmIiwic2hvcnRjb2RlIjoidmNfcm93IiwiZGF0YSI6eyJ0YWJsZXQiOnsibWFyZ2luLXRvcCI6IjMwIn0sIm1vYmlsZSI6eyJtYXJnaW4tdG9wIjoiMjAifX19&#8243; mobile_bg_img_hidden=&#8220;no&#8220; tablet_bg_img_hidden=&#8220;no&#8220; woodmart_parallax=&#8220;0&#8243; woodmart_gradient_switch=&#8220;no&#8220; row_reverse_mobile=&#8220;0&#8243; row_reverse_tablet=&#8220;0&#8243; woodmart_disable_overflow=&#8220;0&#8243; css=&#8220;.vc_custom_1728042717617{margin-top: 40px !important;}&#8220;][vc_column css=&#8220;.vc_custom_1496394309784{padding-top: 0px !important;}&#8220; offset=&#8220;vc_col-md-6 vc_col-xs-12&#8243;]\t\t<div id=\"wd-66ffd73fda350\" class=\"wd-image wd-wpb wd-rs-66ffd73fda350 text-center \">\n\t\t\t\n\t\t\t<img loading=\"lazy\" decoding=\"async\" width=\"1000\" height=\"668\" src=\"https:\/\/tkspro.eu\/wp-content\/uploads\/2024\/10\/1.-Field-and-Workshop-Services-3.jpg\" class=\"attachment-full size-full\" alt=\"Field and Workshop Services - TKS PRO Gmbh (Turbo Kompressor Service)\" srcset=\"https:\/\/tkspro.eu\/wp-content\/uploads\/2024\/10\/1.-Field-and-Workshop-Services-3.jpg 1000w, https:\/\/tkspro.eu\/wp-content\/uploads\/2024\/10\/1.-Field-and-Workshop-Services-3-400x267.jpg 400w, https:\/\/tkspro.eu\/wp-content\/uploads\/2024\/10\/1.-Field-and-Workshop-Services-3-768x513.jpg 768w, https:\/\/tkspro.eu\/wp-content\/uploads\/2024\/10\/1.-Field-and-Workshop-Services-3-430x287.jpg 430w, https:\/\/tkspro.eu\/wp-content\/uploads\/2024\/10\/1.-Field-and-Workshop-Services-3-700x468.jpg 700w, https:\/\/tkspro.eu\/wp-content\/uploads\/2024\/10\/1.-Field-and-Workshop-Services-3-150x100.jpg 150w\" sizes=\"auto, (max-width: 1000px) 100vw, 1000px\" \/>\n\t\t\t\t\t<\/div>\n\t\t[\/vc_column][vc_column offset=&#8220;vc_col-md-6 vc_col-xs-12&#8243;]\t\t<div id=\"wd-66d9c917654b7\" class=\"wd-text-block wd-wpb reset-last-child wd-rs-66d9c917654b7 text-left \">\n\t\t\t<h3>Auswuchten vor Ort:<\/h3>\n<p>Unser Auswuchtungsservice vor Ort ist f\u00fcr Situationen gedacht, in denen es nicht m\u00f6glich ist, das Getriebe aus seiner Betriebsumgebung zu entfernen. Unsere erfahrenen Techniker bringen modernste tragbare Auswuchtungsausr\u00fcstung direkt zu Ihnen vor Ort, sodass wir Unwuchten schnell und effektiv korrigieren k\u00f6nnen, ohne erhebliche Ausfallzeiten zu verursachen. Das Auswuchten vor Ort minimiert Betriebsunterbrechungen und verbessert gleichzeitig die Lebensdauer und Leistung Ihres Getriebes.  <\/p>\n<h3>Auswuchten in der Werkstatt:<\/h3>\n<p>F\u00fcr umfassendere Auswuchtungsanforderungen bietet unser Werkstattauswuchtungsservice eine kontrollierte Umgebung, in der wir Ihr Getriebe gr\u00fcndlich inspizieren, diagnostizieren und Unwuchten korrigieren k\u00f6nnen. Mithilfe modernster Auswuchtmaschinen stellen wir sicher, dass alle rotierenden Komponenten perfekt ausbalanciert sind, bevor das Getriebe wieder zusammengebaut und in Betrieb genommen wird. Dieser Prozess hilft, zuk\u00fcnftige Probleme zu vermeiden und die Lebensdauer Ihrer Ausr\u00fcstung zu verl\u00e4ngern.<\/p>\n\t\t<\/div>\n\t\t[\/vc_column][\/vc_row][vc_row content_placement=&#8220;middle&#8220; css=&#8220;.vc_custom_1728042777712{margin-top: 40px !important;}&#8220; woodmart_css_id=&#8220;66ffd70a8c621&#8243; responsive_spacing=&#8220;eyJwYXJhbV90eXBlIjoid29vZG1hcnRfcmVzcG9uc2l2ZV9zcGFjaW5nIiwic2VsZWN0b3JfaWQiOiI2NmZmZDcwYThjNjIxIiwic2hvcnRjb2RlIjoidmNfcm93IiwiZGF0YSI6eyJ0YWJsZXQiOnsibWFyZ2luLXRvcCI6IjMwIn0sIm1vYmlsZSI6eyJtYXJnaW4tdG9wIjoiMjAifX19&#8243; mobile_bg_img_hidden=&#8220;no&#8220; tablet_bg_img_hidden=&#8220;no&#8220; woodmart_parallax=&#8220;0&#8243; woodmart_gradient_switch=&#8220;no&#8220; woodmart_box_shadow=&#8220;no&#8220; wd_z_index=&#8220;no&#8220; woodmart_disable_overflow=&#8220;0&#8243; row_reverse_mobile=&#8220;0&#8243; row_reverse_tablet=&#8220;0&#8243;][vc_column width=&#8220;1\/2&#8243;]\t\t<div id=\"wd-66d9c93c520f6\" class=\"wd-text-block wd-wpb reset-last-child wd-rs-66d9c93c520f6 text-left \">\n\t\t\t<h3>Umfassende Berichterstattung:<\/h3>\n<p>Nach Abschluss des Auswuchtungsprozesses stellen wir detaillierte Berichte zur Verf\u00fcgung, die den Ausgangszustand, die durchgef\u00fchrten Auswuchtungsverfahren und die Endergebnisse dokumentieren. Diese Dokumentation hilft Ihnen, die durchgef\u00fchrten Arbeiten zu verstehen, und bietet Einblicke in die fortlaufende Wartung und \u00dcberwachung. <\/p>\n<p>Die Wahl von <strong>TKS Pro GmbH <\/strong>f\u00fcr Ihre Auswuchtungsanforderungen vor Ort und in der Werkstatt stellt sicher, dass das Getriebe Ihrer Gasturbine mit minimalen Vibrationen und maximaler Effizienz arbeitet, das Risiko kostspieliger Ausf\u00e4lle reduziert und die Lebensdauer Ihrer Maschinen verl\u00e4ngert.<\/p>\n\t\t<\/div>\n\t\t[\/vc_column][vc_column width=&#8220;1\/2&#8243;]\t\t<div id=\"wd-66ffd721b98e3\" class=\"wd-image wd-wpb wd-rs-66ffd721b98e3 text-center \">\n\t\t\t\n\t\t\t<img loading=\"lazy\" decoding=\"async\" width=\"1000\" height=\"668\" src=\"https:\/\/tkspro.eu\/wp-content\/uploads\/2024\/10\/3.-Repair-of-Attachments-of-Gas-Turbine-Engines.jpg\" class=\"attachment-full size-full\" alt=\"Repair of Attachments of Gas Turbine Engines - TKS PRO Gmbh (Turbo Kompressor Service)\" srcset=\"https:\/\/tkspro.eu\/wp-content\/uploads\/2024\/10\/3.-Repair-of-Attachments-of-Gas-Turbine-Engines.jpg 1000w, https:\/\/tkspro.eu\/wp-content\/uploads\/2024\/10\/3.-Repair-of-Attachments-of-Gas-Turbine-Engines-400x267.jpg 400w, https:\/\/tkspro.eu\/wp-content\/uploads\/2024\/10\/3.-Repair-of-Attachments-of-Gas-Turbine-Engines-768x513.jpg 768w, https:\/\/tkspro.eu\/wp-content\/uploads\/2024\/10\/3.-Repair-of-Attachments-of-Gas-Turbine-Engines-430x287.jpg 430w, https:\/\/tkspro.eu\/wp-content\/uploads\/2024\/10\/3.-Repair-of-Attachments-of-Gas-Turbine-Engines-700x468.jpg 700w, https:\/\/tkspro.eu\/wp-content\/uploads\/2024\/10\/3.-Repair-of-Attachments-of-Gas-Turbine-Engines-150x100.jpg 150w\" sizes=\"auto, (max-width: 1000px) 100vw, 1000px\" \/>\n\t\t\t\t\t<\/div>\n\t\t[\/vc_column][\/vc_row]<\/p>\n<\/div>","protected":false},"excerpt":{"rendered":"<p>[vc_row][vc_column][\/vc_column][\/vc_row][vc_row content_placement=&#8220;middle&#8220; woodmart_box_shadow=&#8220;no&#8220; wd_z_index=&#8220;no&#8220; woodmart_css_id=&#8220;66ffd6d0ca87f&#8220; responsive_spacing=&#8220;eyJwYXJhbV90eXBlIjoid29vZG1hcnRfcmVzcG9uc2l2ZV9zcGFjaW5nIiwic2VsZWN0b3JfaWQiOiI2NmZmZDZkMGNhODdmIiwic2hvcnRjb2RlIjoidmNfcm93IiwiZGF0YSI6eyJ0YWJsZXQiOnsibWFyZ2luLXRvcCI6IjMwIn0sIm1vYmlsZSI6eyJtYXJnaW4tdG9wIjoiMjAifX19&#8243; mobile_bg_img_hidden=&#8220;no&#8220; tablet_bg_img_hidden=&#8220;no&#8220; woodmart_parallax=&#8220;0&#8243; woodmart_gradient_switch=&#8220;no&#8220; row_reverse_mobile=&#8220;0&#8243; row_reverse_tablet=&#8220;0&#8243; woodmart_disable_overflow=&#8220;0&#8243; css=&#8220;.vc_custom_1728042717617{margin-top: 40px !important;}&#8220;][vc_column css=&#8220;.vc_custom_1496394309784{padding-top: 0px !important;}&#8220; offset=&#8220;vc_col-md-6<\/p>\n","protected":false},"author":1,"featured_media":0,"parent":11341,"menu_order":0,"comment_status":"closed","ping_status":"closed","template":"","meta":{"footnotes":""},"class_list":["post-11349","page","type-page","status-publish","hentry"],"_links":{"self":[{"href":"https:\/\/tkspro.eu\/de\/wp-json\/wp\/v2\/pages\/11349","targetHints":{"allow":["GET"]}}],"collection":[{"href":"https:\/\/tkspro.eu\/de\/wp-json\/wp\/v2\/pages"}],"about":[{"href":"https:\/\/tkspro.eu\/de\/wp-json\/wp\/v2\/types\/page"}],"author":[{"embeddable":true,"href":"https:\/\/tkspro.eu\/de\/wp-json\/wp\/v2\/users\/1"}],"replies":[{"embeddable":true,"href":"https:\/\/tkspro.eu\/de\/wp-json\/wp\/v2\/comments?post=11349"}],"version-history":[{"count":0,"href":"https:\/\/tkspro.eu\/de\/wp-json\/wp\/v2\/pages\/11349\/revisions"}],"up":[{"embeddable":true,"href":"https:\/\/tkspro.eu\/de\/wp-json\/wp\/v2\/pages\/11341"}],"wp:attachment":[{"href":"https:\/\/tkspro.eu\/de\/wp-json\/wp\/v2\/media?parent=11349"}],"curies":[{"name":"wp","href":"https:\/\/api.w.org\/{rel}","templated":true}]}}