{"id":11347,"date":"2024-09-05T10:11:28","date_gmt":"2024-09-05T08:11:28","guid":{"rendered":"https:\/\/tkspro.eu\/dienstleistungen\/ueberholung-des-getriebes\/beratung\/"},"modified":"2024-10-08T22:01:14","modified_gmt":"2024-10-08T20:01:14","slug":"beratung","status":"publish","type":"page","link":"https:\/\/tkspro.eu\/de\/dienstleistungen\/ueberholung-des-getriebes\/beratung\/","title":{"rendered":"Beratung"},"content":{"rendered":"<div class=\"wpb-content-wrapper\"><p>[vc_row][vc_column]\t\t<div id=\"wd-67037edc2c8fa\" class=\"wd-image wd-wpb wd-rs-67037edc2c8fa text-center \">\n\t\t\t\n\t\t\t<img loading=\"lazy\" decoding=\"async\" width=\"1222\" height=\"300\" src=\"https:\/\/tkspro.eu\/wp-content\/uploads\/2024\/10\/1.-Alignment-and-Corrective-Actions-1222x300.jpg\" class=\"attachment-1222x300 size-1222x300\" alt=\"Alignment and Corrective Actions - TKS PRO Gmbh (Turbo Kompressor Service)\" \/>\n\t\t\t\t\t<\/div>\n\t\t\t\t\t<link rel=\"stylesheet\" id=\"wd-section-title-css\" href=\"https:\/\/tkspro.eu\/wp-content\/themes\/woodmart\/css\/parts\/el-section-title.min.css?ver=7.5.2\" type=\"text\/css\" media=\"all\" \/> \t\t\t\t\t\t<link rel=\"stylesheet\" id=\"wd-mod-highlighted-text-css\" href=\"https:\/\/tkspro.eu\/wp-content\/themes\/woodmart\/css\/parts\/mod-highlighted-text.min.css?ver=7.5.2\" type=\"text\/css\" media=\"all\" \/> \t\t\t\n\t\t<div id=\"wd-66d9c717c90c4\" class=\"title-wrapper wd-wpb set-mb-s reset-last-child  wd-rs-66d9c717c90c4 wd-title-color-default wd-title-style-default text-left vc_custom_1725548316897 wd-width-custom wd-underline-colored\">\n\t\t\t\n\t\t\t<div class=\"liner-continer\">\n\t\t\t\t<h2 class=\"woodmart-title-container title  wd-font-weight- wd-fontsize-l\" >Beratung<\/h2>\n\t\t\t\t\t\t\t<\/div>\n\t\t\t\n\t\t\t\n\t\t\t\n\t\t<\/div>\n\t\t\n\t\t\t\t\t<link rel=\"stylesheet\" id=\"wd-text-block-css\" href=\"https:\/\/tkspro.eu\/wp-content\/themes\/woodmart\/css\/parts\/el-text-block.min.css?ver=7.5.2\" type=\"text\/css\" media=\"all\" \/> \t\t\t\t\t<div id=\"wd-66d9c7211b562\" class=\"wd-text-block wd-wpb reset-last-child wd-rs-66d9c7211b562 text-left \">\n\t\t\t<p>Bei <strong>TKS Pro GmbH<\/strong> wissen wir, dass die Komplexit\u00e4t von Getriebesystemen in Gasturbinen spezielles Wissen und Fachkenntnisse erfordert. Unsere Beratungsdienste bieten Ihnen fachkundige Anleitung und Unterst\u00fctzung w\u00e4hrend des gesamten Lebenszyklus Ihres Getriebes \u2013 von der Konstruktion und Installation bis hin zur Wartung und Modernisierung. Unser Ziel ist es, Ihnen zu helfen, die Leistung, Zuverl\u00e4ssigkeit und Langlebigkeit Ihrer Ausr\u00fcstung zu optimieren.<\/p>\n\t\t<\/div>\n\t\t[\/vc_column][\/vc_row][vc_row content_placement=&#8220;middle&#8220; woodmart_box_shadow=&#8220;no&#8220; wd_z_index=&#8220;no&#8220; woodmart_css_id=&#8220;66ffd5c1aa165&#8243; responsive_spacing=&#8220;eyJwYXJhbV90eXBlIjoid29vZG1hcnRfcmVzcG9uc2l2ZV9zcGFjaW5nIiwic2VsZWN0b3JfaWQiOiI2NmZmZDVjMWFhMTY1Iiwic2hvcnRjb2RlIjoidmNfcm93IiwiZGF0YSI6eyJ0YWJsZXQiOnsibWFyZ2luLXRvcCI6IjMwIn0sIm1vYmlsZSI6eyJtYXJnaW4tdG9wIjoiMjAifX19&#8243; mobile_bg_img_hidden=&#8220;no&#8220; tablet_bg_img_hidden=&#8220;no&#8220; woodmart_parallax=&#8220;0&#8243; woodmart_gradient_switch=&#8220;no&#8220; row_reverse_mobile=&#8220;0&#8243; row_reverse_tablet=&#8220;0&#8243; woodmart_disable_overflow=&#8220;0&#8243; css=&#8220;.vc_custom_1728042447534{margin-top: 40px !important;}&#8220;][vc_column css=&#8220;.vc_custom_1496394309784{padding-top: 0px !important;}&#8220; offset=&#8220;vc_col-md-6 vc_col-xs-12&#8243;]\t\t<div id=\"wd-66ffd659e55aa\" class=\"wd-image wd-wpb wd-rs-66ffd659e55aa text-center \">\n\t\t\t\n\t\t\t<img loading=\"lazy\" decoding=\"async\" width=\"1000\" height=\"667\" src=\"https:\/\/tkspro.eu\/wp-content\/uploads\/2024\/10\/7.2-Gas-Turbine-Overhaul.jpg\" class=\"attachment-full size-full\" alt=\"Gas Turbine Overhaul - TKS PRO Gmbh (Turbo Kompressor Service)\" srcset=\"https:\/\/tkspro.eu\/wp-content\/uploads\/2024\/10\/7.2-Gas-Turbine-Overhaul.jpg 1000w, https:\/\/tkspro.eu\/wp-content\/uploads\/2024\/10\/7.2-Gas-Turbine-Overhaul-400x267.jpg 400w, https:\/\/tkspro.eu\/wp-content\/uploads\/2024\/10\/7.2-Gas-Turbine-Overhaul-768x512.jpg 768w, https:\/\/tkspro.eu\/wp-content\/uploads\/2024\/10\/7.2-Gas-Turbine-Overhaul-430x287.jpg 430w, https:\/\/tkspro.eu\/wp-content\/uploads\/2024\/10\/7.2-Gas-Turbine-Overhaul-700x467.jpg 700w, https:\/\/tkspro.eu\/wp-content\/uploads\/2024\/10\/7.2-Gas-Turbine-Overhaul-150x100.jpg 150w\" sizes=\"auto, (max-width: 1000px) 100vw, 1000px\" \/>\n\t\t\t\t\t<\/div>\n\t\t[\/vc_column][vc_column offset=&#8220;vc_col-md-6 vc_col-xs-12&#8243;]\t\t<div id=\"wd-66d9c7855e8e4\" class=\"wd-text-block wd-wpb reset-last-child wd-rs-66d9c7855e8e4 text-left \">\n\t\t\t<h3>Fachkundige Beratung:<\/h3>\n<p>Unser Team erfahrener Ingenieure und Berater bietet ma\u00dfgeschneiderte Ratschl\u00e4ge basierend auf langj\u00e4hriger Branchenerfahrung. Wir unterst\u00fctzen Sie bei der Auswahl der richtigen Getriebel\u00f6sungen, der Identifizierung potenzieller Probleme, bevor sie kritisch werden, und der Umsetzung bew\u00e4hrter Verfahren f\u00fcr Wartung und Betrieb. Egal, ob Sie eine neue Installation planen, bestehende Ausr\u00fcstung modernisieren oder die Effizienz Ihrer Betriebsabl\u00e4ufe verbessern m\u00f6chten, wir bieten Ihnen die Einblicke, die Sie f\u00fcr fundierte Entscheidungen ben\u00f6tigen.  <\/p>\n<h3>Individuelle L\u00f6sungen:<\/h3>\n<p>Wir erkennen an, dass jeder Betrieb einzigartig ist, weshalb unsere Beratungsdienste auf Ihre spezifischen Bed\u00fcrfnisse zugeschnitten sind. Wir arbeiten eng mit Ihrem Team zusammen, um die Herausforderungen, vor denen Sie stehen, zu verstehen und Strategien zu entwickeln, die mit Ihren betrieblichen Zielen \u00fcbereinstimmen. Von der Fehlersuche bei komplexen Problemen bis hin zur Optimierung der Systemleistung \u2013 unsere L\u00f6sungen sind darauf ausgelegt, messbare Ergebnisse zu liefern.<\/p>\n\t\t<\/div>\n\t\t[\/vc_column][\/vc_row][vc_row content_placement=&#8220;middle&#8220; css=&#8220;.vc_custom_1728042577802{margin-top: 40px !important;}&#8220; woodmart_css_id=&#8220;66ffd643b306e&#8220; responsive_spacing=&#8220;eyJwYXJhbV90eXBlIjoid29vZG1hcnRfcmVzcG9uc2l2ZV9zcGFjaW5nIiwic2VsZWN0b3JfaWQiOiI2NmZmZDY0M2IzMDZlIiwic2hvcnRjb2RlIjoidmNfcm93IiwiZGF0YSI6eyJ0YWJsZXQiOnsibWFyZ2luLXRvcCI6IjMwIn0sIm1vYmlsZSI6eyJtYXJnaW4tdG9wIjoiMjAifX19&#8243; mobile_bg_img_hidden=&#8220;no&#8220; tablet_bg_img_hidden=&#8220;no&#8220; woodmart_parallax=&#8220;0&#8243; woodmart_gradient_switch=&#8220;no&#8220; woodmart_box_shadow=&#8220;no&#8220; wd_z_index=&#8220;no&#8220; woodmart_disable_overflow=&#8220;0&#8243; row_reverse_mobile=&#8220;0&#8243; row_reverse_tablet=&#8220;0&#8243;][vc_column offset=&#8220;vc_col-md-6 vc_col-xs-12&#8243; woodmart_css_id=&#8220;66ffd622e5934&#8243; parallax_scroll=&#8220;no&#8220; woodmart_sticky_column=&#8220;false&#8220; wd_collapsible_content_switcher=&#8220;no&#8220; wd_column_role_offcanvas_desktop=&#8220;no&#8220; wd_column_role_offcanvas_tablet=&#8220;no&#8220; wd_column_role_offcanvas_mobile=&#8220;no&#8220; wd_column_role_content_desktop=&#8220;no&#8220; wd_column_role_content_tablet=&#8220;no&#8220; wd_column_role_content_mobile=&#8220;no&#8220; mobile_bg_img_hidden=&#8220;no&#8220; tablet_bg_img_hidden=&#8220;no&#8220; woodmart_parallax=&#8220;0&#8243; woodmart_box_shadow=&#8220;no&#8220; responsive_spacing=&#8220;eyJwYXJhbV90eXBlIjoid29vZG1hcnRfcmVzcG9uc2l2ZV9zcGFjaW5nIiwic2VsZWN0b3JfaWQiOiI2NmZmZDYyMmU1OTM0Iiwic2hvcnRjb2RlIjoidmNfY29sdW1uIiwiZGF0YSI6eyJ0YWJsZXQiOnt9LCJtb2JpbGUiOnt9fX0=&#8220; mobile_reset_margin=&#8220;no&#8220; tablet_reset_margin=&#8220;no&#8220; wd_z_index=&#8220;no&#8220;]\t\t<div id=\"wd-66d9c78f493fc\" class=\"wd-text-block wd-wpb reset-last-child wd-rs-66d9c78f493fc text-left \">\n\t\t\t<h3>Risikomanagement:<\/h3>\n<p>Wir helfen Ihnen, die mit dem Betrieb von Getrieben verbundenen Risiken zu minimieren, indem wir gr\u00fcndliche Bewertungen durchf\u00fchren und Empfehlungen zur Verbesserung der Zuverl\u00e4ssigkeit und Sicherheit geben. Unsere Berater bieten Risikoanalysen, Bewertungen von Ausfallmodi und Notfallplanung an, um sicherzustellen, dass Ihr Getriebe reibungslos und mit minimalen Ausfallzeiten arbeitet. <\/p>\n<h3>Schulung und Unterst\u00fctzung:<\/h3>\n<p>Wir bieten umfassende Schulungsprogramme f\u00fcr Ihr Wartungs- und Betriebspersonal an, damit es \u00fcber die F\u00e4higkeiten und das Wissen verf\u00fcgt, Ihre Getriebesysteme effektiv zu verwalten. Unsere fortlaufenden Unterst\u00fctzungsdienste umfassen Fern\u00fcberwachung, regelm\u00e4\u00dfige Beratungen und Vor-Ort-Besuche, um sicherzustellen, dass Ihre Ausr\u00fcstung weiterhin mit h\u00f6chster Leistung arbeitet. <\/p>\n<p>Wenn Sie sich f\u00fcr <strong>TKS Pro GmbH <\/strong>f\u00fcr Ihre Beratungsbed\u00fcrfnisse im Bereich Getriebe entscheiden, bedeutet das, dass Sie mit Branchenexperten zusammenarbeiten, die sich daf\u00fcr einsetzen, Ihnen zum operativen Erfolg zu verhelfen. Unsere Beratungsdienste sind darauf ausgelegt, den Wert Ihrer Investition zu maximieren und sicherzustellen, dass Ihre Gasturbinensysteme effizient arbeiten.<\/p>\n\t\t<\/div>\n\t\t[\/vc_column][vc_column offset=&#8220;vc_col-md-6 vc_col-xs-12&#8243; woodmart_css_id=&#8220;66ffd62fc82fc&#8220; parallax_scroll=&#8220;no&#8220; woodmart_sticky_column=&#8220;false&#8220; wd_collapsible_content_switcher=&#8220;no&#8220; wd_column_role_offcanvas_desktop=&#8220;no&#8220; wd_column_role_offcanvas_tablet=&#8220;no&#8220; wd_column_role_offcanvas_mobile=&#8220;no&#8220; wd_column_role_content_desktop=&#8220;no&#8220; wd_column_role_content_tablet=&#8220;no&#8220; wd_column_role_content_mobile=&#8220;no&#8220; mobile_bg_img_hidden=&#8220;no&#8220; tablet_bg_img_hidden=&#8220;no&#8220; woodmart_parallax=&#8220;0&#8243; woodmart_box_shadow=&#8220;no&#8220; responsive_spacing=&#8220;eyJwYXJhbV90eXBlIjoid29vZG1hcnRfcmVzcG9uc2l2ZV9zcGFjaW5nIiwic2VsZWN0b3JfaWQiOiI2NmZmZDYyZmM4MmZjIiwic2hvcnRjb2RlIjoidmNfY29sdW1uIiwiZGF0YSI6eyJ0YWJsZXQiOnt9LCJtb2JpbGUiOnt9fX0=&#8220; mobile_reset_margin=&#8220;no&#8220; tablet_reset_margin=&#8220;no&#8220; wd_z_index=&#8220;no&#8220;]\t\t<div id=\"wd-66ffd6743f432\" class=\"wd-image wd-wpb wd-rs-66ffd6743f432 text-center \">\n\t\t\t\n\t\t\t<img loading=\"lazy\" decoding=\"async\" width=\"1000\" height=\"667\" src=\"https:\/\/tkspro.eu\/wp-content\/uploads\/2024\/10\/2.-Rapair-of-Components-gas-Turbine-Engine-2.jpg\" class=\"attachment-full size-full\" alt=\"Rapair of Components gas Turbine Engine - TKS PRO Gmbh (Turbo Kompressor Service)\" srcset=\"https:\/\/tkspro.eu\/wp-content\/uploads\/2024\/10\/2.-Rapair-of-Components-gas-Turbine-Engine-2.jpg 1000w, https:\/\/tkspro.eu\/wp-content\/uploads\/2024\/10\/2.-Rapair-of-Components-gas-Turbine-Engine-2-400x267.jpg 400w, https:\/\/tkspro.eu\/wp-content\/uploads\/2024\/10\/2.-Rapair-of-Components-gas-Turbine-Engine-2-768x512.jpg 768w, https:\/\/tkspro.eu\/wp-content\/uploads\/2024\/10\/2.-Rapair-of-Components-gas-Turbine-Engine-2-430x287.jpg 430w, https:\/\/tkspro.eu\/wp-content\/uploads\/2024\/10\/2.-Rapair-of-Components-gas-Turbine-Engine-2-700x467.jpg 700w, https:\/\/tkspro.eu\/wp-content\/uploads\/2024\/10\/2.-Rapair-of-Components-gas-Turbine-Engine-2-150x100.jpg 150w\" sizes=\"auto, (max-width: 1000px) 100vw, 1000px\" \/>\n\t\t\t\t\t<\/div>\n\t\t[\/vc_column][\/vc_row]<\/p>\n<\/div>","protected":false},"excerpt":{"rendered":"<p>[vc_row][vc_column][\/vc_column][\/vc_row][vc_row content_placement=&#8220;middle&#8220; woodmart_box_shadow=&#8220;no&#8220; wd_z_index=&#8220;no&#8220; woodmart_css_id=&#8220;66ffd5c1aa165&#8243; responsive_spacing=&#8220;eyJwYXJhbV90eXBlIjoid29vZG1hcnRfcmVzcG9uc2l2ZV9zcGFjaW5nIiwic2VsZWN0b3JfaWQiOiI2NmZmZDVjMWFhMTY1Iiwic2hvcnRjb2RlIjoidmNfcm93IiwiZGF0YSI6eyJ0YWJsZXQiOnsibWFyZ2luLXRvcCI6IjMwIn0sIm1vYmlsZSI6eyJtYXJnaW4tdG9wIjoiMjAifX19&#8243; mobile_bg_img_hidden=&#8220;no&#8220; tablet_bg_img_hidden=&#8220;no&#8220; woodmart_parallax=&#8220;0&#8243; woodmart_gradient_switch=&#8220;no&#8220; row_reverse_mobile=&#8220;0&#8243; row_reverse_tablet=&#8220;0&#8243; woodmart_disable_overflow=&#8220;0&#8243; css=&#8220;.vc_custom_1728042447534{margin-top: 40px !important;}&#8220;][vc_column css=&#8220;.vc_custom_1496394309784{padding-top: 0px !important;}&#8220; offset=&#8220;vc_col-md-6<\/p>\n","protected":false},"author":1,"featured_media":0,"parent":11341,"menu_order":0,"comment_status":"closed","ping_status":"closed","template":"","meta":{"footnotes":""},"class_list":["post-11347","page","type-page","status-publish","hentry"],"_links":{"self":[{"href":"https:\/\/tkspro.eu\/de\/wp-json\/wp\/v2\/pages\/11347","targetHints":{"allow":["GET"]}}],"collection":[{"href":"https:\/\/tkspro.eu\/de\/wp-json\/wp\/v2\/pages"}],"about":[{"href":"https:\/\/tkspro.eu\/de\/wp-json\/wp\/v2\/types\/page"}],"author":[{"embeddable":true,"href":"https:\/\/tkspro.eu\/de\/wp-json\/wp\/v2\/users\/1"}],"replies":[{"embeddable":true,"href":"https:\/\/tkspro.eu\/de\/wp-json\/wp\/v2\/comments?post=11347"}],"version-history":[{"count":0,"href":"https:\/\/tkspro.eu\/de\/wp-json\/wp\/v2\/pages\/11347\/revisions"}],"up":[{"embeddable":true,"href":"https:\/\/tkspro.eu\/de\/wp-json\/wp\/v2\/pages\/11341"}],"wp:attachment":[{"href":"https:\/\/tkspro.eu\/de\/wp-json\/wp\/v2\/media?parent=11347"}],"curies":[{"name":"wp","href":"https:\/\/api.w.org\/{rel}","templated":true}]}}