{"id":11345,"date":"2024-09-05T10:06:26","date_gmt":"2024-09-05T08:06:26","guid":{"rendered":"https:\/\/tkspro.eu\/dienstleistungen\/ueberholung-des-getriebes\/inbetriebnahme\/"},"modified":"2024-10-08T21:57:40","modified_gmt":"2024-10-08T19:57:40","slug":"inbetriebnahme","status":"publish","type":"page","link":"https:\/\/tkspro.eu\/de\/dienstleistungen\/ueberholung-des-getriebes\/inbetriebnahme\/","title":{"rendered":"Inbetriebnahme"},"content":{"rendered":"<div class=\"wpb-content-wrapper\"><p>[vc_row][vc_column]\t\t<div id=\"wd-67037eaf4453b\" class=\"wd-image wd-wpb wd-rs-67037eaf4453b text-center \">\n\t\t\t\n\t\t\t<img loading=\"lazy\" decoding=\"async\" width=\"1222\" height=\"300\" src=\"https:\/\/tkspro.eu\/wp-content\/uploads\/2024\/10\/1.-Alignment-and-Corrective-Actions-1222x300.jpg\" class=\"attachment-1222x300 size-1222x300\" alt=\"Alignment and Corrective Actions - TKS PRO Gmbh (Turbo Kompressor Service)\" \/>\n\t\t\t\t\t<\/div>\n\t\t\t\t\t<link rel=\"stylesheet\" id=\"wd-section-title-css\" href=\"https:\/\/tkspro.eu\/wp-content\/themes\/woodmart\/css\/parts\/el-section-title.min.css?ver=7.5.2\" type=\"text\/css\" media=\"all\" \/> \t\t\t\t\t\t<link rel=\"stylesheet\" id=\"wd-mod-highlighted-text-css\" href=\"https:\/\/tkspro.eu\/wp-content\/themes\/woodmart\/css\/parts\/mod-highlighted-text.min.css?ver=7.5.2\" type=\"text\/css\" media=\"all\" \/> \t\t\t\n\t\t<div id=\"wd-66d9c584165ae\" class=\"title-wrapper wd-wpb set-mb-s reset-last-child  wd-rs-66d9c584165ae wd-title-color-default wd-title-style-default text-left vc_custom_1725547913828 wd-width-custom wd-underline-colored\">\n\t\t\t\n\t\t\t<div class=\"liner-continer\">\n\t\t\t\t<h2 class=\"woodmart-title-container title  wd-font-weight- wd-fontsize-l\" >Inbetriebnahme<\/h2>\n\t\t\t\t\t\t\t<\/div>\n\t\t\t\n\t\t\t\n\t\t\t\n\t\t<\/div>\n\t\t\n\t\t\t\t\t<link rel=\"stylesheet\" id=\"wd-text-block-css\" href=\"https:\/\/tkspro.eu\/wp-content\/themes\/woodmart\/css\/parts\/el-text-block.min.css?ver=7.5.2\" type=\"text\/css\" media=\"all\" \/> \t\t\t\t\t<div id=\"wd-66d972465c31c\" class=\"wd-text-block wd-wpb reset-last-child wd-rs-66d972465c31c text-left \">\n\t\t\t<p>Bei <strong>TKS Pro GmbH<\/strong> verstehen wir, dass der Inbetriebnahmeprozess ein entscheidender Schritt f\u00fcr den erfolgreichen Betrieb von Getrieben in Gasturbinen ist. Die Inbetriebnahme umfasst die sorgf\u00e4ltige und systematische Einf\u00fchrung des \u00fcberholten Getriebes in den operativen Betrieb, um sicherzustellen, dass alle Komponenten wie vorgesehen funktionieren und alle Leistungsstandards erf\u00fcllen.<\/p>\n\t\t<\/div>\n\t\t[\/vc_column][\/vc_row][vc_row content_placement=&#8220;middle&#8220; woodmart_box_shadow=&#8220;no&#8220; wd_z_index=&#8220;no&#8220; woodmart_css_id=&#8220;66ffd4d730962&#8243; responsive_spacing=&#8220;eyJwYXJhbV90eXBlIjoid29vZG1hcnRfcmVzcG9uc2l2ZV9zcGFjaW5nIiwic2VsZWN0b3JfaWQiOiI2NmZmZDRkNzMwOTYyIiwic2hvcnRjb2RlIjoidmNfcm93IiwiZGF0YSI6eyJ0YWJsZXQiOnsibWFyZ2luLXRvcCI6IjMwIn0sIm1vYmlsZSI6eyJtYXJnaW4tdG9wIjoiMjAifX19&#8243; mobile_bg_img_hidden=&#8220;no&#8220; tablet_bg_img_hidden=&#8220;no&#8220; woodmart_parallax=&#8220;0&#8243; woodmart_gradient_switch=&#8220;no&#8220; row_reverse_mobile=&#8220;0&#8243; row_reverse_tablet=&#8220;0&#8243; woodmart_disable_overflow=&#8220;0&#8243; css=&#8220;.vc_custom_1728042211847{margin-top: 40px !important;}&#8220;][vc_column css=&#8220;.vc_custom_1496394309784{padding-top: 0px !important;}&#8220; offset=&#8220;vc_col-md-6 vc_col-xs-12&#8243;]\t\t<div id=\"wd-66ffd4eaadf67\" class=\"wd-image wd-wpb wd-rs-66ffd4eaadf67 text-center \">\n\t\t\t\n\t\t\t<img loading=\"lazy\" decoding=\"async\" width=\"1000\" height=\"667\" src=\"https:\/\/tkspro.eu\/wp-content\/uploads\/2024\/10\/Alignment-and-Corrective-Actions-2.jpg\" class=\"attachment-full size-full\" alt=\"Alignment and Corrective Actions - TKS PRO Gmbh (Turbo Kompressor Service)\" srcset=\"https:\/\/tkspro.eu\/wp-content\/uploads\/2024\/10\/Alignment-and-Corrective-Actions-2.jpg 1000w, https:\/\/tkspro.eu\/wp-content\/uploads\/2024\/10\/Alignment-and-Corrective-Actions-2-400x267.jpg 400w, https:\/\/tkspro.eu\/wp-content\/uploads\/2024\/10\/Alignment-and-Corrective-Actions-2-768x512.jpg 768w, https:\/\/tkspro.eu\/wp-content\/uploads\/2024\/10\/Alignment-and-Corrective-Actions-2-430x287.jpg 430w, https:\/\/tkspro.eu\/wp-content\/uploads\/2024\/10\/Alignment-and-Corrective-Actions-2-700x467.jpg 700w, https:\/\/tkspro.eu\/wp-content\/uploads\/2024\/10\/Alignment-and-Corrective-Actions-2-150x100.jpg 150w\" sizes=\"auto, (max-width: 1000px) 100vw, 1000px\" \/>\n\t\t\t\t\t<\/div>\n\t\t[\/vc_column][vc_column offset=&#8220;vc_col-md-6 vc_col-xs-12&#8243;]\t\t<div id=\"wd-66d9c5946278d\" class=\"wd-text-block wd-wpb reset-last-child wd-rs-66d9c5946278d text-left \">\n\t\t\t<h3>Detaillierte Planung:<\/h3>\n<p>Unser Inbetriebnahmeprozess beginnt mit einer gr\u00fcndlichen Planung. Wir arbeiten eng mit Ihrem Team zusammen, um die spezifischen Anforderungen Ihres Gasturbinensystems zu verstehen und einen klaren Inbetriebnahmeplan zu erstellen. Dies umfasst die Festlegung von Zeitpl\u00e4nen, die Identifizierung wichtiger Meilensteine und die Sicherstellung, dass alle notwendigen Ressourcen bereitstehen.  <\/p>\n<h3>Pr\u00e4zise Installation:<\/h3>\n<p>W\u00e4hrend der Inbetriebnahme \u00fcberwachen unsere erfahrenen Techniker die Installation des Getriebes in das Turbinensystem. Dazu geh\u00f6rt die Ausrichtung des Getriebes mit anderen Komponenten, das Sichern aller Verbindungen und die \u00dcberpr\u00fcfung, dass alle Installationsverfahren den OEM-Spezifikationen und Industriestandards entsprechen. <\/p>\n<h3>Systemintegration und Tests:<\/h3>\n<p>Nach der Installation integrieren wir das Getriebe in das gesamte Turbinensystem. Diese Phase umfasst umfassende Tests, einschlie\u00dflich Lasttests, Schwingungsanalyse und Leistungs\u00fcberpr\u00fcfung. Unser Ziel ist es, sicherzustellen, dass das Getriebe reibungslos und effizient im System arbeitet und optimale Leistung erbringt.<\/p>\n\t\t<\/div>\n\t\t[\/vc_column][\/vc_row][vc_row content_placement=&#8220;middle&#8220; css=&#8220;.vc_custom_1728042290968{margin-top: 40px !important;}&#8220; woodmart_css_id=&#8220;66ffd52464c8d&#8220; responsive_spacing=&#8220;eyJwYXJhbV90eXBlIjoid29vZG1hcnRfcmVzcG9uc2l2ZV9zcGFjaW5nIiwic2VsZWN0b3JfaWQiOiI2NmZmZDUyNDY0YzhkIiwic2hvcnRjb2RlIjoidmNfcm93IiwiZGF0YSI6eyJ0YWJsZXQiOnsibWFyZ2luLXRvcCI6IjMwIn0sIm1vYmlsZSI6eyJtYXJnaW4tdG9wIjoiMjAifX19&#8243; mobile_bg_img_hidden=&#8220;no&#8220; tablet_bg_img_hidden=&#8220;no&#8220; woodmart_parallax=&#8220;0&#8243; woodmart_gradient_switch=&#8220;no&#8220; woodmart_box_shadow=&#8220;no&#8220; wd_z_index=&#8220;no&#8220; woodmart_disable_overflow=&#8220;0&#8243; row_reverse_mobile=&#8220;0&#8243; row_reverse_tablet=&#8220;0&#8243;][vc_column offset=&#8220;vc_col-md-6 vc_col-xs-12&#8243; woodmart_css_id=&#8220;66ffd53bea893&#8243; parallax_scroll=&#8220;no&#8220; woodmart_sticky_column=&#8220;false&#8220; wd_collapsible_content_switcher=&#8220;no&#8220; wd_column_role_offcanvas_desktop=&#8220;no&#8220; wd_column_role_offcanvas_tablet=&#8220;no&#8220; wd_column_role_offcanvas_mobile=&#8220;no&#8220; wd_column_role_content_desktop=&#8220;no&#8220; wd_column_role_content_tablet=&#8220;no&#8220; wd_column_role_content_mobile=&#8220;no&#8220; mobile_bg_img_hidden=&#8220;no&#8220; tablet_bg_img_hidden=&#8220;no&#8220; woodmart_parallax=&#8220;0&#8243; woodmart_box_shadow=&#8220;no&#8220; responsive_spacing=&#8220;eyJwYXJhbV90eXBlIjoid29vZG1hcnRfcmVzcG9uc2l2ZV9zcGFjaW5nIiwic2VsZWN0b3JfaWQiOiI2NmZmZDUzYmVhODkzIiwic2hvcnRjb2RlIjoidmNfY29sdW1uIiwiZGF0YSI6eyJ0YWJsZXQiOnt9LCJtb2JpbGUiOnt9fX0=&#8220; mobile_reset_margin=&#8220;no&#8220; tablet_reset_margin=&#8220;no&#8220; wd_z_index=&#8220;no&#8220;]\t\t<div id=\"wd-66d9c59b67c2c\" class=\"wd-text-block wd-wpb reset-last-child wd-rs-66d9c59b67c2c text-left \">\n\t\t\t<h3><strong>Feinabstimmung und Kalibrierung:<\/strong><\/h3>\n<p>Nach den ersten Tests f\u00fchren wir bei Bedarf Feinabstimmungen und Kalibrierungen durch, um sicherzustellen, dass das Getriebe perfekt funktioniert. Dazu geh\u00f6rt die Anpassung von Einstellungen und die Durchf\u00fchrung notwendiger Modifikationen, um die bestm\u00f6gliche Leistung zu erzielen. <\/p>\n<h3><strong>Abschlie\u00dfende Validierung und Berichterstattung:<\/strong><\/h3>\n<p>Der Inbetriebnahmeprozess endet mit einer abschlie\u00dfenden Validierung der Getriebeleistung. Wir stellen detaillierte Berichte zur Verf\u00fcgung, die alle Aspekte des Inbetriebnahmeprozesses dokumentieren, einschlie\u00dflich Testergebnisse, vorgenommene Anpassungen und Empfehlungen f\u00fcr die laufende Wartung. <\/p>\n<p>Die Wahl von <strong>TKS Pro GmbH<\/strong> f\u00fcr Ihre Getriebeinbetriebnahme stellt sicher, dass Ihre Ausr\u00fcstung vollst\u00e4ndig f\u00fcr einen zuverl\u00e4ssigen und effizienten Betrieb vorbereitet ist. Unser sorgf\u00e4ltiger Ansatz minimiert das Risiko von Betriebsproblemen und tr\u00e4gt dazu bei, die Lebensdauer Ihres Getriebes zu verl\u00e4ngern.<\/p>\n\t\t<\/div>\n\t\t[\/vc_column][vc_column offset=&#8220;vc_col-md-6 vc_col-xs-12&#8243; woodmart_css_id=&#8220;66ffd548580c5&#8243; parallax_scroll=&#8220;no&#8220; woodmart_sticky_column=&#8220;false&#8220; wd_collapsible_content_switcher=&#8220;no&#8220; wd_column_role_offcanvas_desktop=&#8220;no&#8220; wd_column_role_offcanvas_tablet=&#8220;no&#8220; wd_column_role_offcanvas_mobile=&#8220;no&#8220; wd_column_role_content_desktop=&#8220;no&#8220; wd_column_role_content_tablet=&#8220;no&#8220; wd_column_role_content_mobile=&#8220;no&#8220; mobile_bg_img_hidden=&#8220;no&#8220; tablet_bg_img_hidden=&#8220;no&#8220; woodmart_parallax=&#8220;0&#8243; woodmart_box_shadow=&#8220;no&#8220; responsive_spacing=&#8220;eyJwYXJhbV90eXBlIjoid29vZG1hcnRfcmVzcG9uc2l2ZV9zcGFjaW5nIiwic2VsZWN0b3JfaWQiOiI2NmZmZDU0ODU4MGM1Iiwic2hvcnRjb2RlIjoidmNfY29sdW1uIiwiZGF0YSI6eyJ0YWJsZXQiOnt9LCJtb2JpbGUiOnt9fX0=&#8220; mobile_reset_margin=&#8220;no&#8220; tablet_reset_margin=&#8220;no&#8220; wd_z_index=&#8220;no&#8220;]\t\t<div id=\"wd-66ffd55950fa3\" class=\"wd-image wd-wpb wd-rs-66ffd55950fa3 text-center \">\n\t\t\t\n\t\t\t<img loading=\"lazy\" decoding=\"async\" width=\"1137\" height=\"558\" src=\"https:\/\/tkspro.eu\/wp-content\/uploads\/2024\/10\/5.3-Overhaul-of-Compressor-Equipment.png\" class=\"attachment-full size-full\" alt=\"Overhaul of Compressor Equipment - TKS PRO Gmbh (Turbo Kompressor Service)\" srcset=\"https:\/\/tkspro.eu\/wp-content\/uploads\/2024\/10\/5.3-Overhaul-of-Compressor-Equipment.png 1137w, https:\/\/tkspro.eu\/wp-content\/uploads\/2024\/10\/5.3-Overhaul-of-Compressor-Equipment-400x196.png 400w, https:\/\/tkspro.eu\/wp-content\/uploads\/2024\/10\/5.3-Overhaul-of-Compressor-Equipment-768x377.png 768w, https:\/\/tkspro.eu\/wp-content\/uploads\/2024\/10\/5.3-Overhaul-of-Compressor-Equipment-430x211.png 430w, https:\/\/tkspro.eu\/wp-content\/uploads\/2024\/10\/5.3-Overhaul-of-Compressor-Equipment-700x344.png 700w, https:\/\/tkspro.eu\/wp-content\/uploads\/2024\/10\/5.3-Overhaul-of-Compressor-Equipment-150x74.png 150w\" sizes=\"auto, (max-width: 1137px) 100vw, 1137px\" \/>\n\t\t\t\t\t<\/div>\n\t\t[\/vc_column][\/vc_row]<\/p>\n<\/div>","protected":false},"excerpt":{"rendered":"<p>[vc_row][vc_column][\/vc_column][\/vc_row][vc_row content_placement=&#8220;middle&#8220; woodmart_box_shadow=&#8220;no&#8220; wd_z_index=&#8220;no&#8220; woodmart_css_id=&#8220;66ffd4d730962&#8243; responsive_spacing=&#8220;eyJwYXJhbV90eXBlIjoid29vZG1hcnRfcmVzcG9uc2l2ZV9zcGFjaW5nIiwic2VsZWN0b3JfaWQiOiI2NmZmZDRkNzMwOTYyIiwic2hvcnRjb2RlIjoidmNfcm93IiwiZGF0YSI6eyJ0YWJsZXQiOnsibWFyZ2luLXRvcCI6IjMwIn0sIm1vYmlsZSI6eyJtYXJnaW4tdG9wIjoiMjAifX19&#8243; mobile_bg_img_hidden=&#8220;no&#8220; tablet_bg_img_hidden=&#8220;no&#8220; woodmart_parallax=&#8220;0&#8243; woodmart_gradient_switch=&#8220;no&#8220; row_reverse_mobile=&#8220;0&#8243; row_reverse_tablet=&#8220;0&#8243; woodmart_disable_overflow=&#8220;0&#8243; css=&#8220;.vc_custom_1728042211847{margin-top: 40px !important;}&#8220;][vc_column css=&#8220;.vc_custom_1496394309784{padding-top: 0px !important;}&#8220; offset=&#8220;vc_col-md-6<\/p>\n","protected":false},"author":1,"featured_media":0,"parent":11341,"menu_order":0,"comment_status":"closed","ping_status":"closed","template":"","meta":{"footnotes":""},"class_list":["post-11345","page","type-page","status-publish","hentry"],"_links":{"self":[{"href":"https:\/\/tkspro.eu\/de\/wp-json\/wp\/v2\/pages\/11345","targetHints":{"allow":["GET"]}}],"collection":[{"href":"https:\/\/tkspro.eu\/de\/wp-json\/wp\/v2\/pages"}],"about":[{"href":"https:\/\/tkspro.eu\/de\/wp-json\/wp\/v2\/types\/page"}],"author":[{"embeddable":true,"href":"https:\/\/tkspro.eu\/de\/wp-json\/wp\/v2\/users\/1"}],"replies":[{"embeddable":true,"href":"https:\/\/tkspro.eu\/de\/wp-json\/wp\/v2\/comments?post=11345"}],"version-history":[{"count":0,"href":"https:\/\/tkspro.eu\/de\/wp-json\/wp\/v2\/pages\/11345\/revisions"}],"up":[{"embeddable":true,"href":"https:\/\/tkspro.eu\/de\/wp-json\/wp\/v2\/pages\/11341"}],"wp:attachment":[{"href":"https:\/\/tkspro.eu\/de\/wp-json\/wp\/v2\/media?parent=11345"}],"curies":[{"name":"wp","href":"https:\/\/api.w.org\/{rel}","templated":true}]}}