{"id":11343,"date":"2024-09-05T09:46:58","date_gmt":"2024-09-05T07:46:58","guid":{"rendered":"https:\/\/tkspro.eu\/dienstleistungen\/ueberholung-des-getriebes\/ausrichtung-und-korrekturmassnahmen\/"},"modified":"2024-10-08T21:54:04","modified_gmt":"2024-10-08T19:54:04","slug":"ausrichtung-und-korrekturmassnahmen","status":"publish","type":"page","link":"https:\/\/tkspro.eu\/de\/dienstleistungen\/ueberholung-des-getriebes\/ausrichtung-und-korrekturmassnahmen\/","title":{"rendered":"Ausrichtung und Korrekturma\u00dfnahmen"},"content":{"rendered":"<div class=\"wpb-content-wrapper\"><p>[vc_row][vc_column]\t\t<div id=\"wd-67037e8bc7e79\" class=\"wd-image wd-wpb wd-rs-67037e8bc7e79 text-center \">\n\t\t\t\n\t\t\t<img loading=\"lazy\" decoding=\"async\" width=\"1222\" height=\"300\" src=\"https:\/\/tkspro.eu\/wp-content\/uploads\/2024\/10\/1.-Alignment-and-Corrective-Actions-1222x300.jpg\" class=\"attachment-1222x300 size-1222x300\" alt=\"Alignment and Corrective Actions - TKS PRO Gmbh (Turbo Kompressor Service)\" \/>\n\t\t\t\t\t<\/div>\n\t\t\t\t\t<link rel=\"stylesheet\" id=\"wd-section-title-css\" href=\"https:\/\/tkspro.eu\/wp-content\/themes\/woodmart\/css\/parts\/el-section-title.min.css?ver=7.5.2\" type=\"text\/css\" media=\"all\" \/> \t\t\t\t\t\t<link rel=\"stylesheet\" id=\"wd-mod-highlighted-text-css\" href=\"https:\/\/tkspro.eu\/wp-content\/themes\/woodmart\/css\/parts\/mod-highlighted-text.min.css?ver=7.5.2\" type=\"text\/css\" media=\"all\" \/> \t\t\t\n\t\t<div id=\"wd-66d9c4bd85cbf\" class=\"title-wrapper wd-wpb set-mb-s reset-last-child  wd-rs-66d9c4bd85cbf wd-title-color-default wd-title-style-default text-left vc_custom_1725547717377 wd-width-custom wd-underline-colored\">\n\t\t\t\n\t\t\t<div class=\"liner-continer\">\n\t\t\t\t<h2 class=\"woodmart-title-container title  wd-font-weight- wd-fontsize-l\" >Ausrichtung und Korrekturma\u00dfnahmen<\/h2>\n\t\t\t\t\t\t\t<\/div>\n\t\t\t\n\t\t\t\n\t\t\t\n\t\t<\/div>\n\t\t\n\t\t\t\t\t<link rel=\"stylesheet\" id=\"wd-text-block-css\" href=\"https:\/\/tkspro.eu\/wp-content\/themes\/woodmart\/css\/parts\/el-text-block.min.css?ver=7.5.2\" type=\"text\/css\" media=\"all\" \/> \t\t\t\t\t<div id=\"wd-66d970aebea16\" class=\"wd-text-block wd-wpb reset-last-child wd-rs-66d970aebea16 text-left \">\n\t\t\t<p>Eine korrekte Ausrichtung ist entscheidend f\u00fcr den effizienten und zuverl\u00e4ssigen Betrieb von Getrieben in Gasturbinen. Eine Fehlstellung kann zu \u00fcberm\u00e4\u00dfigem Verschlei\u00df, Vibrationen und letztendlich zu einem vorzeitigen Ausfall kritischer Komponenten f\u00fchren. Bei <strong>TKS Pro GmbH<\/strong> sind wir auf pr\u00e4zise Ausrichtung und Korrekturma\u00dfnahmen im Rahmen unserer Getriebe\u00fcberholungsdienste spezialisiert, um sicherzustellen, dass Ihre Ausr\u00fcstung mit h\u00f6chster Leistung arbeitet.<\/p>\n\t\t<\/div>\n\t\t[\/vc_column][\/vc_row][vc_row content_placement=&#8220;middle&#8220; woodmart_box_shadow=&#8220;no&#8220; wd_z_index=&#8220;no&#8220; woodmart_css_id=&#8220;66ffd2930f7ed&#8220; responsive_spacing=&#8220;eyJwYXJhbV90eXBlIjoid29vZG1hcnRfcmVzcG9uc2l2ZV9zcGFjaW5nIiwic2VsZWN0b3JfaWQiOiI2NmZmZDI5MzBmN2VkIiwic2hvcnRjb2RlIjoidmNfcm93IiwiZGF0YSI6eyJ0YWJsZXQiOnsibWFyZ2luLXRvcCI6IjMwIn0sIm1vYmlsZSI6eyJtYXJnaW4tdG9wIjoiMjAifX19&#8243; mobile_bg_img_hidden=&#8220;no&#8220; tablet_bg_img_hidden=&#8220;no&#8220; woodmart_parallax=&#8220;0&#8243; woodmart_gradient_switch=&#8220;no&#8220; row_reverse_mobile=&#8220;0&#8243; row_reverse_tablet=&#8220;0&#8243; woodmart_disable_overflow=&#8220;0&#8243; css=&#8220;.vc_custom_1728041633399{margin-top: 40px !important;}&#8220;][vc_column css=&#8220;.vc_custom_1496394309784{padding-top: 0px !important;}&#8220; offset=&#8220;vc_col-md-6 vc_col-xs-12&#8243;]\t\t<div id=\"wd-66ffd49eb7cb4\" class=\"wd-image wd-wpb wd-rs-66ffd49eb7cb4 text-center \">\n\t\t\t\n\t\t\t<img loading=\"lazy\" decoding=\"async\" width=\"1000\" height=\"667\" src=\"https:\/\/tkspro.eu\/wp-content\/uploads\/2024\/10\/Alignment-and-Corrective-Actions-3.jpg\" class=\"attachment-full size-full\" alt=\"Alignment and Corrective Actions - TKS PRO Gmbh (Turbo Kompressor Service)\" srcset=\"https:\/\/tkspro.eu\/wp-content\/uploads\/2024\/10\/Alignment-and-Corrective-Actions-3.jpg 1000w, https:\/\/tkspro.eu\/wp-content\/uploads\/2024\/10\/Alignment-and-Corrective-Actions-3-400x267.jpg 400w, https:\/\/tkspro.eu\/wp-content\/uploads\/2024\/10\/Alignment-and-Corrective-Actions-3-768x512.jpg 768w, https:\/\/tkspro.eu\/wp-content\/uploads\/2024\/10\/Alignment-and-Corrective-Actions-3-430x287.jpg 430w, https:\/\/tkspro.eu\/wp-content\/uploads\/2024\/10\/Alignment-and-Corrective-Actions-3-700x467.jpg 700w, https:\/\/tkspro.eu\/wp-content\/uploads\/2024\/10\/Alignment-and-Corrective-Actions-3-150x100.jpg 150w\" sizes=\"auto, (max-width: 1000px) 100vw, 1000px\" \/>\n\t\t\t\t\t<\/div>\n\t\t[\/vc_column][vc_column offset=&#8220;vc_col-md-6 vc_col-xs-12&#8243;]\t\t<div id=\"wd-66d970cb67dae\" class=\"wd-text-block wd-wpb reset-last-child wd-rs-66d970cb67dae text-left \">\n\t\t\t<p><strong>Ausrichtungsdienste:<\/strong> Unser Ausrichtungsprozess beginnt mit einer detaillierten Analyse des Getriebes und seiner Verbindung zu anderen Komponenten im Turbinensystem. Mithilfe fortschrittlicher Laserausrichtungswerkzeuge stellen unsere Techniker sicher, dass alle Teile perfekt ausgerichtet sind, um Spannungen zu minimieren und die Effizienz zu maximieren. Eine korrekte Ausrichtung reduziert Vibrationen, senkt das Risiko von Komponentenausf\u00e4llen und verl\u00e4ngert die Lebensdauer Ihres Getriebes.  <\/p>\n<p><strong>Korrekturma\u00dfnahmen:<\/strong> Wenn eine Fehlstellung oder andere Probleme festgestellt werden, f\u00fchrt unser Team die notwendigen Korrekturma\u00dfnahmen durch. Dies kann die Neuausrichtung von Wellen, die Anpassung von Lagern oder den Austausch abgenutzter Komponenten umfassen. Unser Ziel ist es, Ihr Getriebe in einen optimalen Zustand zu versetzen und einen reibungslosen und effizienten Betrieb zu gew\u00e4hrleisten.<\/p>\n\t\t<\/div>\n\t\t[\/vc_column][\/vc_row][vc_row content_placement=&#8220;middle&#8220; css=&#8220;.vc_custom_1728047104598{margin-top: 40px !important;}&#8220; woodmart_css_id=&#8220;66ffe7f8e627a&#8220; responsive_spacing=&#8220;eyJwYXJhbV90eXBlIjoid29vZG1hcnRfcmVzcG9uc2l2ZV9zcGFjaW5nIiwic2VsZWN0b3JfaWQiOiI2NmZmZTdmOGU2MjdhIiwic2hvcnRjb2RlIjoidmNfcm93IiwiZGF0YSI6eyJ0YWJsZXQiOnsibWFyZ2luLXRvcCI6IjMwcHgifSwibW9iaWxlIjp7Im1hcmdpbi10b3AiOiIyMHB4In19fQ==&#8220; mobile_bg_img_hidden=&#8220;no&#8220; tablet_bg_img_hidden=&#8220;no&#8220; woodmart_parallax=&#8220;0&#8243; woodmart_gradient_switch=&#8220;no&#8220; woodmart_box_shadow=&#8220;no&#8220; wd_z_index=&#8220;no&#8220; woodmart_disable_overflow=&#8220;0&#8243; row_reverse_mobile=&#8220;0&#8243; row_reverse_tablet=&#8220;0&#8243;][vc_column offset=&#8220;vc_col-md-6 vc_col-xs-12&#8243; woodmart_css_id=&#8220;66ffe80596dc2&#8243; parallax_scroll=&#8220;no&#8220; woodmart_sticky_column=&#8220;false&#8220; wd_collapsible_content_switcher=&#8220;no&#8220; wd_column_role_offcanvas_desktop=&#8220;no&#8220; wd_column_role_offcanvas_tablet=&#8220;no&#8220; wd_column_role_offcanvas_mobile=&#8220;no&#8220; wd_column_role_content_desktop=&#8220;no&#8220; wd_column_role_content_tablet=&#8220;no&#8220; wd_column_role_content_mobile=&#8220;no&#8220; mobile_bg_img_hidden=&#8220;no&#8220; tablet_bg_img_hidden=&#8220;no&#8220; woodmart_parallax=&#8220;0&#8243; woodmart_box_shadow=&#8220;no&#8220; responsive_spacing=&#8220;eyJwYXJhbV90eXBlIjoid29vZG1hcnRfcmVzcG9uc2l2ZV9zcGFjaW5nIiwic2VsZWN0b3JfaWQiOiI2NmZmZTgwNTk2ZGMyIiwic2hvcnRjb2RlIjoidmNfY29sdW1uIiwiZGF0YSI6eyJ0YWJsZXQiOnt9LCJtb2JpbGUiOnt9fX0=&#8220; mobile_reset_margin=&#8220;no&#8220; tablet_reset_margin=&#8220;no&#8220; wd_z_index=&#8220;no&#8220;]\t\t<div id=\"wd-66d961e6993aa\" class=\"wd-text-block wd-wpb reset-last-child wd-rs-66d961e6993aa text-left \">\n\t\t\t<p><strong>Umfassende Berichterstattung:<\/strong> Nach Abschluss der Ausrichtung und Korrekturma\u00dfnahmen stellen wir einen detaillierten Bericht zur Verf\u00fcgung, der die Ergebnisse der Ausrichtung, die durchgef\u00fchrten Korrekturma\u00dfnahmen und Empfehlungen f\u00fcr zuk\u00fcnftige Wartungen enth\u00e4lt. Diese Dokumentation gibt Ihnen einen klaren \u00dcberblick \u00fcber die durchgef\u00fchrten Arbeiten und den aktuellen Zustand Ihres Getriebes. <\/p>\n<p>Mit der Wahl von <strong>TKS Pro GmbH<\/strong> f\u00fcr die Ausrichtung und Korrekturma\u00dfnahmen Ihres Getriebes investieren Sie in die langfristige Zuverl\u00e4ssigkeit und Leistung Ihrer Gasturbine. Unsere fachkundigen Dienstleistungen helfen, kostspielige Ausfallzeiten zu verhindern und die Betriebsdauer Ihrer Ausr\u00fcstung zu verl\u00e4ngern.<\/p>\n\t\t<\/div>\n\t\t[\/vc_column][vc_column offset=&#8220;vc_col-md-6 vc_col-xs-12&#8243; woodmart_css_id=&#8220;66ffe81132e31&#8243; parallax_scroll=&#8220;no&#8220; woodmart_sticky_column=&#8220;false&#8220; wd_collapsible_content_switcher=&#8220;no&#8220; wd_column_role_offcanvas_desktop=&#8220;no&#8220; wd_column_role_offcanvas_tablet=&#8220;no&#8220; wd_column_role_offcanvas_mobile=&#8220;no&#8220; wd_column_role_content_desktop=&#8220;no&#8220; wd_column_role_content_tablet=&#8220;no&#8220; wd_column_role_content_mobile=&#8220;no&#8220; mobile_bg_img_hidden=&#8220;no&#8220; tablet_bg_img_hidden=&#8220;no&#8220; woodmart_parallax=&#8220;0&#8243; woodmart_box_shadow=&#8220;no&#8220; responsive_spacing=&#8220;eyJwYXJhbV90eXBlIjoid29vZG1hcnRfcmVzcG9uc2l2ZV9zcGFjaW5nIiwic2VsZWN0b3JfaWQiOiI2NmZmZTgxMTMyZTMxIiwic2hvcnRjb2RlIjoidmNfY29sdW1uIiwiZGF0YSI6eyJ0YWJsZXQiOnt9LCJtb2JpbGUiOnt9fX0=&#8220; mobile_reset_margin=&#8220;no&#8220; tablet_reset_margin=&#8220;no&#8220; wd_z_index=&#8220;no&#8220;]\t\t<div id=\"wd-66ffe820da0f7\" class=\"wd-image wd-wpb wd-rs-66ffe820da0f7 text-center \">\n\t\t\t\n\t\t\t<img loading=\"lazy\" decoding=\"async\" width=\"1000\" height=\"668\" src=\"https:\/\/tkspro.eu\/wp-content\/uploads\/2024\/10\/3.-Repair-of-Attachments-of-Gas-Turbine-Engines.jpg\" class=\"attachment-full size-full\" alt=\"Repair of Attachments of Gas Turbine Engines - TKS PRO Gmbh (Turbo Kompressor Service)\" srcset=\"https:\/\/tkspro.eu\/wp-content\/uploads\/2024\/10\/3.-Repair-of-Attachments-of-Gas-Turbine-Engines.jpg 1000w, https:\/\/tkspro.eu\/wp-content\/uploads\/2024\/10\/3.-Repair-of-Attachments-of-Gas-Turbine-Engines-400x267.jpg 400w, https:\/\/tkspro.eu\/wp-content\/uploads\/2024\/10\/3.-Repair-of-Attachments-of-Gas-Turbine-Engines-768x513.jpg 768w, https:\/\/tkspro.eu\/wp-content\/uploads\/2024\/10\/3.-Repair-of-Attachments-of-Gas-Turbine-Engines-430x287.jpg 430w, https:\/\/tkspro.eu\/wp-content\/uploads\/2024\/10\/3.-Repair-of-Attachments-of-Gas-Turbine-Engines-700x468.jpg 700w, https:\/\/tkspro.eu\/wp-content\/uploads\/2024\/10\/3.-Repair-of-Attachments-of-Gas-Turbine-Engines-150x100.jpg 150w\" sizes=\"auto, (max-width: 1000px) 100vw, 1000px\" \/>\n\t\t\t\t\t<\/div>\n\t\t[\/vc_column][\/vc_row]<\/p>\n<\/div>","protected":false},"excerpt":{"rendered":"<p>[vc_row][vc_column][\/vc_column][\/vc_row][vc_row content_placement=&#8220;middle&#8220; woodmart_box_shadow=&#8220;no&#8220; wd_z_index=&#8220;no&#8220; woodmart_css_id=&#8220;66ffd2930f7ed&#8220; responsive_spacing=&#8220;eyJwYXJhbV90eXBlIjoid29vZG1hcnRfcmVzcG9uc2l2ZV9zcGFjaW5nIiwic2VsZWN0b3JfaWQiOiI2NmZmZDI5MzBmN2VkIiwic2hvcnRjb2RlIjoidmNfcm93IiwiZGF0YSI6eyJ0YWJsZXQiOnsibWFyZ2luLXRvcCI6IjMwIn0sIm1vYmlsZSI6eyJtYXJnaW4tdG9wIjoiMjAifX19&#8243; mobile_bg_img_hidden=&#8220;no&#8220; tablet_bg_img_hidden=&#8220;no&#8220; woodmart_parallax=&#8220;0&#8243; woodmart_gradient_switch=&#8220;no&#8220; row_reverse_mobile=&#8220;0&#8243; row_reverse_tablet=&#8220;0&#8243; woodmart_disable_overflow=&#8220;0&#8243; css=&#8220;.vc_custom_1728041633399{margin-top: 40px !important;}&#8220;][vc_column css=&#8220;.vc_custom_1496394309784{padding-top: 0px !important;}&#8220; offset=&#8220;vc_col-md-6<\/p>\n","protected":false},"author":1,"featured_media":0,"parent":11341,"menu_order":0,"comment_status":"closed","ping_status":"closed","template":"","meta":{"footnotes":""},"class_list":["post-11343","page","type-page","status-publish","hentry"],"_links":{"self":[{"href":"https:\/\/tkspro.eu\/de\/wp-json\/wp\/v2\/pages\/11343","targetHints":{"allow":["GET"]}}],"collection":[{"href":"https:\/\/tkspro.eu\/de\/wp-json\/wp\/v2\/pages"}],"about":[{"href":"https:\/\/tkspro.eu\/de\/wp-json\/wp\/v2\/types\/page"}],"author":[{"embeddable":true,"href":"https:\/\/tkspro.eu\/de\/wp-json\/wp\/v2\/users\/1"}],"replies":[{"embeddable":true,"href":"https:\/\/tkspro.eu\/de\/wp-json\/wp\/v2\/comments?post=11343"}],"version-history":[{"count":0,"href":"https:\/\/tkspro.eu\/de\/wp-json\/wp\/v2\/pages\/11343\/revisions"}],"up":[{"embeddable":true,"href":"https:\/\/tkspro.eu\/de\/wp-json\/wp\/v2\/pages\/11341"}],"wp:attachment":[{"href":"https:\/\/tkspro.eu\/de\/wp-json\/wp\/v2\/media?parent=11343"}],"curies":[{"name":"wp","href":"https:\/\/api.w.org\/{rel}","templated":true}]}}