{"id":11317,"date":"2024-08-31T18:25:59","date_gmt":"2024-08-31T16:25:59","guid":{"rendered":"https:\/\/tkspro.eu\/dienstleistungen\/ueberholung-von-kompressoranlagen\/feld-und-werkstatt-auswuchten\/"},"modified":"2024-10-08T21:22:10","modified_gmt":"2024-10-08T19:22:10","slug":"feld-und-werkstatt-auswuchten","status":"publish","type":"page","link":"https:\/\/tkspro.eu\/de\/dienstleistungen\/ueberholung-von-kompressoranlagen\/feld-und-werkstatt-auswuchten\/","title":{"rendered":"Feld- und Werkstatt-Auswuchten"},"content":{"rendered":"<div class=\"wpb-content-wrapper\"><p>[vc_row][vc_column]\t\t<div id=\"wd-67037dbd73f1c\" class=\"wd-image wd-wpb wd-rs-67037dbd73f1c text-center \">\n\t\t\t\n\t\t\t<img loading=\"lazy\" decoding=\"async\" width=\"1222\" height=\"300\" src=\"https:\/\/tkspro.eu\/wp-content\/uploads\/2024\/10\/Alignment-and-Corrective-Actions-1.2-1222x300.jpg\" class=\"attachment-1222x300 size-1222x300\" alt=\"Alignment and Corrective Actions - TKS PRO Gmbh (Turbo Kompressor Service)\" \/>\n\t\t\t\t\t<\/div>\n\t\t\t\t\t<link rel=\"stylesheet\" id=\"wd-section-title-css\" href=\"https:\/\/tkspro.eu\/wp-content\/themes\/woodmart\/css\/parts\/el-section-title.min.css?ver=7.5.2\" type=\"text\/css\" media=\"all\" \/> \t\t\t\t\t\t<link rel=\"stylesheet\" id=\"wd-mod-highlighted-text-css\" href=\"https:\/\/tkspro.eu\/wp-content\/themes\/woodmart\/css\/parts\/mod-highlighted-text.min.css?ver=7.5.2\" type=\"text\/css\" media=\"all\" \/> \t\t\t\n\t\t<div id=\"wd-66d9dd97cc2ad\" class=\"title-wrapper wd-wpb set-mb-s reset-last-child  wd-rs-66d9dd97cc2ad wd-title-color-default wd-title-style-default text-left vc_custom_1725554078314 wd-width-custom wd-underline-colored\">\n\t\t\t\n\t\t\t<div class=\"liner-continer\">\n\t\t\t\t<h2 class=\"woodmart-title-container title  wd-font-weight- wd-fontsize-l\" >Feld- und Werkstatt-Auswuchten<\/h2>\n\t\t\t\t\t\t\t<\/div>\n\t\t\t\n\t\t\t\n\t\t\t\n\t\t<\/div>\n\t\t\n\t\t\t\t\t<link rel=\"stylesheet\" id=\"wd-text-block-css\" href=\"https:\/\/tkspro.eu\/wp-content\/themes\/woodmart\/css\/parts\/el-text-block.min.css?ver=7.5.2\" type=\"text\/css\" media=\"all\" \/> \t\t\t\t\t<div id=\"wd-66d9dda89dc52\" class=\"wd-text-block wd-wpb reset-last-child wd-rs-66d9dda89dc52 text-left \">\n\t\t\t<p>Das Auswuchten ist entscheidend, um Vibrationen zu reduzieren und die Lebensdauer Ihrer Kompressoranlage zu gew\u00e4hrleisten. <strong>TKS Pro GmbH<\/strong> bietet sowohl vor Ort (Feld-) als auch in der Werkstatt durchgef\u00fchrte Auswuchtungsdienste an, die auf Ihre spezifischen Bed\u00fcrfnisse zugeschnitten sind.<\/p>\n\t\t<\/div>\n\t\t[\/vc_column][\/vc_row][vc_row content_placement=&#8220;middle&#8220; woodmart_box_shadow=&#8220;no&#8220; wd_z_index=&#8220;no&#8220; woodmart_css_id=&#8220;66fff1febd7ff&#8220; responsive_spacing=&#8220;eyJwYXJhbV90eXBlIjoid29vZG1hcnRfcmVzcG9uc2l2ZV9zcGFjaW5nIiwic2VsZWN0b3JfaWQiOiI2NmZmZjFmZWJkN2ZmIiwic2hvcnRjb2RlIjoidmNfcm93IiwiZGF0YSI6eyJ0YWJsZXQiOnsibWFyZ2luLXRvcCI6IjMwcHgifSwibW9iaWxlIjp7Im1hcmdpbi10b3AiOiIyMHB4In19fQ==&#8220; mobile_bg_img_hidden=&#8220;no&#8220; tablet_bg_img_hidden=&#8220;no&#8220; woodmart_parallax=&#8220;0&#8243; woodmart_gradient_switch=&#8220;no&#8220; row_reverse_mobile=&#8220;0&#8243; row_reverse_tablet=&#8220;0&#8243; woodmart_disable_overflow=&#8220;0&#8243; css=&#8220;.vc_custom_1728049668418{margin-top: 40px !important;}&#8220;][vc_column css=&#8220;.vc_custom_1496394309784{padding-top: 0px !important;}&#8220; offset=&#8220;vc_col-md-6 vc_col-xs-12&#8243;]\t\t<div id=\"wd-66fff223ec36a\" class=\"wd-image wd-wpb wd-rs-66fff223ec36a text-center \">\n\t\t\t\n\t\t\t<img loading=\"lazy\" decoding=\"async\" width=\"1000\" height=\"668\" src=\"https:\/\/tkspro.eu\/wp-content\/uploads\/2024\/10\/5.2-Overhaul-of-Compressor-Equipment.jpg\" class=\"attachment-full size-full\" alt=\"Overhaul of Compressor Equipment - TKS PRO Gmbh (Turbo Kompressor Service)\" srcset=\"https:\/\/tkspro.eu\/wp-content\/uploads\/2024\/10\/5.2-Overhaul-of-Compressor-Equipment.jpg 1000w, https:\/\/tkspro.eu\/wp-content\/uploads\/2024\/10\/5.2-Overhaul-of-Compressor-Equipment-400x267.jpg 400w, https:\/\/tkspro.eu\/wp-content\/uploads\/2024\/10\/5.2-Overhaul-of-Compressor-Equipment-768x513.jpg 768w, https:\/\/tkspro.eu\/wp-content\/uploads\/2024\/10\/5.2-Overhaul-of-Compressor-Equipment-430x287.jpg 430w, https:\/\/tkspro.eu\/wp-content\/uploads\/2024\/10\/5.2-Overhaul-of-Compressor-Equipment-700x468.jpg 700w, https:\/\/tkspro.eu\/wp-content\/uploads\/2024\/10\/5.2-Overhaul-of-Compressor-Equipment-150x100.jpg 150w\" sizes=\"auto, (max-width: 1000px) 100vw, 1000px\" \/>\n\t\t\t\t\t<\/div>\n\t\t[\/vc_column][vc_column offset=&#8220;vc_col-md-6 vc_col-xs-12&#8243;]\t\t<div id=\"wd-66d343f88b108\" class=\"wd-text-block wd-wpb reset-last-child wd-rs-66d343f88b108 text-left \">\n\t\t\t<p>Unsere Techniker verwenden modernste Ger\u00e4te, um Unwuchten in rotierenden Teilen zu erkennen und zu korrigieren, wodurch der Verschlei\u00df Ihrer Maschinen minimiert wird. Unabh\u00e4ngig davon, ob Ihre Ausr\u00fcstung sofortige vor Ort Aufmerksamkeit erfordert oder eine kontrollierte Umgebung in unserer Werkstatt ben\u00f6tigt, bieten wir pr\u00e4zise Auswuchtl\u00f6sungen, die die Effizienz verbessern, den Betriebsger\u00e4uschpegel reduzieren und kostspielige Ausfallzeiten verhindern.<\/p>\n\t\t<\/div>\n\t\t\t\t<div id=\"wd-66d9ddbb89ac5\" class=\"wd-text-block wd-wpb reset-last-child wd-rs-66d9ddbb89ac5 text-left \">\n\t\t\t<p><strong><em>Verlassen Sie sich auf TKS Pro GmbH f\u00fcr erstklassige Auswuchtungsdienste, die Ihre Betriebsabl\u00e4ufe reibungslos halten.<\/em><\/strong><\/p>\n\t\t<\/div>\n\t\t[\/vc_column][\/vc_row]<\/p>\n<\/div>","protected":false},"excerpt":{"rendered":"<p>[vc_row][vc_column][\/vc_column][\/vc_row][vc_row content_placement=&#8220;middle&#8220; woodmart_box_shadow=&#8220;no&#8220; wd_z_index=&#8220;no&#8220; woodmart_css_id=&#8220;66fff1febd7ff&#8220; responsive_spacing=&#8220;eyJwYXJhbV90eXBlIjoid29vZG1hcnRfcmVzcG9uc2l2ZV9zcGFjaW5nIiwic2VsZWN0b3JfaWQiOiI2NmZmZjFmZWJkN2ZmIiwic2hvcnRjb2RlIjoidmNfcm93IiwiZGF0YSI6eyJ0YWJsZXQiOnsibWFyZ2luLXRvcCI6IjMwcHgifSwibW9iaWxlIjp7Im1hcmdpbi10b3AiOiIyMHB4In19fQ==&#8220; mobile_bg_img_hidden=&#8220;no&#8220; tablet_bg_img_hidden=&#8220;no&#8220; woodmart_parallax=&#8220;0&#8243; woodmart_gradient_switch=&#8220;no&#8220; row_reverse_mobile=&#8220;0&#8243; row_reverse_tablet=&#8220;0&#8243; woodmart_disable_overflow=&#8220;0&#8243; css=&#8220;.vc_custom_1728049668418{margin-top: 40px !important;}&#8220;][vc_column css=&#8220;.vc_custom_1496394309784{padding-top: 0px !important;}&#8220; offset=&#8220;vc_col-md-6<\/p>\n","protected":false},"author":1,"featured_media":0,"parent":11305,"menu_order":0,"comment_status":"closed","ping_status":"closed","template":"","meta":{"footnotes":""},"class_list":["post-11317","page","type-page","status-publish","hentry"],"_links":{"self":[{"href":"https:\/\/tkspro.eu\/de\/wp-json\/wp\/v2\/pages\/11317","targetHints":{"allow":["GET"]}}],"collection":[{"href":"https:\/\/tkspro.eu\/de\/wp-json\/wp\/v2\/pages"}],"about":[{"href":"https:\/\/tkspro.eu\/de\/wp-json\/wp\/v2\/types\/page"}],"author":[{"embeddable":true,"href":"https:\/\/tkspro.eu\/de\/wp-json\/wp\/v2\/users\/1"}],"replies":[{"embeddable":true,"href":"https:\/\/tkspro.eu\/de\/wp-json\/wp\/v2\/comments?post=11317"}],"version-history":[{"count":0,"href":"https:\/\/tkspro.eu\/de\/wp-json\/wp\/v2\/pages\/11317\/revisions"}],"up":[{"embeddable":true,"href":"https:\/\/tkspro.eu\/de\/wp-json\/wp\/v2\/pages\/11305"}],"wp:attachment":[{"href":"https:\/\/tkspro.eu\/de\/wp-json\/wp\/v2\/media?parent=11317"}],"curies":[{"name":"wp","href":"https:\/\/api.w.org\/{rel}","templated":true}]}}