{"id":11305,"date":"2024-08-31T18:17:51","date_gmt":"2024-08-31T16:17:51","guid":{"rendered":"https:\/\/tkspro.eu\/dienstleistungen\/ueberholung-von-kompressoranlagen\/"},"modified":"2024-10-08T21:11:24","modified_gmt":"2024-10-08T19:11:24","slug":"ueberholung-von-kompressoranlagen","status":"publish","type":"page","link":"https:\/\/tkspro.eu\/de\/dienstleistungen\/ueberholung-von-kompressoranlagen\/","title":{"rendered":"\u00dcberholung von Kompressoranlagen"},"content":{"rendered":"<div class=\"wpb-content-wrapper\"><p>[vc_row][vc_column]\t\t<div id=\"wd-67037d0973d25\" class=\"wd-image wd-wpb wd-rs-67037d0973d25 text-center \">\n\t\t\t\n\t\t\t<img loading=\"lazy\" decoding=\"async\" width=\"1222\" height=\"300\" src=\"https:\/\/tkspro.eu\/wp-content\/uploads\/2024\/10\/Alignment-and-Corrective-Actions-1.2-1222x300.jpg\" class=\"attachment-1222x300 size-1222x300\" alt=\"Alignment and Corrective Actions - TKS PRO Gmbh (Turbo Kompressor Service)\" \/>\n\t\t\t\t\t<\/div>\n\t\t\t\t\t<link rel=\"stylesheet\" id=\"wd-section-title-css\" href=\"https:\/\/tkspro.eu\/wp-content\/themes\/woodmart\/css\/parts\/el-section-title.min.css?ver=7.5.2\" type=\"text\/css\" media=\"all\" \/> \t\t\t\t\t\t<link rel=\"stylesheet\" id=\"wd-mod-highlighted-text-css\" href=\"https:\/\/tkspro.eu\/wp-content\/themes\/woodmart\/css\/parts\/mod-highlighted-text.min.css?ver=7.5.2\" type=\"text\/css\" media=\"all\" \/> \t\t\t\n\t\t<div id=\"wd-66fe90dfeaea1\" class=\"title-wrapper wd-wpb set-mb-s reset-last-child  wd-rs-66fe90dfeaea1 wd-title-color-default wd-title-style-default text-left vc_custom_1727959384779 wd-width-custom wd-underline-colored\">\n\t\t\t\n\t\t\t<div class=\"liner-continer\">\n\t\t\t\t<h2 class=\"woodmart-title-container title  wd-font-weight- wd-fontsize-l\" >\u00dcberholung von Kompressoranlagen<\/h2>\n\t\t\t\t\t\t\t<\/div>\n\t\t\t\n\t\t\t\n\t\t\t\n\t\t<\/div>\n\t\t\n\t\t\t\t\t<link rel=\"stylesheet\" id=\"wd-text-block-css\" href=\"https:\/\/tkspro.eu\/wp-content\/themes\/woodmart\/css\/parts\/el-text-block.min.css?ver=7.5.2\" type=\"text\/css\" media=\"all\" \/> \t\t\t\t\t<div id=\"wd-66fe91ab716f8\" class=\"wd-text-block wd-wpb reset-last-child wd-rs-66fe91ab716f8 text-left \">\n\t\t\t<p>Wir von <strong>TKS PRO<\/strong> haben uns auf die umfassende \u00dcberholung von Kompressoranlagen spezialisiert und sorgen daf\u00fcr, dass Ihre Maschinen mit h\u00f6chster Leistung arbeiten. Mit unserem Team aus erfahrenen Technikern und hochmodernen Werkzeugen bieten wir detaillierte Inspektionen, Reparaturen und Austauscharbeiten an, um die Lebensdauer Ihrer Anlagen zu verl\u00e4ngern und ihre Zuverl\u00e4ssigkeit zu verbessern.<\/p>\n\t\t<\/div>\n\t\t[\/vc_column][\/vc_row][vc_row content_placement=&#8220;middle&#8220; woodmart_box_shadow=&#8220;no&#8220; wd_z_index=&#8220;no&#8220; woodmart_css_id=&#8220;66fe918303375&#8243; responsive_spacing=&#8220;eyJwYXJhbV90eXBlIjoid29vZG1hcnRfcmVzcG9uc2l2ZV9zcGFjaW5nIiwic2VsZWN0b3JfaWQiOiI2NmZlOTE4MzAzMzc1Iiwic2hvcnRjb2RlIjoidmNfcm93IiwiZGF0YSI6eyJ0YWJsZXQiOnsibWFyZ2luLXRvcCI6IjMwcHgifSwibW9iaWxlIjp7Im1hcmdpbi10b3AiOiIyMHB4In19fQ==&#8220; mobile_bg_img_hidden=&#8220;no&#8220; tablet_bg_img_hidden=&#8220;no&#8220; woodmart_parallax=&#8220;0&#8243; woodmart_gradient_switch=&#8220;no&#8220; row_reverse_mobile=&#8220;0&#8243; row_reverse_tablet=&#8220;0&#8243; woodmart_disable_overflow=&#8220;0&#8243; css=&#8220;.vc_custom_1727959804306{margin-top: 40px !important;}&#8220;][vc_column css=&#8220;.vc_custom_1496394309784{padding-top: 0px !important;}&#8220; offset=&#8220;vc_col-md-6 vc_col-xs-12&#8243;]\t\t<div id=\"wd-66fe95566a2e8\" class=\"wd-image wd-wpb wd-rs-66fe95566a2e8 text-center \">\n\t\t\t\n\t\t\t<img loading=\"lazy\" decoding=\"async\" width=\"1000\" height=\"668\" src=\"https:\/\/tkspro.eu\/wp-content\/uploads\/2024\/10\/5.2-Overhaul-of-Compressor-Equipment.jpg\" class=\"attachment-full size-full\" alt=\"Overhaul of Compressor Equipment - TKS PRO Gmbh (Turbo Kompressor Service)\" srcset=\"https:\/\/tkspro.eu\/wp-content\/uploads\/2024\/10\/5.2-Overhaul-of-Compressor-Equipment.jpg 1000w, https:\/\/tkspro.eu\/wp-content\/uploads\/2024\/10\/5.2-Overhaul-of-Compressor-Equipment-400x267.jpg 400w, https:\/\/tkspro.eu\/wp-content\/uploads\/2024\/10\/5.2-Overhaul-of-Compressor-Equipment-768x513.jpg 768w, https:\/\/tkspro.eu\/wp-content\/uploads\/2024\/10\/5.2-Overhaul-of-Compressor-Equipment-430x287.jpg 430w, https:\/\/tkspro.eu\/wp-content\/uploads\/2024\/10\/5.2-Overhaul-of-Compressor-Equipment-700x468.jpg 700w, https:\/\/tkspro.eu\/wp-content\/uploads\/2024\/10\/5.2-Overhaul-of-Compressor-Equipment-150x100.jpg 150w\" sizes=\"auto, (max-width: 1000px) 100vw, 1000px\" \/>\n\t\t\t\t\t<\/div>\n\t\t[\/vc_column][vc_column offset=&#8220;vc_col-md-6 vc_col-xs-12&#8243;]\t\t<div id=\"wd-66fe922ee62e4\" class=\"wd-text-block wd-wpb reset-last-child wd-rs-66fe922ee62e4 text-left \">\n\t\t\t<h3>Unser \u00dcberholungsprozess umfasst:<\/h3>\n\t\t<\/div>\n\t\t\t\t\t<link rel=\"stylesheet\" id=\"wd-list-css\" href=\"https:\/\/tkspro.eu\/wp-content\/themes\/woodmart\/css\/parts\/el-list.min.css?ver=7.5.2\" type=\"text\/css\" media=\"all\" \/> \t\t\t\n\t\t<ul class=\" wd-rs-66fe91d20a1e1 wd-list wd-wpb color-scheme- wd-fontsize-xs wd-list-type-icon wd-list-style-default wd-justify-left \" id=\"wd-66fe91d20a1e1\">\n\t\t\t\t\t\t\t\t\t\t\t<li>\n\t\t\t\t\t<span class=\"list-icon wd-icon fas fa-check\"><\/span>\n\t\t\t\t\t<span class=\"list-content\"><b>Gr\u00fcndliche Inspektion:<\/b> Wir f\u00fchren eine detaillierte Analyse durch, um den Zustand Ihrer Kompressoranlage zu beurteilen und eventuelle Abnutzungen, Sch\u00e4den oder Ineffizienzen zu ermitteln.<\/span>\n\t\t\t\t\t\t\t\t\t<\/li>\n\t\t\t\t\t\t\t\t\t\t\t<li>\n\t\t\t\t\t<span class=\"list-icon wd-icon fas fa-check\"><\/span>\n\t\t\t\t\t<span class=\"list-content\"><b>Austausch von Bauteilen: <\/b>Wir ersetzen verschlissene oder defekte Komponenten durch hochwertige Ersatzteile, um eine optimale Funktion zu gew\u00e4hrleisten.<\/span>\n\t\t\t\t\t\t\t\t\t<\/li>\n\t\t\t\t\t\t\t\t\t\t\t<li>\n\t\t\t\t\t<span class=\"list-icon wd-icon fas fa-check\"><\/span>\n\t\t\t\t\t<span class=\"list-content\"><b>Pr\u00e4ziser Zusammenbau:<\/b> Unsere Experten montieren die Ger\u00e4te sorgf\u00e4ltig nach strengen Industriestandards f\u00fcr Sicherheit und Leistung.<\/span>\n\t\t\t\t\t\t\t\t\t<\/li>\n\t\t\t\t\t\t\t\t\t\t\t<li>\n\t\t\t\t\t<span class=\"list-icon wd-icon fas fa-check\"><\/span>\n\t\t\t\t\t<span class=\"list-content\"><b>Pr\u00fcfung und Kalibrierung:<\/b> Nach dem Zusammenbau pr\u00fcfen und kalibrieren wir die Ger\u00e4te gr\u00fcndlich, um sicherzustellen, dass sie die Betriebsanforderungen erf\u00fcllen und effizient arbeiten.<\/span>\n\t\t\t\t\t\t\t\t\t<\/li>\n\t\t\t\t\t<\/ul>\n\t\t[\/vc_column][\/vc_row][vc_row content_placement=&#8220;middle&#8220; css=&#8220;.vc_custom_1727959674806{margin-top: 40px !important;}&#8220; woodmart_css_id=&#8220;66fe92659329c&#8220; responsive_spacing=&#8220;eyJwYXJhbV90eXBlIjoid29vZG1hcnRfcmVzcG9uc2l2ZV9zcGFjaW5nIiwic2VsZWN0b3JfaWQiOiI2NmZlOTI2NTkzMjljIiwic2hvcnRjb2RlIjoidmNfcm93IiwiZGF0YSI6eyJ0YWJsZXQiOnsibWFyZ2luLXRvcCI6IjMwIn0sIm1vYmlsZSI6eyJtYXJnaW4tdG9wIjoiMjAifX19&#8243; mobile_bg_img_hidden=&#8220;no&#8220; tablet_bg_img_hidden=&#8220;no&#8220; woodmart_parallax=&#8220;0&#8243; woodmart_gradient_switch=&#8220;no&#8220; woodmart_box_shadow=&#8220;no&#8220; wd_z_index=&#8220;no&#8220; woodmart_disable_overflow=&#8220;0&#8243; row_reverse_mobile=&#8220;0&#8243; row_reverse_tablet=&#8220;0&#8243;][vc_column offset=&#8220;vc_col-md-6 vc_col-xs-12&#8243; woodmart_css_id=&#8220;66fe929e60c43&#8243; parallax_scroll=&#8220;no&#8220; woodmart_sticky_column=&#8220;false&#8220; wd_collapsible_content_switcher=&#8220;no&#8220; wd_column_role_offcanvas_desktop=&#8220;no&#8220; wd_column_role_offcanvas_tablet=&#8220;no&#8220; wd_column_role_offcanvas_mobile=&#8220;no&#8220; wd_column_role_content_desktop=&#8220;no&#8220; wd_column_role_content_tablet=&#8220;no&#8220; wd_column_role_content_mobile=&#8220;no&#8220; mobile_bg_img_hidden=&#8220;no&#8220; tablet_bg_img_hidden=&#8220;no&#8220; woodmart_parallax=&#8220;0&#8243; woodmart_box_shadow=&#8220;no&#8220; responsive_spacing=&#8220;eyJwYXJhbV90eXBlIjoid29vZG1hcnRfcmVzcG9uc2l2ZV9zcGFjaW5nIiwic2VsZWN0b3JfaWQiOiI2NmZlOTI5ZTYwYzQzIiwic2hvcnRjb2RlIjoidmNfY29sdW1uIiwiZGF0YSI6eyJ0YWJsZXQiOnt9LCJtb2JpbGUiOnt9fX0=&#8220; mobile_reset_margin=&#8220;no&#8220; tablet_reset_margin=&#8220;no&#8220; wd_z_index=&#8220;no&#8220;]\t\t<div id=\"wd-66fe9286b6a53\" class=\"wd-text-block wd-wpb reset-last-child wd-rs-66fe9286b6a53 text-left \">\n\t\t\t<h4>Warum TKS PRO w\u00e4hlen?<\/h4>\n<ol>\n<li><strong>Fachwissen: <\/strong>Unser Team besteht aus hochqualifizierten Fachleuten mit umfassender Erfahrung in der \u00dcberholung von Kompressoranlagen in verschiedenen Branchen.<\/li>\n<li><strong>Sicherung der Qualit\u00e4t: <\/strong>Wir verwenden nur zertifizierte Teile und befolgen strenge Qualit\u00e4tskontrollverfahren, um dauerhafte Ergebnisse zu gew\u00e4hrleisten.<\/li>\n<li><strong>Minimierte Ausfallzeiten:<\/strong> Wir arbeiten effizient, um die Ausfallzeiten Ihrer Ger\u00e4te zu reduzieren und eine schnelle R\u00fcckkehr zum optimalen Betrieb zu gew\u00e4hrleisten.<\/li>\n<li><strong>Kosteneffiziente L\u00f6sungen:<\/strong> Unser \u00dcberholungsservice ist eine kosteng\u00fcnstige Alternative zum Kauf neuer Ger\u00e4te und spart Ihnen Zeit und Ressourcen.<\/li>\n<\/ol>\n<p>Vertrauen Sie TKS PRO, wenn es um die zuverl\u00e4ssige und effiziente \u00dcberholung von Kompressoranlagen geht, die die Leistung Ihrer Anlage wiederherstellt und ihre Lebensdauer verl\u00e4ngert.<\/p>\n\t\t<\/div>\n\t\t[\/vc_column][vc_column offset=&#8220;vc_col-md-6 vc_col-xs-12&#8243; woodmart_css_id=&#8220;66fe92ade9d59&#8243; parallax_scroll=&#8220;no&#8220; woodmart_sticky_column=&#8220;false&#8220; wd_collapsible_content_switcher=&#8220;no&#8220; wd_column_role_offcanvas_desktop=&#8220;no&#8220; wd_column_role_offcanvas_tablet=&#8220;no&#8220; wd_column_role_offcanvas_mobile=&#8220;no&#8220; wd_column_role_content_desktop=&#8220;no&#8220; wd_column_role_content_tablet=&#8220;no&#8220; wd_column_role_content_mobile=&#8220;no&#8220; mobile_bg_img_hidden=&#8220;no&#8220; tablet_bg_img_hidden=&#8220;no&#8220; woodmart_parallax=&#8220;0&#8243; woodmart_box_shadow=&#8220;no&#8220; responsive_spacing=&#8220;eyJwYXJhbV90eXBlIjoid29vZG1hcnRfcmVzcG9uc2l2ZV9zcGFjaW5nIiwic2VsZWN0b3JfaWQiOiI2NmZlOTJhZGU5ZDU5Iiwic2hvcnRjb2RlIjoidmNfY29sdW1uIiwiZGF0YSI6eyJ0YWJsZXQiOnt9LCJtb2JpbGUiOnt9fX0=&#8220; mobile_reset_margin=&#8220;no&#8220; tablet_reset_margin=&#8220;no&#8220; wd_z_index=&#8220;no&#8220;]\t\t<div id=\"wd-66fe95636be3d\" class=\"wd-image wd-wpb wd-rs-66fe95636be3d text-center \">\n\t\t\t\n\t\t\t<img loading=\"lazy\" decoding=\"async\" width=\"1137\" height=\"558\" src=\"https:\/\/tkspro.eu\/wp-content\/uploads\/2024\/10\/5.3-Overhaul-of-Compressor-Equipment.png\" class=\"attachment-full size-full\" alt=\"Overhaul of Compressor Equipment - TKS PRO Gmbh (Turbo Kompressor Service)\" srcset=\"https:\/\/tkspro.eu\/wp-content\/uploads\/2024\/10\/5.3-Overhaul-of-Compressor-Equipment.png 1137w, https:\/\/tkspro.eu\/wp-content\/uploads\/2024\/10\/5.3-Overhaul-of-Compressor-Equipment-400x196.png 400w, https:\/\/tkspro.eu\/wp-content\/uploads\/2024\/10\/5.3-Overhaul-of-Compressor-Equipment-768x377.png 768w, https:\/\/tkspro.eu\/wp-content\/uploads\/2024\/10\/5.3-Overhaul-of-Compressor-Equipment-430x211.png 430w, https:\/\/tkspro.eu\/wp-content\/uploads\/2024\/10\/5.3-Overhaul-of-Compressor-Equipment-700x344.png 700w, https:\/\/tkspro.eu\/wp-content\/uploads\/2024\/10\/5.3-Overhaul-of-Compressor-Equipment-150x74.png 150w\" sizes=\"auto, (max-width: 1137px) 100vw, 1137px\" \/>\n\t\t\t\t\t<\/div>\n\t\t[\/vc_column][\/vc_row]<\/p>\n<\/div>","protected":false},"excerpt":{"rendered":"<p>[vc_row][vc_column][\/vc_column][\/vc_row][vc_row content_placement=&#8220;middle&#8220; woodmart_box_shadow=&#8220;no&#8220; wd_z_index=&#8220;no&#8220; woodmart_css_id=&#8220;66fe918303375&#8243; responsive_spacing=&#8220;eyJwYXJhbV90eXBlIjoid29vZG1hcnRfcmVzcG9uc2l2ZV9zcGFjaW5nIiwic2VsZWN0b3JfaWQiOiI2NmZlOTE4MzAzMzc1Iiwic2hvcnRjb2RlIjoidmNfcm93IiwiZGF0YSI6eyJ0YWJsZXQiOnsibWFyZ2luLXRvcCI6IjMwcHgifSwibW9iaWxlIjp7Im1hcmdpbi10b3AiOiIyMHB4In19fQ==&#8220; mobile_bg_img_hidden=&#8220;no&#8220; tablet_bg_img_hidden=&#8220;no&#8220; woodmart_parallax=&#8220;0&#8243; woodmart_gradient_switch=&#8220;no&#8220; row_reverse_mobile=&#8220;0&#8243; row_reverse_tablet=&#8220;0&#8243; woodmart_disable_overflow=&#8220;0&#8243; css=&#8220;.vc_custom_1727959804306{margin-top: 40px !important;}&#8220;][vc_column css=&#8220;.vc_custom_1496394309784{padding-top: 0px !important;}&#8220; offset=&#8220;vc_col-md-6<\/p>\n","protected":false},"author":1,"featured_media":0,"parent":11219,"menu_order":0,"comment_status":"closed","ping_status":"closed","template":"","meta":{"footnotes":""},"class_list":["post-11305","page","type-page","status-publish","hentry"],"_links":{"self":[{"href":"https:\/\/tkspro.eu\/de\/wp-json\/wp\/v2\/pages\/11305","targetHints":{"allow":["GET"]}}],"collection":[{"href":"https:\/\/tkspro.eu\/de\/wp-json\/wp\/v2\/pages"}],"about":[{"href":"https:\/\/tkspro.eu\/de\/wp-json\/wp\/v2\/types\/page"}],"author":[{"embeddable":true,"href":"https:\/\/tkspro.eu\/de\/wp-json\/wp\/v2\/users\/1"}],"replies":[{"embeddable":true,"href":"https:\/\/tkspro.eu\/de\/wp-json\/wp\/v2\/comments?post=11305"}],"version-history":[{"count":0,"href":"https:\/\/tkspro.eu\/de\/wp-json\/wp\/v2\/pages\/11305\/revisions"}],"up":[{"embeddable":true,"href":"https:\/\/tkspro.eu\/de\/wp-json\/wp\/v2\/pages\/11219"}],"wp:attachment":[{"href":"https:\/\/tkspro.eu\/de\/wp-json\/wp\/v2\/media?parent=11305"}],"curies":[{"name":"wp","href":"https:\/\/api.w.org\/{rel}","templated":true}]}}