{"id":11267,"date":"2024-09-24T18:36:48","date_gmt":"2024-09-24T16:36:48","guid":{"rendered":"https:\/\/tkspro.eu\/dienstleistungen\/reverse-engineering\/metrologie-reverse-engineering-reparatur-und-dokumentation-von-neuanfertigungen\/"},"modified":"2024-10-08T15:00:33","modified_gmt":"2024-10-08T13:00:33","slug":"metrologie-reverse-engineering-reparatur-und-dokumentation-von-neuanfertigungen","status":"publish","type":"page","link":"https:\/\/tkspro.eu\/de\/dienstleistungen\/reverse-engineering\/metrologie-reverse-engineering-reparatur-und-dokumentation-von-neuanfertigungen\/","title":{"rendered":"Metrologie, Reverse Engineering, Reparatur und Dokumentation von Neuanfertigungen"},"content":{"rendered":"<div class=\"wpb-content-wrapper\"><p>[vc_row][vc_column]\t\t<div id=\"wd-67037a71307d7\" class=\"wd-image wd-wpb wd-rs-67037a71307d7 text-center \">\n\t\t\t\n\t\t\t<img loading=\"lazy\" decoding=\"async\" width=\"1222\" height=\"300\" src=\"https:\/\/tkspro.eu\/wp-content\/uploads\/2024\/10\/4.2-Reverse-Engineering-Gas-Trubine-Repair-Services-Banner-1222x300.jpg\" class=\"attachment-1222x300 size-1222x300\" alt=\"Reverse Engineering Gas Trubine Repair Services - TKS PRO Gmbh (Turbo Kompressor Service)\" \/>\n\t\t\t\t\t<\/div>\n\t\t\t\t\t<link rel=\"stylesheet\" id=\"wd-section-title-css\" href=\"https:\/\/tkspro.eu\/wp-content\/themes\/woodmart\/css\/parts\/el-section-title.min.css?ver=7.5.2\" type=\"text\/css\" media=\"all\" \/> \t\t\t\t\t\t<link rel=\"stylesheet\" id=\"wd-mod-highlighted-text-css\" href=\"https:\/\/tkspro.eu\/wp-content\/themes\/woodmart\/css\/parts\/mod-highlighted-text.min.css?ver=7.5.2\" type=\"text\/css\" media=\"all\" \/> \t\t\t\n\t\t<div id=\"wd-67001756c5d47\" class=\"title-wrapper wd-wpb set-mb-s reset-last-child  wd-rs-67001756c5d47 wd-title-color-default wd-title-style-default text-left vc_custom_1728059228659 wd-width-custom wd-underline-colored\">\n\t\t\t\n\t\t\t<div class=\"liner-continer\">\n\t\t\t\t<h2 class=\"woodmart-title-container title  wd-font-weight- wd-fontsize-l\" >Metrologie, Reverse Engineering, Reparatur und Dokumentation von Neuanfertigungen<\/h2>\n\t\t\t\t\t\t\t<\/div>\n\t\t\t\n\t\t\t\n\t\t\t\n\t\t<\/div>\n\t\t\n\t\t\t\t\t<link rel=\"stylesheet\" id=\"wd-text-block-css\" href=\"https:\/\/tkspro.eu\/wp-content\/themes\/woodmart\/css\/parts\/el-text-block.min.css?ver=7.5.2\" type=\"text\/css\" media=\"all\" \/> \t\t\t\t\t<div id=\"wd-670017c5ba5da\" class=\"wd-text-block wd-wpb reset-last-child wd-rs-670017c5ba5da text-left \">\n\t\t\t<p>Pr\u00e4zise Messungen und eine detaillierte Dokumentation sind entscheidend f\u00fcr den erfolgreichen Reparatur- und Reproduktionsprozess von Turbinenkomponenten. Unsere <strong>Messtechnik<\/strong>-Dienstleistungen beinhalten die pr\u00e4zise Vermessung bestehender Teile mit modernster Ausr\u00fcstung, um jedes Detail in einem vollst\u00e4ndigen digitalen Modell festzuhalten.<\/p>\n\t\t<\/div>\n\t\t[\/vc_column][\/vc_row][vc_row content_placement=&#8220;middle&#8220; woodmart_box_shadow=&#8220;no&#8220; wd_z_index=&#8220;no&#8220; woodmart_css_id=&#8220;670017364c846&#8243; responsive_spacing=&#8220;eyJwYXJhbV90eXBlIjoid29vZG1hcnRfcmVzcG9uc2l2ZV9zcGFjaW5nIiwic2VsZWN0b3JfaWQiOiI2NzAwMTczNjRjODQ2Iiwic2hvcnRjb2RlIjoidmNfcm93IiwiZGF0YSI6eyJ0YWJsZXQiOnsibWFyZ2luLXRvcCI6IjMwIn0sIm1vYmlsZSI6eyJtYXJnaW4tdG9wIjoiMjAifX19&#8243; mobile_bg_img_hidden=&#8220;no&#8220; tablet_bg_img_hidden=&#8220;no&#8220; woodmart_parallax=&#8220;0&#8243; woodmart_gradient_switch=&#8220;no&#8220; row_reverse_mobile=&#8220;0&#8243; row_reverse_tablet=&#8220;0&#8243; woodmart_disable_overflow=&#8220;0&#8243; css=&#8220;.vc_custom_1728059203961{margin-top: 40px !important;}&#8220;][vc_column css=&#8220;.vc_custom_1496394309784{padding-top: 0px !important;}&#8220; offset=&#8220;vc_col-md-6 vc_col-xs-12&#8243;]\t\t<div id=\"wd-670017e9b2147\" class=\"wd-image wd-wpb wd-rs-670017e9b2147 text-center \">\n\t\t\t\n\t\t\t<img loading=\"lazy\" decoding=\"async\" width=\"1000\" height=\"668\" src=\"https:\/\/tkspro.eu\/wp-content\/uploads\/2024\/10\/1.-Field-and-Workshop-Services-3.jpg\" class=\"attachment-full size-full\" alt=\"Field and Workshop Services - TKS PRO Gmbh (Turbo Kompressor Service)\" srcset=\"https:\/\/tkspro.eu\/wp-content\/uploads\/2024\/10\/1.-Field-and-Workshop-Services-3.jpg 1000w, https:\/\/tkspro.eu\/wp-content\/uploads\/2024\/10\/1.-Field-and-Workshop-Services-3-400x267.jpg 400w, https:\/\/tkspro.eu\/wp-content\/uploads\/2024\/10\/1.-Field-and-Workshop-Services-3-768x513.jpg 768w, https:\/\/tkspro.eu\/wp-content\/uploads\/2024\/10\/1.-Field-and-Workshop-Services-3-430x287.jpg 430w, https:\/\/tkspro.eu\/wp-content\/uploads\/2024\/10\/1.-Field-and-Workshop-Services-3-700x468.jpg 700w, https:\/\/tkspro.eu\/wp-content\/uploads\/2024\/10\/1.-Field-and-Workshop-Services-3-150x100.jpg 150w\" sizes=\"auto, (max-width: 1000px) 100vw, 1000px\" \/>\n\t\t\t\t\t<\/div>\n\t\t[\/vc_column][vc_column offset=&#8220;vc_col-md-6 vc_col-xs-12&#8243;]\t\t<div id=\"wd-670017db5c0f2\" class=\"wd-text-block wd-wpb reset-last-child wd-rs-670017db5c0f2 text-left \">\n\t\t\t<p>Dieser Prozess ist Teil unseres <strong>Reverse Engineering<\/strong>, bei dem wir Teile basierend auf diesen Modellen rekonstruieren und sicherstellen, dass sie den urspr\u00fcnglichen Spezifikationen entsprechen oder f\u00fcr eine verbesserte Leistung optimiert werden.<\/p>\n<p>Dar\u00fcber hinaus erstellen wir umfassende <strong>Reparatur<\/strong>&#8211; und <strong>Neuanfertigungsdokumentationen<\/strong> f\u00fcr jedes Teil, das wir r\u00fcckentwickeln oder fertigen. Diese Dokumentation gew\u00e4hrleistet vollst\u00e4ndige R\u00fcckverfolgbarkeit und gibt Ihrem Team Einblicke in die Reparaturhistorie und die Konstruktionsspezifikationen f\u00fcr zuk\u00fcnftige Wartungen und Reparaturen.<\/p>\n\t\t<\/div>\n\t\t[\/vc_column][\/vc_row]<\/p>\n<\/div>","protected":false},"excerpt":{"rendered":"<p>[vc_row][vc_column][\/vc_column][\/vc_row][vc_row content_placement=&#8220;middle&#8220; woodmart_box_shadow=&#8220;no&#8220; wd_z_index=&#8220;no&#8220; woodmart_css_id=&#8220;670017364c846&#8243; responsive_spacing=&#8220;eyJwYXJhbV90eXBlIjoid29vZG1hcnRfcmVzcG9uc2l2ZV9zcGFjaW5nIiwic2VsZWN0b3JfaWQiOiI2NzAwMTczNjRjODQ2Iiwic2hvcnRjb2RlIjoidmNfcm93IiwiZGF0YSI6eyJ0YWJsZXQiOnsibWFyZ2luLXRvcCI6IjMwIn0sIm1vYmlsZSI6eyJtYXJnaW4tdG9wIjoiMjAifX19&#8243; mobile_bg_img_hidden=&#8220;no&#8220; tablet_bg_img_hidden=&#8220;no&#8220; woodmart_parallax=&#8220;0&#8243; woodmart_gradient_switch=&#8220;no&#8220; row_reverse_mobile=&#8220;0&#8243; row_reverse_tablet=&#8220;0&#8243; woodmart_disable_overflow=&#8220;0&#8243; css=&#8220;.vc_custom_1728059203961{margin-top: 40px !important;}&#8220;][vc_column css=&#8220;.vc_custom_1496394309784{padding-top: 0px !important;}&#8220; offset=&#8220;vc_col-md-6<\/p>\n","protected":false},"author":1,"featured_media":0,"parent":11261,"menu_order":0,"comment_status":"closed","ping_status":"closed","template":"","meta":{"footnotes":""},"class_list":["post-11267","page","type-page","status-publish","hentry"],"_links":{"self":[{"href":"https:\/\/tkspro.eu\/de\/wp-json\/wp\/v2\/pages\/11267","targetHints":{"allow":["GET"]}}],"collection":[{"href":"https:\/\/tkspro.eu\/de\/wp-json\/wp\/v2\/pages"}],"about":[{"href":"https:\/\/tkspro.eu\/de\/wp-json\/wp\/v2\/types\/page"}],"author":[{"embeddable":true,"href":"https:\/\/tkspro.eu\/de\/wp-json\/wp\/v2\/users\/1"}],"replies":[{"embeddable":true,"href":"https:\/\/tkspro.eu\/de\/wp-json\/wp\/v2\/comments?post=11267"}],"version-history":[{"count":0,"href":"https:\/\/tkspro.eu\/de\/wp-json\/wp\/v2\/pages\/11267\/revisions"}],"up":[{"embeddable":true,"href":"https:\/\/tkspro.eu\/de\/wp-json\/wp\/v2\/pages\/11261"}],"wp:attachment":[{"href":"https:\/\/tkspro.eu\/de\/wp-json\/wp\/v2\/media?parent=11267"}],"curies":[{"name":"wp","href":"https:\/\/api.w.org\/{rel}","templated":true}]}}