{"id":11253,"date":"2024-08-31T18:02:00","date_gmt":"2024-08-31T16:02:00","guid":{"rendered":"https:\/\/tkspro.eu\/dienstleistungen\/reparatur-von-komponenten\/"},"modified":"2024-10-08T14:02:06","modified_gmt":"2024-10-08T12:02:06","slug":"reparatur-von-komponenten","status":"publish","type":"page","link":"https:\/\/tkspro.eu\/de\/dienstleistungen\/reparatur-von-komponenten\/","title":{"rendered":"Reparatur von Komponenten"},"content":{"rendered":"<div class=\"wpb-content-wrapper\"><p>[vc_row woodmart_css_id=&#8220;66fe70b8cb37f&#8220; responsive_spacing=&#8220;eyJwYXJhbV90eXBlIjoid29vZG1hcnRfcmVzcG9uc2l2ZV9zcGFjaW5nIiwic2VsZWN0b3JfaWQiOiI2NmZlNzBiOGNiMzdmIiwic2hvcnRjb2RlIjoidmNfcm93IiwiZGF0YSI6eyJ0YWJsZXQiOnt9LCJtb2JpbGUiOnt9fX0=&#8220; mobile_bg_img_hidden=&#8220;no&#8220; tablet_bg_img_hidden=&#8220;no&#8220; woodmart_parallax=&#8220;0&#8243; woodmart_gradient_switch=&#8220;no&#8220; woodmart_box_shadow=&#8220;no&#8220; wd_z_index=&#8220;no&#8220; woodmart_disable_overflow=&#8220;0&#8243; row_reverse_mobile=&#8220;0&#8243; row_reverse_tablet=&#8220;0&#8243;][vc_column]\t\t<div id=\"wd-67037cc94f26b\" class=\"wd-image wd-wpb wd-rs-67037cc94f26b text-center \">\n\t\t\t\n\t\t\t<img loading=\"lazy\" decoding=\"async\" width=\"1222\" height=\"300\" src=\"https:\/\/tkspro.eu\/wp-content\/uploads\/2024\/10\/2.1-Rapair-of-Components-gas-Turbine-Engine-3-1222x300.jpg\" class=\"attachment-1222x300 size-1222x300\" alt=\"Rapair of Components gas Turbine Engine - TKS PRO Gmbh (Turbo Kompressor Service)\" \/>\n\t\t\t\t\t<\/div>\n\t\t\t\t\t<link rel=\"stylesheet\" id=\"wd-section-title-css\" href=\"https:\/\/tkspro.eu\/wp-content\/themes\/woodmart\/css\/parts\/el-section-title.min.css?ver=7.5.2\" type=\"text\/css\" media=\"all\" \/> \t\t\t\t\t\t<link rel=\"stylesheet\" id=\"wd-mod-highlighted-text-css\" href=\"https:\/\/tkspro.eu\/wp-content\/themes\/woodmart\/css\/parts\/mod-highlighted-text.min.css?ver=7.5.2\" type=\"text\/css\" media=\"all\" \/> \t\t\t\n\t\t<div id=\"wd-66d9e41ab6bf5\" class=\"title-wrapper wd-wpb set-mb-s reset-last-child  wd-rs-66d9e41ab6bf5 wd-title-color-default wd-title-style-default text-left vc_custom_1725555748607 wd-width-custom wd-underline-colored\">\n\t\t\t\n\t\t\t<div class=\"liner-continer\">\n\t\t\t\t<h2 class=\"woodmart-title-container title  wd-font-weight- wd-fontsize-l\" >Reparatur von Komponenten<\/h2>\n\t\t\t\t\t\t\t<\/div>\n\t\t\t\n\t\t\t\n\t\t\t\n\t\t<\/div>\n\t\t\n\t\t\t\t\t<link rel=\"stylesheet\" id=\"wd-text-block-css\" href=\"https:\/\/tkspro.eu\/wp-content\/themes\/woodmart\/css\/parts\/el-text-block.min.css?ver=7.5.2\" type=\"text\/css\" media=\"all\" \/> \t\t\t\t\t<div id=\"wd-66dae8202d35f\" class=\"wd-text-block wd-wpb reset-last-child wd-rs-66dae8202d35f text-left \">\n\t\t\t<p>Bei <strong>TKS Pro GmbH<\/strong> sind wir auf die Reparatur kritischer Turbinenkomponenten spezialisiert, um sicherzustellen, dass Ihre Ausr\u00fcstung auf H\u00f6chstleistung arbeitet. Jede dieser Komponenten spielt eine entscheidende Rolle f\u00fcr die Effizienz und Zuverl\u00e4ssigkeit Ihrer Gasturbine, und unsere fachkundigen Reparaturdienste sind darauf ausgelegt, sie in optimalen Zustand zu versetzen.<\/p>\n\t\t<\/div>\n\t\t[\/vc_column][\/vc_row][vc_row content_placement=&#8220;middle&#8220; css=&#8220;.vc_custom_1727957511505{margin-top: 40px !important;}&#8220; woodmart_css_id=&#8220;66fe89fc0344f&#8220; responsive_spacing=&#8220;eyJwYXJhbV90eXBlIjoid29vZG1hcnRfcmVzcG9uc2l2ZV9zcGFjaW5nIiwic2VsZWN0b3JfaWQiOiI2NmZlODlmYzAzNDRmIiwic2hvcnRjb2RlIjoidmNfcm93IiwiZGF0YSI6eyJ0YWJsZXQiOnsibWFyZ2luLXRvcCI6IjMwcHgifSwibW9iaWxlIjp7Im1hcmdpbi10b3AiOiIyMHB4In19fQ==&#8220; mobile_bg_img_hidden=&#8220;no&#8220; tablet_bg_img_hidden=&#8220;no&#8220; woodmart_parallax=&#8220;0&#8243; woodmart_gradient_switch=&#8220;no&#8220; woodmart_box_shadow=&#8220;no&#8220; wd_z_index=&#8220;no&#8220; woodmart_disable_overflow=&#8220;0&#8243; row_reverse_mobile=&#8220;0&#8243; row_reverse_tablet=&#8220;0&#8243;][vc_column offset=&#8220;vc_col-md-6 vc_col-xs-12&#8243; woodmart_css_id=&#8220;66fe8a298ae65&#8243; parallax_scroll=&#8220;no&#8220; woodmart_sticky_column=&#8220;false&#8220; wd_collapsible_content_switcher=&#8220;no&#8220; wd_column_role_offcanvas_desktop=&#8220;no&#8220; wd_column_role_offcanvas_tablet=&#8220;no&#8220; wd_column_role_offcanvas_mobile=&#8220;no&#8220; wd_column_role_content_desktop=&#8220;no&#8220; wd_column_role_content_tablet=&#8220;no&#8220; wd_column_role_content_mobile=&#8220;no&#8220; mobile_bg_img_hidden=&#8220;no&#8220; tablet_bg_img_hidden=&#8220;no&#8220; woodmart_parallax=&#8220;0&#8243; woodmart_box_shadow=&#8220;no&#8220; responsive_spacing=&#8220;eyJwYXJhbV90eXBlIjoid29vZG1hcnRfcmVzcG9uc2l2ZV9zcGFjaW5nIiwic2VsZWN0b3JfaWQiOiI2NmZlOGEyOThhZTY1Iiwic2hvcnRjb2RlIjoidmNfY29sdW1uIiwiZGF0YSI6eyJ0YWJsZXQiOnt9LCJtb2JpbGUiOnt9fX0=&#8220; mobile_reset_margin=&#8220;no&#8220; tablet_reset_margin=&#8220;no&#8220; wd_z_index=&#8220;no&#8220;]\t\t<div id=\"wd-66fe89db16b7a\" class=\"wd-image wd-wpb wd-rs-66fe89db16b7a text-center \">\n\t\t\t\n\t\t\t<img loading=\"lazy\" decoding=\"async\" width=\"1000\" height=\"667\" src=\"https:\/\/tkspro.eu\/wp-content\/uploads\/2024\/10\/2.-Rapair-of-Components-gas-Turbine-Engine.jpg\" class=\"attachment-full size-full\" alt=\"Rapair of Components gas Turbine Engine - TKS PRO Gmbh (Turbo Kompressor Service)\" srcset=\"https:\/\/tkspro.eu\/wp-content\/uploads\/2024\/10\/2.-Rapair-of-Components-gas-Turbine-Engine.jpg 1000w, https:\/\/tkspro.eu\/wp-content\/uploads\/2024\/10\/2.-Rapair-of-Components-gas-Turbine-Engine-400x267.jpg 400w, https:\/\/tkspro.eu\/wp-content\/uploads\/2024\/10\/2.-Rapair-of-Components-gas-Turbine-Engine-768x512.jpg 768w, https:\/\/tkspro.eu\/wp-content\/uploads\/2024\/10\/2.-Rapair-of-Components-gas-Turbine-Engine-430x287.jpg 430w, https:\/\/tkspro.eu\/wp-content\/uploads\/2024\/10\/2.-Rapair-of-Components-gas-Turbine-Engine-700x467.jpg 700w, https:\/\/tkspro.eu\/wp-content\/uploads\/2024\/10\/2.-Rapair-of-Components-gas-Turbine-Engine-150x100.jpg 150w\" sizes=\"auto, (max-width: 1000px) 100vw, 1000px\" \/>\n\t\t\t\t\t<\/div>\n\t\t[\/vc_column][vc_column offset=&#8220;vc_col-md-6 vc_col-xs-12&#8243; woodmart_css_id=&#8220;66fe8a33da878&#8243; parallax_scroll=&#8220;no&#8220; woodmart_sticky_column=&#8220;false&#8220; wd_collapsible_content_switcher=&#8220;no&#8220; wd_column_role_offcanvas_desktop=&#8220;no&#8220; wd_column_role_offcanvas_tablet=&#8220;no&#8220; wd_column_role_offcanvas_mobile=&#8220;no&#8220; wd_column_role_content_desktop=&#8220;no&#8220; wd_column_role_content_tablet=&#8220;no&#8220; wd_column_role_content_mobile=&#8220;no&#8220; mobile_bg_img_hidden=&#8220;no&#8220; tablet_bg_img_hidden=&#8220;no&#8220; woodmart_parallax=&#8220;0&#8243; woodmart_box_shadow=&#8220;no&#8220; responsive_spacing=&#8220;eyJwYXJhbV90eXBlIjoid29vZG1hcnRfcmVzcG9uc2l2ZV9zcGFjaW5nIiwic2VsZWN0b3JfaWQiOiI2NmZlOGEzM2RhODc4Iiwic2hvcnRjb2RlIjoidmNfY29sdW1uIiwiZGF0YSI6eyJ0YWJsZXQiOnt9LCJtb2JpbGUiOnt9fX0=&#8220; mobile_reset_margin=&#8220;no&#8220; tablet_reset_margin=&#8220;no&#8220; wd_z_index=&#8220;no&#8220;]\t\t<div id=\"wd-66d9e4cf1c549\" class=\"wd-text-block wd-wpb reset-last-child wd-rs-66d9e4cf1c549 text-left \">\n\t\t\t<h3>Unser Reparaturservice umfasst:<\/h3>\n\t\t<\/div>\n\t\t\t\t\t<link rel=\"stylesheet\" id=\"wd-list-css\" href=\"https:\/\/tkspro.eu\/wp-content\/themes\/woodmart\/css\/parts\/el-list.min.css?ver=7.5.2\" type=\"text\/css\" media=\"all\" \/> \t\t\t\n\t\t<ul class=\" wd-rs-66fe89a381dc9 wd-list wd-wpb color-scheme- wd-fontsize-s wd-list-type-icon wd-list-style-default wd-justify-left \" id=\"wd-66fe89a381dc9\">\n\t\t\t\t\t\t\t\t\t\t\t<li>\n\t\t\t\t\t<span class=\"list-icon wd-icon fas fa-check\"><\/span>\n\t\t\t\t\t<span class=\"list-content\"><b>HPT-Schaufeln:<\/b> Hochdruckturbinenschaufeln (HPT) sind extremen Temperaturen und Dr\u00fccken ausgesetzt, was sie anf\u00e4llig f\u00fcr Verschlei\u00df und Sch\u00e4den macht. Wir bieten umfassende Reparaturdienste an, die Inspektion, \u00dcberholung und pr\u00e4zises Auswuchten umfassen, um sicherzustellen, dass diese Schaufeln den rauen Bedingungen in der Turbine standhalten k\u00f6nnen. <\/span>\n\t\t\t\t\t\t\t\t\t<\/li>\n\t\t\t\t\t\t\t\t\t\t\t<li>\n\t\t\t\t\t<span class=\"list-icon wd-icon fas fa-check\"><\/span>\n\t\t\t\t\t<span class=\"list-content\"><b>HPT-D\u00fcsen: <\/b>HPT-D\u00fcsen sind entscheidend f\u00fcr die Leitung des hei\u00dfen Gasstroms durch die Turbine. Unsere Reparaturdienste stellen die Integrit\u00e4t und Leistung dieser D\u00fcsen wieder her und sorgen so f\u00fcr einen effizienten Energietransfer und eine verl\u00e4ngerte Lebensdauer der Komponenten. <\/span>\n\t\t\t\t\t\t\t\t\t<\/li>\n\t\t\t\t\t\t\t\t\t\t\t<li>\n\t\t\t\t\t<span class=\"list-icon wd-icon fas fa-check\"><\/span>\n\t\t\t\t\t<span class=\"list-content\"><b>HPT-Abdichtungen:<\/b> HPT-Abdichtungen sch\u00fctzen die Turbinenschaufeln und tragen zur Gesamteffizienz der Turbine bei. Wir reparieren und \u00fcberholen Abdichtungen, um jegliche Sch\u00e4den oder Abnutzung zu beseitigen und sicherzustellen, dass sie maximalen Schutz bieten und die Turbinenleistung verbessern. <\/span>\n\t\t\t\t\t\t\t\t\t<\/li>\n\t\t\t\t\t\t\t\t\t\t\t<li>\n\t\t\t\t\t<span class=\"list-icon wd-icon fas fa-check\"><\/span>\n\t\t\t\t\t<span class=\"list-content\"><b>HPC-Schaufeln:<\/b> Hochdruckverdichterschaufeln (HPC) sind entscheidend f\u00fcr die Luftkompression in der Turbine. Unsere Reparaturdienste stellen sicher, dass diese Schaufeln frei von Defekten sind und mit der f\u00fcr eine optimale Kompression und Effizienz erforderlichen Pr\u00e4zision arbeiten. <\/span>\n\t\t\t\t\t\t\t\t\t<\/li>\n\t\t\t\t\t\t\t\t\t\t\t<li>\n\t\t\t\t\t<span class=\"list-icon wd-icon fas fa-check\"><\/span>\n\t\t\t\t\t<span class=\"list-content\"><b>HPC-Folien:<\/b> HPC-Folien sind entscheidend f\u00fcr die aerodynamische Leistung des Verdichters. Wir reparieren und stellen Folien in ihren Originalzustand zur\u00fcck, um sicherzustellen, dass sie zur reibungslosen und effizienten Arbeit Ihrer Turbine beitragen. <\/span>\n\t\t\t\t\t\t\t\t\t<\/li>\n\t\t\t\t\t<\/ul>\n\t\t[\/vc_column][\/vc_row][vc_row css=&#8220;.vc_custom_1727951071422{margin-top: 40px !important;}&#8220; woodmart_css_id=&#8220;66fe70d0adfa9&#8243; responsive_spacing=&#8220;eyJwYXJhbV90eXBlIjoid29vZG1hcnRfcmVzcG9uc2l2ZV9zcGFjaW5nIiwic2VsZWN0b3JfaWQiOiI2NmZlNzBkMGFkZmE5Iiwic2hvcnRjb2RlIjoidmNfcm93IiwiZGF0YSI6eyJ0YWJsZXQiOnsibWFyZ2luLXRvcCI6IjMwIn0sIm1vYmlsZSI6eyJtYXJnaW4tdG9wIjoiMjAifX19&#8243; mobile_bg_img_hidden=&#8220;no&#8220; tablet_bg_img_hidden=&#8220;no&#8220; woodmart_parallax=&#8220;0&#8243; woodmart_gradient_switch=&#8220;no&#8220; woodmart_box_shadow=&#8220;no&#8220; wd_z_index=&#8220;no&#8220; woodmart_disable_overflow=&#8220;0&#8243; row_reverse_mobile=&#8220;0&#8243; row_reverse_tablet=&#8220;0&#8243;][vc_column width=&#8220;1\/2&#8243;][\/vc_column][vc_column width=&#8220;1\/2&#8243;][\/vc_column][\/vc_row][vc_row][vc_column]\t\t<div id=\"wd-66d9e43314c8a\" class=\"wd-text-block wd-wpb reset-last-child wd-rs-66d9e43314c8a text-left \">\n\t\t\t<p><em><strong>TKS Pro GmbH<\/strong> ist ein Synonym f\u00fcr Qualit\u00e4t und Zuverl\u00e4ssigkeit bei der Reparatur von Anbauger\u00e4ten und Komponenten. Vertrauen Sie darauf, dass wir Ihre Maschinen in einem hervorragenden Zustand halten und ihre Leistung maximieren. <\/em><\/p>\n\t\t<\/div>\n\t\t[\/vc_column][\/vc_row]<\/p>\n<\/div>","protected":false},"excerpt":{"rendered":"<p>[vc_row woodmart_css_id=&#8220;66fe70b8cb37f&#8220; responsive_spacing=&#8220;eyJwYXJhbV90eXBlIjoid29vZG1hcnRfcmVzcG9uc2l2ZV9zcGFjaW5nIiwic2VsZWN0b3JfaWQiOiI2NmZlNzBiOGNiMzdmIiwic2hvcnRjb2RlIjoidmNfcm93IiwiZGF0YSI6eyJ0YWJsZXQiOnt9LCJtb2JpbGUiOnt9fX0=&#8220; mobile_bg_img_hidden=&#8220;no&#8220; tablet_bg_img_hidden=&#8220;no&#8220; woodmart_parallax=&#8220;0&#8243; woodmart_gradient_switch=&#8220;no&#8220; woodmart_box_shadow=&#8220;no&#8220; wd_z_index=&#8220;no&#8220; woodmart_disable_overflow=&#8220;0&#8243; row_reverse_mobile=&#8220;0&#8243; row_reverse_tablet=&#8220;0&#8243;][vc_column][\/vc_column][\/vc_row][vc_row content_placement=&#8220;middle&#8220; css=&#8220;.vc_custom_1727957511505{margin-top: 40px !important;}&#8220; woodmart_css_id=&#8220;66fe89fc0344f&#8220; responsive_spacing=&#8220;eyJwYXJhbV90eXBlIjoid29vZG1hcnRfcmVzcG9uc2l2ZV9zcGFjaW5nIiwic2VsZWN0b3JfaWQiOiI2NmZlODlmYzAzNDRmIiwic2hvcnRjb2RlIjoidmNfcm93IiwiZGF0YSI6eyJ0YWJsZXQiOnsibWFyZ2luLXRvcCI6IjMwcHgifSwibW9iaWxlIjp7Im1hcmdpbi10b3AiOiIyMHB4In19fQ==&#8220; mobile_bg_img_hidden=&#8220;no&#8220; tablet_bg_img_hidden=&#8220;no&#8220;<\/p>\n","protected":false},"author":1,"featured_media":0,"parent":11219,"menu_order":0,"comment_status":"closed","ping_status":"closed","template":"","meta":{"footnotes":""},"class_list":["post-11253","page","type-page","status-publish","hentry"],"_links":{"self":[{"href":"https:\/\/tkspro.eu\/de\/wp-json\/wp\/v2\/pages\/11253","targetHints":{"allow":["GET"]}}],"collection":[{"href":"https:\/\/tkspro.eu\/de\/wp-json\/wp\/v2\/pages"}],"about":[{"href":"https:\/\/tkspro.eu\/de\/wp-json\/wp\/v2\/types\/page"}],"author":[{"embeddable":true,"href":"https:\/\/tkspro.eu\/de\/wp-json\/wp\/v2\/users\/1"}],"replies":[{"embeddable":true,"href":"https:\/\/tkspro.eu\/de\/wp-json\/wp\/v2\/comments?post=11253"}],"version-history":[{"count":0,"href":"https:\/\/tkspro.eu\/de\/wp-json\/wp\/v2\/pages\/11253\/revisions"}],"up":[{"embeddable":true,"href":"https:\/\/tkspro.eu\/de\/wp-json\/wp\/v2\/pages\/11219"}],"wp:attachment":[{"href":"https:\/\/tkspro.eu\/de\/wp-json\/wp\/v2\/media?parent=11253"}],"curies":[{"name":"wp","href":"https:\/\/api.w.org\/{rel}","templated":true}]}}