{"id":11249,"date":"2024-09-05T09:12:30","date_gmt":"2024-09-05T07:12:30","guid":{"rendered":"https:\/\/tkspro.eu\/dienstleistungen\/feld-und-werkstattservice\/"},"modified":"2024-10-08T13:53:01","modified_gmt":"2024-10-08T11:53:01","slug":"feld-und-werkstattservice","status":"publish","type":"page","link":"https:\/\/tkspro.eu\/de\/dienstleistungen\/feld-und-werkstattservice\/","title":{"rendered":"Feld- und Werkstattservice"},"content":{"rendered":"<div class=\"wpb-content-wrapper\"><p>[vc_row][vc_column]\t\t<div id=\"wd-67037c9acc3f8\" class=\"wd-image wd-wpb wd-rs-67037c9acc3f8 text-center \">\n\t\t\t\n\t\t\t<img loading=\"lazy\" decoding=\"async\" width=\"1222\" height=\"300\" src=\"https:\/\/tkspro.eu\/wp-content\/uploads\/2024\/10\/1.2-Field-Workshop-Service-1222x300.jpg\" class=\"attachment-1222x300 size-1222x300\" alt=\"Field and Workshop Services - TKS PRO Gmbh (Turbo Kompressor Service)\" \/>\n\t\t\t\t\t<\/div>\n\t\t\t\t\t<link rel=\"stylesheet\" id=\"wd-section-title-css\" href=\"https:\/\/tkspro.eu\/wp-content\/themes\/woodmart\/css\/parts\/el-section-title.min.css?ver=7.5.2\" type=\"text\/css\" media=\"all\" \/> \t\t\t\t\t\t<link rel=\"stylesheet\" id=\"wd-mod-highlighted-text-css\" href=\"https:\/\/tkspro.eu\/wp-content\/themes\/woodmart\/css\/parts\/mod-highlighted-text.min.css?ver=7.5.2\" type=\"text\/css\" media=\"all\" \/> \t\t\t\n\t\t<div id=\"wd-66d95984710a0\" class=\"title-wrapper wd-wpb set-mb-s reset-last-child  wd-rs-66d95984710a0 wd-title-color-default wd-title-style-default text-left vc_custom_1725520266210 wd-width-custom wd-underline-colored\">\n\t\t\t\n\t\t\t<div class=\"liner-continer\">\n\t\t\t\t<h4 class=\"woodmart-title-container title  wd-font-weight- wd-fontsize-l\" >Feld- und Werkstattservice<\/h4>\n\t\t\t\t\t\t\t<\/div>\n\t\t\t\n\t\t\t\n\t\t\t\n\t\t<\/div>\n\t\t\n\t\t\t\t\t<link rel=\"stylesheet\" id=\"wd-text-block-css\" href=\"https:\/\/tkspro.eu\/wp-content\/themes\/woodmart\/css\/parts\/el-text-block.min.css?ver=7.5.2\" type=\"text\/css\" media=\"all\" \/> \t\t\t\t\t<div id=\"wd-66fd833587fc4\" class=\"wd-text-block wd-wpb reset-last-child wd-rs-66fd833587fc4 text-left \">\n\t\t\t<p><strong>TKS Pro<\/strong> wurde von hochqualifizierten Ingenieuren gegr\u00fcndet, die umfassende Erfahrungen in der Wartung, dem Service, dem Standortmanagement und der Verlagerung von Gasturbinen mitbrachten. Unsere Ingenieure sind gut ausgebildet und zertifiziert <strong>(VCA\/SCC**, NOGEPA, OPITO, OLF)<\/strong> und auf Dienstleistungen f\u00fcr Aeroderivative- und Heavy-Duty-Gasturbinen spezialisiert. <\/p>\n<p>Die von unseren Ingenieuren durchgef\u00fchrten Dienstleistungen umfassen Inspektion, Fehlerbehebung, Reparatur, Wartung, Ausrichtung, pr\u00e4ventive Wartung und \u00dcberholungen an Motoren sowie Paketinstallationen.<\/p>\n\t\t<\/div>\n\t\t[\/vc_column][\/vc_row][vc_row content_placement=&#8220;middle&#8220; css=&#8220;.vc_custom_1727957721963{margin-top: 40px !important;}&#8220; woodmart_css_id=&#8220;66fe8ad52f697&#8243; responsive_spacing=&#8220;eyJwYXJhbV90eXBlIjoid29vZG1hcnRfcmVzcG9uc2l2ZV9zcGFjaW5nIiwic2VsZWN0b3JfaWQiOiI2NmZlOGFkNTJmNjk3Iiwic2hvcnRjb2RlIjoidmNfcm93IiwiZGF0YSI6eyJ0YWJsZXQiOnsibWFyZ2luLXRvcCI6IjMwcHgifSwibW9iaWxlIjp7Im1hcmdpbi10b3AiOiIyMHB4In19fQ==&#8220; mobile_bg_img_hidden=&#8220;no&#8220; tablet_bg_img_hidden=&#8220;no&#8220; woodmart_parallax=&#8220;0&#8243; woodmart_gradient_switch=&#8220;no&#8220; woodmart_box_shadow=&#8220;no&#8220; wd_z_index=&#8220;no&#8220; woodmart_disable_overflow=&#8220;0&#8243; row_reverse_mobile=&#8220;0&#8243; row_reverse_tablet=&#8220;0&#8243;][vc_column offset=&#8220;vc_col-md-6 vc_col-xs-12&#8243; woodmart_css_id=&#8220;66fe8a96258ff&#8220; parallax_scroll=&#8220;no&#8220; woodmart_sticky_column=&#8220;false&#8220; wd_collapsible_content_switcher=&#8220;no&#8220; wd_column_role_offcanvas_desktop=&#8220;no&#8220; wd_column_role_offcanvas_tablet=&#8220;no&#8220; wd_column_role_offcanvas_mobile=&#8220;no&#8220; wd_column_role_content_desktop=&#8220;no&#8220; wd_column_role_content_tablet=&#8220;no&#8220; wd_column_role_content_mobile=&#8220;no&#8220; mobile_bg_img_hidden=&#8220;no&#8220; tablet_bg_img_hidden=&#8220;no&#8220; woodmart_parallax=&#8220;0&#8243; woodmart_box_shadow=&#8220;no&#8220; responsive_spacing=&#8220;eyJwYXJhbV90eXBlIjoid29vZG1hcnRfcmVzcG9uc2l2ZV9zcGFjaW5nIiwic2VsZWN0b3JfaWQiOiI2NmZlOGE5NjI1OGZmIiwic2hvcnRjb2RlIjoidmNfY29sdW1uIiwiZGF0YSI6eyJ0YWJsZXQiOnt9LCJtb2JpbGUiOnt9fX0=&#8220; mobile_reset_margin=&#8220;no&#8220; tablet_reset_margin=&#8220;no&#8220; wd_z_index=&#8220;no&#8220;]\t\t<div id=\"wd-66fe8ac34ead9\" class=\"wd-image wd-wpb wd-rs-66fe8ac34ead9 text-center \">\n\t\t\t\n\t\t\t<img loading=\"lazy\" decoding=\"async\" width=\"1000\" height=\"668\" src=\"https:\/\/tkspro.eu\/wp-content\/uploads\/2024\/10\/1.-Field-and-Workshop-Services-3.jpg\" class=\"attachment-full size-full\" alt=\"Field and Workshop Services - TKS PRO Gmbh (Turbo Kompressor Service)\" srcset=\"https:\/\/tkspro.eu\/wp-content\/uploads\/2024\/10\/1.-Field-and-Workshop-Services-3.jpg 1000w, https:\/\/tkspro.eu\/wp-content\/uploads\/2024\/10\/1.-Field-and-Workshop-Services-3-400x267.jpg 400w, https:\/\/tkspro.eu\/wp-content\/uploads\/2024\/10\/1.-Field-and-Workshop-Services-3-768x513.jpg 768w, https:\/\/tkspro.eu\/wp-content\/uploads\/2024\/10\/1.-Field-and-Workshop-Services-3-430x287.jpg 430w, https:\/\/tkspro.eu\/wp-content\/uploads\/2024\/10\/1.-Field-and-Workshop-Services-3-700x468.jpg 700w, https:\/\/tkspro.eu\/wp-content\/uploads\/2024\/10\/1.-Field-and-Workshop-Services-3-150x100.jpg 150w\" sizes=\"auto, (max-width: 1000px) 100vw, 1000px\" \/>\n\t\t\t\t\t<\/div>\n\t\t[\/vc_column][vc_column offset=&#8220;vc_col-md-6 vc_col-xs-12&#8243; woodmart_css_id=&#8220;66fe8a857a813&#8243; parallax_scroll=&#8220;no&#8220; woodmart_sticky_column=&#8220;false&#8220; wd_collapsible_content_switcher=&#8220;no&#8220; wd_column_role_offcanvas_desktop=&#8220;no&#8220; wd_column_role_offcanvas_tablet=&#8220;no&#8220; wd_column_role_offcanvas_mobile=&#8220;no&#8220; wd_column_role_content_desktop=&#8220;no&#8220; wd_column_role_content_tablet=&#8220;no&#8220; wd_column_role_content_mobile=&#8220;no&#8220; mobile_bg_img_hidden=&#8220;no&#8220; tablet_bg_img_hidden=&#8220;no&#8220; woodmart_parallax=&#8220;0&#8243; woodmart_box_shadow=&#8220;no&#8220; responsive_spacing=&#8220;eyJwYXJhbV90eXBlIjoid29vZG1hcnRfcmVzcG9uc2l2ZV9zcGFjaW5nIiwic2VsZWN0b3JfaWQiOiI2NmZlOGE4NTdhODEzIiwic2hvcnRjb2RlIjoidmNfY29sdW1uIiwiZGF0YSI6eyJ0YWJsZXQiOnt9LCJtb2JpbGUiOnt9fX0=&#8220; mobile_reset_margin=&#8220;no&#8220; tablet_reset_margin=&#8220;no&#8220; wd_z_index=&#8220;no&#8220;]\t\t<div id=\"wd-66fd7fe22b1c6\" class=\"wd-text-block wd-wpb reset-last-child wd-rs-66fd7fe22b1c6 text-left wd-fontsize-s \">\n\t\t\t<p><strong>Feldservice<\/strong> Wir bieten umfassende Expertenunterst\u00fctzung f\u00fcr Feldservice im In- und Ausland, sowohl an Land als auch offshore. Die TKS Pro Feldservicetechniker sind rund um die Uhr verf\u00fcgbar, um eine sofortige Reaktion auf Ihre Bed\u00fcrfnisse sicherzustellen. <\/p>\n<p>Die Ingenieure von TKS Pro haben ihre F\u00e4higkeiten durch umfangreiche Schulungen und jahrelange Erfahrung entwickelt. Wir glauben fest an eine Kombination aus theoretischem Training und praktischer Ausbildung. Genau so bilden wir unser Team aus. Alle Ingenieure werden in der TKS Pro Einrichtung geschult, bevor sie vor Ort eingesetzt werden. Zus\u00e4tzliche Schulungen werden angeboten, um ihre F\u00e4higkeiten weiterzuentwickeln und ihr Interesse zu f\u00f6rdern. Senior-Ingenieure stehen bei Bedarf immer zur Verf\u00fcgung, um die Ingenieure vor Ort zu unterst\u00fctzen und anzuleiten.<\/p>\n\t\t<\/div>\n\t\t[\/vc_column][\/vc_row][vc_row content_placement=&#8220;middle&#8220; css=&#8220;.vc_custom_1727957734889{margin-top: 40px !important;margin-bottom: 40px !important;}&#8220; woodmart_css_id=&#8220;66fe8ae161d5b&#8220; responsive_spacing=&#8220;eyJwYXJhbV90eXBlIjoid29vZG1hcnRfcmVzcG9uc2l2ZV9zcGFjaW5nIiwic2VsZWN0b3JfaWQiOiI2NmZlOGFlMTYxZDViIiwic2hvcnRjb2RlIjoidmNfcm93IiwiZGF0YSI6eyJ0YWJsZXQiOnsibWFyZ2luLXRvcCI6IjMwcHgifSwibW9iaWxlIjp7Im1hcmdpbi10b3AiOiIyMHB4In19fQ==&#8220; mobile_bg_img_hidden=&#8220;no&#8220; tablet_bg_img_hidden=&#8220;no&#8220; woodmart_parallax=&#8220;0&#8243; woodmart_gradient_switch=&#8220;no&#8220; woodmart_box_shadow=&#8220;no&#8220; wd_z_index=&#8220;no&#8220; woodmart_disable_overflow=&#8220;0&#8243; row_reverse_mobile=&#8220;0&#8243; row_reverse_tablet=&#8220;0&#8243;][vc_column offset=&#8220;vc_col-md-6 vc_col-xs-12&#8243; woodmart_css_id=&#8220;66fe8aa35e2b7&#8243; parallax_scroll=&#8220;no&#8220; woodmart_sticky_column=&#8220;false&#8220; wd_collapsible_content_switcher=&#8220;no&#8220; wd_column_role_offcanvas_desktop=&#8220;no&#8220; wd_column_role_offcanvas_tablet=&#8220;no&#8220; wd_column_role_offcanvas_mobile=&#8220;no&#8220; wd_column_role_content_desktop=&#8220;no&#8220; wd_column_role_content_tablet=&#8220;no&#8220; wd_column_role_content_mobile=&#8220;no&#8220; mobile_bg_img_hidden=&#8220;no&#8220; tablet_bg_img_hidden=&#8220;no&#8220; woodmart_parallax=&#8220;0&#8243; woodmart_box_shadow=&#8220;no&#8220; responsive_spacing=&#8220;eyJwYXJhbV90eXBlIjoid29vZG1hcnRfcmVzcG9uc2l2ZV9zcGFjaW5nIiwic2VsZWN0b3JfaWQiOiI2NmZlOGFhMzVlMmI3Iiwic2hvcnRjb2RlIjoidmNfY29sdW1uIiwiZGF0YSI6eyJ0YWJsZXQiOnt9LCJtb2JpbGUiOnt9fX0=&#8220; mobile_reset_margin=&#8220;no&#8220; tablet_reset_margin=&#8220;no&#8220; wd_z_index=&#8220;no&#8220;]\t\t<div id=\"wd-66fd7fecea594\" class=\"wd-text-block wd-wpb reset-last-child wd-rs-66fd7fecea594 text-left wd-fontsize-s \">\n\t\t\t<p><strong>Werkstattservice<\/strong> TKS Pro hat eine Werkstatt mit allen erforderlichen Ger\u00e4ten entwickelt. In unserer Werkstatt sind wir in der Lage, alle Arten von Aeroderivative- und Heavy-Duty-Gasturbinen zu bearbeiten. <\/p>\n<p>Unsere Werkstatt ist mit zwei Wuchtmaschinen ausgestattet, die Rotoren zwischen 30 kg und einem maximalen Gewicht von 12 Tonnen handhaben k\u00f6nnen. Wir haben einen Br\u00fcckenkran mit allen erforderlichen Ger\u00e4ten installiert. <\/p>\n<p>Wir bieten Inhouse-Modulreparaturen in Zusammenarbeit mit zugelassenen Reparaturanbietern an. Zum Beispiel: \u00d6lpumpen, Aktuatoren, Anlasser, Rahmen, Schaufeln, D\u00fcsen, Getriebe und viele mehr, alle unter Verwendung von OEM-Materialien und OEM-Spezifikationen. Die Reparatur-, Inspektions- und \u00dcberholungsdienste beschr\u00e4nken sich nicht nur auf die Gasturbine. Auch das h\u00e4ufigste Hilfsger\u00e4t des Gasturbinenpakets kann f\u00fcr Inspektionen, \u00dcberholungen und Tests gewartet werden.<\/p>\n\t\t<\/div>\n\t\t[\/vc_column][vc_column offset=&#8220;vc_col-md-6 vc_col-xs-12&#8243; woodmart_css_id=&#8220;66fe8ab0c0c8a&#8220; parallax_scroll=&#8220;no&#8220; woodmart_sticky_column=&#8220;false&#8220; wd_collapsible_content_switcher=&#8220;no&#8220; wd_column_role_offcanvas_desktop=&#8220;no&#8220; wd_column_role_offcanvas_tablet=&#8220;no&#8220; wd_column_role_offcanvas_mobile=&#8220;no&#8220; wd_column_role_content_desktop=&#8220;no&#8220; wd_column_role_content_tablet=&#8220;no&#8220; wd_column_role_content_mobile=&#8220;no&#8220; mobile_bg_img_hidden=&#8220;no&#8220; tablet_bg_img_hidden=&#8220;no&#8220; woodmart_parallax=&#8220;0&#8243; woodmart_box_shadow=&#8220;no&#8220; responsive_spacing=&#8220;eyJwYXJhbV90eXBlIjoid29vZG1hcnRfcmVzcG9uc2l2ZV9zcGFjaW5nIiwic2VsZWN0b3JfaWQiOiI2NmZlOGFiMGMwYzhhIiwic2hvcnRjb2RlIjoidmNfY29sdW1uIiwiZGF0YSI6eyJ0YWJsZXQiOnt9LCJtb2JpbGUiOnt9fX0=&#8220; mobile_reset_margin=&#8220;no&#8220; tablet_reset_margin=&#8220;no&#8220; wd_z_index=&#8220;no&#8220;]\t\t<div id=\"wd-66fe8aebeba77\" class=\"wd-image wd-wpb wd-rs-66fe8aebeba77 text-center \">\n\t\t\t\n\t\t\t<img loading=\"lazy\" decoding=\"async\" width=\"1000\" height=\"750\" src=\"https:\/\/tkspro.eu\/wp-content\/uploads\/2024\/10\/1.-Field-and-Workshop-Services-2.jpg\" class=\"attachment-full size-full\" alt=\"Field and Workshop Services - TKS PRO Gmbh (Turbo Kompressor Service)\" srcset=\"https:\/\/tkspro.eu\/wp-content\/uploads\/2024\/10\/1.-Field-and-Workshop-Services-2.jpg 1000w, https:\/\/tkspro.eu\/wp-content\/uploads\/2024\/10\/1.-Field-and-Workshop-Services-2-400x300.jpg 400w, https:\/\/tkspro.eu\/wp-content\/uploads\/2024\/10\/1.-Field-and-Workshop-Services-2-768x576.jpg 768w, https:\/\/tkspro.eu\/wp-content\/uploads\/2024\/10\/1.-Field-and-Workshop-Services-2-430x323.jpg 430w, https:\/\/tkspro.eu\/wp-content\/uploads\/2024\/10\/1.-Field-and-Workshop-Services-2-700x525.jpg 700w, https:\/\/tkspro.eu\/wp-content\/uploads\/2024\/10\/1.-Field-and-Workshop-Services-2-150x113.jpg 150w\" sizes=\"auto, (max-width: 1000px) 100vw, 1000px\" \/>\n\t\t\t\t\t<\/div>\n\t\t[\/vc_column][\/vc_row][vc_row content_placement=&#8220;middle&#8220; css=&#8220;.vc_custom_1727889872621{margin-top: 40px !important;}&#8220; woodmart_css_id=&#8220;66fd818f12622&#8243; responsive_spacing=&#8220;eyJwYXJhbV90eXBlIjoid29vZG1hcnRfcmVzcG9uc2l2ZV9zcGFjaW5nIiwic2VsZWN0b3JfaWQiOiI2NmZkODE4ZjEyNjIyIiwic2hvcnRjb2RlIjoidmNfcm93IiwiZGF0YSI6eyJ0YWJsZXQiOnsibWFyZ2luLXRvcCI6IjMwIn0sIm1vYmlsZSI6eyJtYXJnaW4tdG9wIjoiMjAifX19&#8243; mobile_bg_img_hidden=&#8220;no&#8220; tablet_bg_img_hidden=&#8220;no&#8220; woodmart_parallax=&#8220;0&#8243; woodmart_gradient_switch=&#8220;no&#8220; woodmart_box_shadow=&#8220;no&#8220; wd_z_index=&#8220;no&#8220; woodmart_disable_overflow=&#8220;0&#8243; row_reverse_mobile=&#8220;0&#8243; row_reverse_tablet=&#8220;0&#8243;][vc_column]\t\t<div id=\"wd-66d995a370b68\" class=\"wd-text-block wd-wpb reset-last-child wd-rs-66d995a370b68 text-left \">\n\t\t\t<p>F\u00fcr die Inspektion und Reparatur von LM-Gasturbinen bieten wir in Zusammenarbeit mit unseren Partnern Dienstleistungen bis zu Level-4-Wartung an.<\/p>\n<p>Customers prefer the convenience of our rotable exchange parts, such as VSV controllers, starters, nozzles, blades, pumps, thermocouples, and more to minimize downtime. Therefore, we have repaired items in stock or service them directly for you.<\/p>\n\t\t<\/div>\n\t\t[\/vc_column][\/vc_row]<\/p>\n<\/div>","protected":false},"excerpt":{"rendered":"<p>[vc_row][vc_column][\/vc_column][\/vc_row][vc_row content_placement=&#8220;middle&#8220; css=&#8220;.vc_custom_1727957721963{margin-top: 40px !important;}&#8220; woodmart_css_id=&#8220;66fe8ad52f697&#8243; responsive_spacing=&#8220;eyJwYXJhbV90eXBlIjoid29vZG1hcnRfcmVzcG9uc2l2ZV9zcGFjaW5nIiwic2VsZWN0b3JfaWQiOiI2NmZlOGFkNTJmNjk3Iiwic2hvcnRjb2RlIjoidmNfcm93IiwiZGF0YSI6eyJ0YWJsZXQiOnsibWFyZ2luLXRvcCI6IjMwcHgifSwibW9iaWxlIjp7Im1hcmdpbi10b3AiOiIyMHB4In19fQ==&#8220; mobile_bg_img_hidden=&#8220;no&#8220; tablet_bg_img_hidden=&#8220;no&#8220; woodmart_parallax=&#8220;0&#8243; woodmart_gradient_switch=&#8220;no&#8220; woodmart_box_shadow=&#8220;no&#8220; wd_z_index=&#8220;no&#8220; woodmart_disable_overflow=&#8220;0&#8243; row_reverse_mobile=&#8220;0&#8243; row_reverse_tablet=&#8220;0&#8243;][vc_column offset=&#8220;vc_col-md-6 vc_col-xs-12&#8243; woodmart_css_id=&#8220;66fe8a96258ff&#8220; parallax_scroll=&#8220;no&#8220;<\/p>\n","protected":false},"author":1,"featured_media":0,"parent":11219,"menu_order":0,"comment_status":"closed","ping_status":"closed","template":"","meta":{"footnotes":""},"class_list":["post-11249","page","type-page","status-publish","hentry"],"_links":{"self":[{"href":"https:\/\/tkspro.eu\/de\/wp-json\/wp\/v2\/pages\/11249","targetHints":{"allow":["GET"]}}],"collection":[{"href":"https:\/\/tkspro.eu\/de\/wp-json\/wp\/v2\/pages"}],"about":[{"href":"https:\/\/tkspro.eu\/de\/wp-json\/wp\/v2\/types\/page"}],"author":[{"embeddable":true,"href":"https:\/\/tkspro.eu\/de\/wp-json\/wp\/v2\/users\/1"}],"replies":[{"embeddable":true,"href":"https:\/\/tkspro.eu\/de\/wp-json\/wp\/v2\/comments?post=11249"}],"version-history":[{"count":0,"href":"https:\/\/tkspro.eu\/de\/wp-json\/wp\/v2\/pages\/11249\/revisions"}],"up":[{"embeddable":true,"href":"https:\/\/tkspro.eu\/de\/wp-json\/wp\/v2\/pages\/11219"}],"wp:attachment":[{"href":"https:\/\/tkspro.eu\/de\/wp-json\/wp\/v2\/media?parent=11249"}],"curies":[{"name":"wp","href":"https:\/\/api.w.org\/{rel}","templated":true}]}}