{"id":11219,"date":"2024-08-27T14:13:27","date_gmt":"2024-08-27T12:13:27","guid":{"rendered":"https:\/\/tkspro.eu\/dienstleistungen\/"},"modified":"2024-10-08T10:54:57","modified_gmt":"2024-10-08T08:54:57","slug":"dienstleistungen","status":"publish","type":"page","link":"https:\/\/tkspro.eu\/de\/dienstleistungen\/","title":{"rendered":"Dienstleistungen"},"content":{"rendered":"<div class=\"wpb-content-wrapper\"><p>[vc_row content_placement=&#8220;middle&#8220; css=&#8220;.vc_custom_1728211931332{margin-top: 40px !important;margin-bottom: 40px !important;}&#8220; woodmart_css_id=&#8220;67026bca7c010&#8243; responsive_spacing=&#8220;eyJwYXJhbV90eXBlIjoid29vZG1hcnRfcmVzcG9uc2l2ZV9zcGFjaW5nIiwic2VsZWN0b3JfaWQiOiI2NzAyNmJjYTdjMDEwIiwic2hvcnRjb2RlIjoidmNfcm93IiwiZGF0YSI6eyJ0YWJsZXQiOnt9LCJtb2JpbGUiOnt9fX0=&#8220; mobile_bg_img_hidden=&#8220;no&#8220; tablet_bg_img_hidden=&#8220;no&#8220; woodmart_parallax=&#8220;0&#8243; woodmart_gradient_switch=&#8220;no&#8220; woodmart_box_shadow=&#8220;no&#8220; wd_z_index=&#8220;no&#8220; woodmart_disable_overflow=&#8220;0&#8243; row_reverse_mobile=&#8220;0&#8243; row_reverse_tablet=&#8220;0&#8243;][vc_column offset=&#8220;vc_col-lg-6&#8243; woodmart_css_id=&#8220;6256e401ee426&#8243; parallax_scroll=&#8220;no&#8220; woodmart_sticky_column=&#8220;false&#8220; wd_collapsible_content_switcher=&#8220;no&#8220; wd_column_role_offcanvas_desktop=&#8220;no&#8220; wd_column_role_offcanvas_tablet=&#8220;no&#8220; wd_column_role_offcanvas_mobile=&#8220;no&#8220; wd_column_role_content_desktop=&#8220;no&#8220; wd_column_role_content_tablet=&#8220;no&#8220; wd_column_role_content_mobile=&#8220;no&#8220; mobile_bg_img_hidden=&#8220;no&#8220; tablet_bg_img_hidden=&#8220;no&#8220; woodmart_parallax=&#8220;0&#8243; woodmart_box_shadow=&#8220;no&#8220; responsive_spacing=&#8220;eyJwYXJhbV90eXBlIjoid29vZG1hcnRfcmVzcG9uc2l2ZV9zcGFjaW5nIiwic2VsZWN0b3JfaWQiOiI2MjU2ZTQwMWVlNDI2Iiwic2hvcnRjb2RlIjoidmNfY29sdW1uIiwiZGF0YSI6eyJ0YWJsZXQiOnt9LCJtb2JpbGUiOnt9fX0=&#8220; mobile_reset_margin=&#8220;no&#8220; tablet_reset_margin=&#8220;no&#8220; wd_z_index=&#8220;no&#8220;]\t\t\t<link rel=\"stylesheet\" id=\"wd-section-title-css\" href=\"https:\/\/tkspro.eu\/wp-content\/themes\/woodmart\/css\/parts\/el-section-title.min.css?ver=7.5.2\" type=\"text\/css\" media=\"all\" \/> \t\t\t\t\t\t<link rel=\"stylesheet\" id=\"wd-mod-highlighted-text-css\" href=\"https:\/\/tkspro.eu\/wp-content\/themes\/woodmart\/css\/parts\/mod-highlighted-text.min.css?ver=7.5.2\" type=\"text\/css\" media=\"all\" \/> \t\t\t\n\t\t<div id=\"wd-66d2be4e6b328\" class=\"title-wrapper wd-wpb set-mb-s reset-last-child  wd-rs-66d2be4e6b328 wd-title-color-default wd-title-style-default text-left  wd-underline-colored\">\n\t\t\t\n\t\t\t<div class=\"liner-continer\">\n\t\t\t\t<h4 class=\"woodmart-title-container title  wd-font-weight-800 wd-fontsize-xxl\" >TKS PRO Dienstleistungen<\/h4>\n\t\t\t\t\t\t\t<\/div>\n\t\t\t\n\t\t\t\n\t\t\t\n\t\t<\/div>\n\t\t\n\t\t\t\t\t<link rel=\"stylesheet\" id=\"wd-text-block-css\" href=\"https:\/\/tkspro.eu\/wp-content\/themes\/woodmart\/css\/parts\/el-text-block.min.css?ver=7.5.2\" type=\"text\/css\" media=\"all\" \/> \t\t\t\t\t<div id=\"wd-67026a9ca6193\" class=\"wd-text-block wd-wpb reset-last-child wd-rs-67026a9ca6193 text-left \">\n\t\t\t<p>Wir von <strong>TKS PRO<\/strong> (Turbo Kompressor Service) bieten hochwertige Wartungs-, Reparatur- und \u00dcberholungsdienstleistungen f\u00fcr Gasturbinen und Flugzeugtriebwerke in ganz Deutschland an. Mit unserer langj\u00e4hrigen Erfahrung in der Branche bieten wir umfassende L\u00f6sungen, um die Leistung, Sicherheit und Langlebigkeit Ihrer Anlagen zu optimieren.<\/p>\n\t\t<\/div>\n\t\t\t\t<div id=\"wd-67026a87ef584\" class=\"wd-text-block wd-wpb reset-last-child wd-rs-67026a87ef584 text-left \">\n\t\t\t<ul>\n<li><strong>Erfahrene Techniker:<\/strong> Unser Team aus hochqualifizierten Fachleuten verf\u00fcgt \u00fcber umfassende Erfahrung in der Wartung von Gasturbinen und Flugzeugtriebwerken.<\/li>\n<li><strong>Hochmoderne Einrichtung:<\/strong> Ausgestattet mit modernsten Werkzeugen und Technologien, gew\u00e4hrleistet unsere Einrichtung h\u00f6chste Pr\u00e4zision bei jeder Dienstleistung, die wir anbieten.<\/li>\n<li><strong>Kundenorientierter Ansatz:<\/strong> Wir arbeiten eng mit unseren Kunden zusammen, um ma\u00dfgeschneiderte L\u00f6sungen anzubieten, die ihren spezifischen Bed\u00fcrfnissen entsprechen, und stellen sicher, dass sie in jeder Phase zufrieden sind.<\/li>\n<li><strong>Konformit\u00e4t und Sicherheit:<\/strong> Alle unsere Dienstleistungen entsprechen den deutschen und internationalen Vorschriften, so dass die h\u00f6chsten Sicherheitsstandards eingehalten werden.<\/li>\n<\/ul>\n\t\t<\/div>\n\t\t[\/vc_column][vc_column offset=&#8220;vc_col-lg-6&#8243; woodmart_css_id=&#8220;6256e4071a9be&#8220; parallax_scroll=&#8220;no&#8220; woodmart_sticky_column=&#8220;false&#8220; wd_collapsible_content_switcher=&#8220;no&#8220; wd_column_role_offcanvas_desktop=&#8220;no&#8220; wd_column_role_offcanvas_tablet=&#8220;no&#8220; wd_column_role_offcanvas_mobile=&#8220;no&#8220; wd_column_role_content_desktop=&#8220;no&#8220; wd_column_role_content_tablet=&#8220;no&#8220; wd_column_role_content_mobile=&#8220;no&#8220; mobile_bg_img_hidden=&#8220;no&#8220; tablet_bg_img_hidden=&#8220;no&#8220; woodmart_parallax=&#8220;0&#8243; woodmart_box_shadow=&#8220;no&#8220; responsive_spacing=&#8220;eyJwYXJhbV90eXBlIjoid29vZG1hcnRfcmVzcG9uc2l2ZV9zcGFjaW5nIiwic2VsZWN0b3JfaWQiOiI2MjU2ZTQwNzFhOWJlIiwic2hvcnRjb2RlIjoidmNfY29sdW1uIiwiZGF0YSI6eyJ0YWJsZXQiOnt9LCJtb2JpbGUiOnt9fX0=&#8220; mobile_reset_margin=&#8220;no&#8220; tablet_reset_margin=&#8220;no&#8220; wd_z_index=&#8220;no&#8220;]\t\t<div id=\"wd-66cdc4386b782\" class=\"wd-image wd-wpb wd-rs-66cdc4386b782 text-center \">\n\t\t\t\n\t\t\t<img loading=\"lazy\" decoding=\"async\" width=\"1280\" height=\"958\" src=\"https:\/\/tkspro.eu\/wp-content\/uploads\/2024\/08\/Portfolio-Gallery-Image-4.jpg\" class=\"attachment-full size-full\" alt=\"TKS Pro - Our work Testing a new turbocharger before installation\" srcset=\"https:\/\/tkspro.eu\/wp-content\/uploads\/2024\/08\/Portfolio-Gallery-Image-4.jpg 1280w, https:\/\/tkspro.eu\/wp-content\/uploads\/2024\/08\/Portfolio-Gallery-Image-4-430x322.jpg 430w, https:\/\/tkspro.eu\/wp-content\/uploads\/2024\/08\/Portfolio-Gallery-Image-4-150x112.jpg 150w, https:\/\/tkspro.eu\/wp-content\/uploads\/2024\/08\/Portfolio-Gallery-Image-4-700x524.jpg 700w, https:\/\/tkspro.eu\/wp-content\/uploads\/2024\/08\/Portfolio-Gallery-Image-4-400x300.jpg 400w, https:\/\/tkspro.eu\/wp-content\/uploads\/2024\/08\/Portfolio-Gallery-Image-4-1069x800.jpg 1069w, https:\/\/tkspro.eu\/wp-content\/uploads\/2024\/08\/Portfolio-Gallery-Image-4-768x575.jpg 768w\" sizes=\"auto, (max-width: 1280px) 100vw, 1280px\" \/>\n\t\t\t\t\t<\/div>\n\t\t[\/vc_column][\/vc_row][vc_row gap=&#8220;35&#8243; equal_height=&#8220;yes&#8220; content_placement=&#8220;middle&#8220; css=&#8220;.vc_custom_1728211946890{margin-top: 40px !important;margin-bottom: 4vh !important;}&#8220; woodmart_parallax=&#8220;0&#8243; woodmart_gradient_switch=&#8220;no&#8220; row_reverse_mobile=&#8220;0&#8243; row_reverse_tablet=&#8220;0&#8243; woodmart_disable_overflow=&#8220;0&#8243; woodmart_css_id=&#8220;67026be428997&#8243; responsive_spacing=&#8220;eyJwYXJhbV90eXBlIjoid29vZG1hcnRfcmVzcG9uc2l2ZV9zcGFjaW5nIiwic2VsZWN0b3JfaWQiOiI2NzAyNmJlNDI4OTk3Iiwic2hvcnRjb2RlIjoidmNfcm93IiwiZGF0YSI6eyJ0YWJsZXQiOnt9LCJtb2JpbGUiOnt9fX0=&#8220; mobile_bg_img_hidden=&#8220;no&#8220; tablet_bg_img_hidden=&#8220;no&#8220; woodmart_box_shadow=&#8220;no&#8220; wd_z_index=&#8220;no&#8220;][vc_column woodmart_parallax=&#8220;0&#8243; parallax_scroll=&#8220;no&#8220; woodmart_sticky_column=&#8220;false&#8220; css=&#8220;.vc_custom_1538568458450{margin-bottom: 4vh !important;padding-top: 0px !important;}&#8220; offset=&#8220;vc_col-lg-6 vc_col-md-6 vc_col-xs-12&#8243;][vc_single_image image=&#8220;10946&#8243; img_size=&#8220;full&#8220; alignment=&#8220;center&#8220; css=&#8220;.vc_custom_1538485049530{margin-bottom: 0px !important;}&#8220; parallax_scroll=&#8220;no&#8220;][\/vc_column][vc_column woodmart_color_scheme=&#8220;dark&#8220; woodmart_parallax=&#8220;0&#8243; parallax_scroll=&#8220;no&#8220; woodmart_sticky_column=&#8220;false&#8220; css=&#8220;.vc_custom_1538568468606{margin-bottom: 4vh !important;padding-top: 0px !important;}&#8220; offset=&#8220;vc_col-lg-6 vc_col-md-6 vc_col-xs-12&#8243;]\n\t\t<div id=\"wd-67026b794bf64\" class=\"title-wrapper wd-wpb set-mb-s reset-last-child  wd-rs-67026b794bf64 wd-title-color-default wd-title-style-default text-left  wd-underline-colored\">\n\t\t\t\n\t\t\t<div class=\"liner-continer\">\n\t\t\t\t<h4 class=\"woodmart-title-container title  wd-font-weight- wd-fontsize-l\" >Warum uns w\u00e4hlen?<\/h4>\n\t\t\t\t\t\t\t<\/div>\n\t\t\t\n\t\t\t\n\t\t\t\n\t\t<\/div>\n\t\t\n\t\t[vc_row_inner][vc_column_inner width=&#8220;1\/2&#8243; css=&#8220;.vc_custom_1538139599864{margin-bottom: 4vh !important;padding-top: 0px !important;}&#8220;]\t\t\t<link rel=\"stylesheet\" id=\"wd-responsive-text-css\" href=\"https:\/\/tkspro.eu\/wp-content\/themes\/woodmart\/css\/parts\/el-responsive-text.min.css?ver=7.5.2\" type=\"text\/css\" media=\"all\" \/> \t\t\t\t\t\t<div id=\"wd-67026a024b313\" class=\"wd-text-block-wrapper wd-wpb wd-rs-67026a024b313 color-scheme-dark text-left vc_custom_1728211467234\">\n\t\t\t\t<div class=\"woodmart-title-container woodmart-text-block reset-last-child font-primary wd-font-weight- \">\n\t\t\t\t\t<strong><span class=\"color-primary\">1.<\/span><\/strong> Wartung und Reparatur von Gasturbinen\t\t\t\t<\/div>\n\n\t\t\t\t\t\t\t<\/div>\n\t\t\t\t\t<div id=\"wd-67026a10d4052\" class=\"wd-text-block-wrapper wd-wpb wd-rs-67026a10d4052 color-scheme- text-left vc_custom_1728211480329\">\n\t\t\t\t<div class=\"woodmart-title-container woodmart-text-block reset-last-child font-primary wd-font-weight- \">\n\t\t\t\t\tUnser Team aus erfahrenen Ingenieuren bietet eine breite Palette von Wartungs- und Reparaturdienstleistungen f\u00fcr Gasturbinen an. Von Routineinspektionen bis hin zu komplexen \u00dcberholungen sorgen wir daf\u00fcr, dass Ihre Turbinen effizient laufen, Ausfallzeiten minimiert werden und die Betriebssicherheit erh\u00f6ht wird.\t\t\t\t<\/div>\n\n\t\t\t\t\t\t\t<\/div>\n\t\t[\/vc_column_inner][vc_column_inner width=&#8220;1\/2&#8243; css=&#8220;.vc_custom_1538139911551{margin-bottom: 4vh !important;padding-top: 0px !important;}&#8220;]\t\t\t<div id=\"wd-67026a1f3aa50\" class=\"wd-text-block-wrapper wd-wpb wd-rs-67026a1f3aa50 color-scheme-dark text-left vc_custom_1728211494875\">\n\t\t\t\t<div class=\"woodmart-title-container woodmart-text-block reset-last-child font-primary wd-font-weight- \">\n\t\t\t\t\t<strong><span class=\"color-primary\">2.<\/span><\/strong> Reparatur und \u00dcberholung von Flugzeugtriebwerken\t\t\t\t<\/div>\n\n\t\t\t\t\t\t\t<\/div>\n\t\t\t\t\t<div id=\"wd-67026a2aac58d\" class=\"wd-text-block-wrapper wd-wpb wd-rs-67026a2aac58d color-scheme- text-left vc_custom_1728211505417\">\n\t\t\t\t<div class=\"woodmart-title-container woodmart-text-block reset-last-child font-primary wd-font-weight- \">\n\t\t\t\t\tWir sind auf die Reparatur und \u00dcberholung von Flugzeugtriebwerken spezialisiert und bieten Pr\u00e4zisionsdienstleistungen an, um Ihr Triebwerk in einen optimalen Zustand zu versetzen. Unsere Verfahren entsprechen den h\u00f6chsten Sicherheits- und Regulierungsstandards und gew\u00e4hrleisten die Zuverl\u00e4ssigkeit und Sicherheit Ihres Flugzeugs.\t\t\t\t<\/div>\n\n\t\t\t\t\t\t\t<\/div>\n\t\t[\/vc_column_inner][vc_column_inner width=&#8220;1\/2&#8243; css=&#8220;.vc_custom_1538139939673{margin-bottom: 4vh !important;}&#8220;]\t\t\t<div id=\"wd-67026a36dbb9b\" class=\"wd-text-block-wrapper wd-wpb wd-rs-67026a36dbb9b color-scheme-dark text-left vc_custom_1728211517454\">\n\t\t\t\t<div class=\"woodmart-title-container woodmart-text-block reset-last-child font-primary wd-font-weight- \">\n\t\t\t\t\t<strong><span class=\"color-primary\">3.<\/span><\/strong> \u00dcberholung von Kompressoranlagen\t\t\t\t<\/div>\n\n\t\t\t\t\t\t\t<\/div>\n\t\t\t\t\t<div id=\"wd-67026a41aba0e\" class=\"wd-text-block-wrapper wd-wpb wd-rs-67026a41aba0e color-scheme- text-left vc_custom_1728211528322\">\n\t\t\t\t<div class=\"woodmart-title-container woodmart-text-block reset-last-child font-primary wd-font-weight- \">\n\t\t\t\t\tTKS PRO bietet umfassende \u00dcberholungsdienstleistungen f\u00fcr Kompressoranlagen an und sorgt daf\u00fcr, dass Ihre Systeme auch in Zukunft ihre volle Leistung erbringen. Mit detaillierten Diagnosen, Reparaturen und dem Austausch von Teilen tragen wir dazu bei, die Lebensdauer Ihrer Anlagen zu verl\u00e4ngern und gleichzeitig die Betriebskosten zu senken.\t\t\t\t<\/div>\n\n\t\t\t\t\t\t\t<\/div>\n\t\t[\/vc_column_inner][vc_column_inner width=&#8220;1\/2&#8243; css=&#8220;.vc_custom_1538139945223{margin-bottom: 4vh !important;}&#8220;]\t\t\t<div id=\"wd-67026a4ca2746\" class=\"wd-text-block-wrapper wd-wpb wd-rs-67026a4ca2746 color-scheme-dark text-left vc_custom_1728211539336\">\n\t\t\t\t<div class=\"woodmart-title-container woodmart-text-block reset-last-child font-primary wd-font-weight- \">\n\t\t\t\t\t<strong><span class=\"color-primary\">4.<\/span><\/strong> Ersatzteilversorgung\t\t\t\t<\/div>\n\n\t\t\t\t\t\t\t<\/div>\n\t\t\t\t\t<div id=\"wd-67026a575b8a5\" class=\"wd-text-block-wrapper wd-wpb wd-rs-67026a575b8a5 color-scheme- text-left vc_custom_1728211549855\">\n\t\t\t\t<div class=\"woodmart-title-container woodmart-text-block reset-last-child font-primary wd-font-weight- \">\n\t\t\t\t\tWir bieten eine umfassende Auswahl an zertifizierten Ersatzteilen f\u00fcr Gasturbinen und Flugzeugtriebwerke. Alle Komponenten entsprechen den OEM-Standards und gew\u00e4hrleisten hohe Leistung und nahtlose Integration in Ihre bestehenden Systeme.\t\t\t\t<\/div>\n\n\t\t\t\t\t\t\t<\/div>\n\t\t[\/vc_column_inner][\/vc_row_inner][\/vc_column][\/vc_row][vc_row css=&#8220;.vc_custom_1724760805898{margin-right: 0px !important;margin-bottom: 80px !important;margin-left: 0px !important;padding-top: 40px !important;padding-right: 25px !important;padding-bottom: 40px !important;padding-left: 25px !important;background: #00b7f0 url(https:\/\/tkspro.eu\/wp-content\/uploads\/2024\/08\/services-banner-img.jpg?id=9813) !important;background-position: center !important;background-repeat: no-repeat !important;background-size: cover !important;border-radius: 10px !important;}&#8220; woodmart_css_id=&#8220;66cdc2229e880&#8243; responsive_spacing=&#8220;eyJwYXJhbV90eXBlIjoid29vZG1hcnRfcmVzcG9uc2l2ZV9zcGFjaW5nIiwic2VsZWN0b3JfaWQiOiI2NmNkYzIyMjllODgwIiwic2hvcnRjb2RlIjoidmNfcm93IiwiZGF0YSI6eyJ0YWJsZXQiOnsibWFyZ2luLWJvdHRvbSI6IjYwcHgifSwibW9iaWxlIjp7Im1hcmdpbi1ib3R0b20iOiI0MHB4In19fQ==&#8220; mobile_bg_img_hidden=&#8220;yes&#8220; tablet_bg_img_hidden=&#8220;yes&#8220; woodmart_parallax=&#8220;0&#8243; woodmart_gradient_switch=&#8220;no&#8220; woodmart_box_shadow=&#8220;no&#8220; wd_z_index=&#8220;no&#8220; woodmart_disable_overflow=&#8220;0&#8243; row_reverse_mobile=&#8220;0&#8243; row_reverse_tablet=&#8220;0&#8243;][vc_column offset=&#8220;vc_col-lg-offset-6 vc_col-lg-6&#8243; woodmart_css_id=&#8220;61d448a0049f7&#8243; parallax_scroll=&#8220;no&#8220; woodmart_sticky_column=&#8220;false&#8220; wd_collapsible_content_switcher=&#8220;no&#8220; mobile_bg_img_hidden=&#8220;no&#8220; tablet_bg_img_hidden=&#8220;no&#8220; woodmart_parallax=&#8220;0&#8243; woodmart_box_shadow=&#8220;no&#8220; mobile_reset_margin=&#8220;no&#8220; tablet_reset_margin=&#8220;no&#8220; wd_z_index=&#8220;no&#8220; responsive_spacing=&#8220;eyJwYXJhbV90eXBlIjoid29vZG1hcnRfcmVzcG9uc2l2ZV9zcGFjaW5nIiwic2VsZWN0b3JfaWQiOiI2MWQ0NDhhMDA0OWY3Iiwic2hvcnRjb2RlIjoidmNfY29sdW1uIiwiZGF0YSI6eyJ0YWJsZXQiOnt9LCJtb2JpbGUiOnt9fX0=&#8220; css=&#8220;.vc_custom_1641302179907{padding-top: 0px !important;}&#8220;]\n\t\t<div id=\"wd-66d2bf8cd5d99\" class=\"title-wrapper wd-wpb set-mb-s reset-last-child  wd-rs-66d2bf8cd5d99 wd-title-color-white wd-title-style-default text-left vc_custom_1725087634612 wd-underline-colored\">\n\t\t\t\n\t\t\t<div class=\"liner-continer\">\n\t\t\t\t<h4 class=\"woodmart-title-container title  wd-font-weight-800 wd-fontsize-l\" >Vertrauen Sie Ihren Motor einem Meister an<\/h4>\n\t\t\t\t\t\t\t<\/div>\n\t\t\t\n\t\t\t\n\t\t\t\n\t\t<\/div>\n\t\t\n\t\t\t\t<div id=\"wd-67026b1de9371\" class=\"wd-text-block wd-wpb reset-last-child wd-rs-67026b1de9371 text-left wd-width-custom color-scheme-light vc_custom_1728211767500\">\n\t\t\t<p>Wir bieten umfassende L\u00f6sungen zur Optimierung der Leistung, Sicherheit und Langlebigkeit Ihrer Ger\u00e4te.<\/p>\n\t\t<\/div>\n\t\t<div id=\"wd-66d2bfa65f774\" class=\" wd-rs-66d2bfa65f774  wd-button-wrapper text-left\"><a href=\"tel:(406) 555-0120\" title=\"\" class=\"btn btn-color-white btn-style-default btn-style-semi-round btn-size-large\">Jetzt anrufen<\/a><\/div>[\/vc_column][\/vc_row]<\/p>\n<\/div>","protected":false},"excerpt":{"rendered":"<p>[vc_row content_placement=&#8220;middle&#8220; css=&#8220;.vc_custom_1728211931332{margin-top: 40px !important;margin-bottom: 40px !important;}&#8220; woodmart_css_id=&#8220;67026bca7c010&#8243; responsive_spacing=&#8220;eyJwYXJhbV90eXBlIjoid29vZG1hcnRfcmVzcG9uc2l2ZV9zcGFjaW5nIiwic2VsZWN0b3JfaWQiOiI2NzAyNmJjYTdjMDEwIiwic2hvcnRjb2RlIjoidmNfcm93IiwiZGF0YSI6eyJ0YWJsZXQiOnt9LCJtb2JpbGUiOnt9fX0=&#8220; mobile_bg_img_hidden=&#8220;no&#8220; tablet_bg_img_hidden=&#8220;no&#8220; woodmart_parallax=&#8220;0&#8243; woodmart_gradient_switch=&#8220;no&#8220; woodmart_box_shadow=&#8220;no&#8220; wd_z_index=&#8220;no&#8220; woodmart_disable_overflow=&#8220;0&#8243; row_reverse_mobile=&#8220;0&#8243; row_reverse_tablet=&#8220;0&#8243;][vc_column offset=&#8220;vc_col-lg-6&#8243; woodmart_css_id=&#8220;6256e401ee426&#8243;<\/p>\n","protected":false},"author":1,"featured_media":0,"parent":0,"menu_order":0,"comment_status":"closed","ping_status":"closed","template":"","meta":{"footnotes":""},"class_list":["post-11219","page","type-page","status-publish","hentry"],"_links":{"self":[{"href":"https:\/\/tkspro.eu\/de\/wp-json\/wp\/v2\/pages\/11219","targetHints":{"allow":["GET"]}}],"collection":[{"href":"https:\/\/tkspro.eu\/de\/wp-json\/wp\/v2\/pages"}],"about":[{"href":"https:\/\/tkspro.eu\/de\/wp-json\/wp\/v2\/types\/page"}],"author":[{"embeddable":true,"href":"https:\/\/tkspro.eu\/de\/wp-json\/wp\/v2\/users\/1"}],"replies":[{"embeddable":true,"href":"https:\/\/tkspro.eu\/de\/wp-json\/wp\/v2\/comments?post=11219"}],"version-history":[{"count":0,"href":"https:\/\/tkspro.eu\/de\/wp-json\/wp\/v2\/pages\/11219\/revisions"}],"wp:attachment":[{"href":"https:\/\/tkspro.eu\/de\/wp-json\/wp\/v2\/media?parent=11219"}],"curies":[{"name":"wp","href":"https:\/\/api.w.org\/{rel}","templated":true}]}}