{"id":11148,"date":"2024-09-30T15:34:24","date_gmt":"2024-09-30T13:34:24","guid":{"rendered":"https:\/\/tkspro.eu\/produkte\/verkauf-von-gasturbinentriebwerken\/general-electric\/"},"modified":"2024-10-08T08:30:22","modified_gmt":"2024-10-08T06:30:22","slug":"general-electric","status":"publish","type":"page","link":"https:\/\/tkspro.eu\/de\/produkte\/verkauf-von-gasturbinentriebwerken\/general-electric\/","title":{"rendered":"General Electric"},"content":{"rendered":"<div class=\"wpb-content-wrapper\"><p>[vc_row equal_height=&#8220;yes&#8220; content_placement=&#8220;top&#8220; woodmart_css_id=&#8220;66fa7ff4a6d2e&#8220; responsive_spacing=&#8220;eyJwYXJhbV90eXBlIjoid29vZG1hcnRfcmVzcG9uc2l2ZV9zcGFjaW5nIiwic2VsZWN0b3JfaWQiOiI2NmZhN2ZmNGE2ZDJlIiwic2hvcnRjb2RlIjoidmNfcm93IiwiZGF0YSI6eyJ0YWJsZXQiOnsibWFyZ2luLWJvdHRvbSI6IjE1In0sIm1vYmlsZSI6e319fQ==&#8220; mobile_bg_img_hidden=&#8220;no&#8220; tablet_bg_img_hidden=&#8220;no&#8220; woodmart_parallax=&#8220;0&#8243; woodmart_gradient_switch=&#8220;no&#8220; woodmart_box_shadow=&#8220;no&#8220; wd_z_index=&#8220;no&#8220; woodmart_disable_overflow=&#8220;0&#8243; row_reverse_mobile=&#8220;0&#8243; row_reverse_tablet=&#8220;0&#8243; css=&#8220;.vc_custom_1727692799120{margin-bottom: 25px !important;}&#8220;][vc_column offset=&#8220;vc_col-lg-7 vc_col-md-7&#8243; woodmart_css_id=&#8220;66fa7b7299715&#8243; parallax_scroll=&#8220;no&#8220; woodmart_sticky_column=&#8220;false&#8220; wd_collapsible_content_switcher=&#8220;no&#8220; wd_column_role_offcanvas_desktop=&#8220;no&#8220; wd_column_role_offcanvas_tablet=&#8220;no&#8220; wd_column_role_offcanvas_mobile=&#8220;no&#8220; wd_column_role_content_desktop=&#8220;no&#8220; wd_column_role_content_tablet=&#8220;no&#8220; wd_column_role_content_mobile=&#8220;no&#8220; mobile_bg_img_hidden=&#8220;no&#8220; tablet_bg_img_hidden=&#8220;no&#8220; woodmart_parallax=&#8220;0&#8243; woodmart_box_shadow=&#8220;no&#8220; responsive_spacing=&#8220;eyJwYXJhbV90eXBlIjoid29vZG1hcnRfcmVzcG9uc2l2ZV9zcGFjaW5nIiwic2VsZWN0b3JfaWQiOiI2NmZhN2I3Mjk5NzE1Iiwic2hvcnRjb2RlIjoidmNfY29sdW1uIiwiZGF0YSI6eyJ0YWJsZXQiOnt9LCJtb2JpbGUiOnt9fX0=&#8220; mobile_reset_margin=&#8220;no&#8220; tablet_reset_margin=&#8220;no&#8220; wd_z_index=&#8220;no&#8220;]\t\t\t<link rel=\"stylesheet\" id=\"wd-section-title-css\" href=\"https:\/\/tkspro.eu\/wp-content\/themes\/woodmart\/css\/parts\/el-section-title.min.css?ver=7.5.2\" type=\"text\/css\" media=\"all\" \/> \t\t\t\t\t\t<link rel=\"stylesheet\" id=\"wd-mod-highlighted-text-css\" href=\"https:\/\/tkspro.eu\/wp-content\/themes\/woodmart\/css\/parts\/mod-highlighted-text.min.css?ver=7.5.2\" type=\"text\/css\" media=\"all\" \/> \t\t\t\n\t\t<div id=\"wd-66faa8a40f1db\" class=\"title-wrapper wd-wpb set-mb-s reset-last-child  wd-rs-66faa8a40f1db wd-title-color-default wd-title-style-default text-left vc_custom_1727703213467 wd-underline-colored\">\n\t\t\t\n\t\t\t<div class=\"liner-continer\">\n\t\t\t\t<h2 class=\"woodmart-title-container title  wd-font-weight- wd-fontsize-l\" >General Electric (GE)<\/h2>\n\t\t\t\t\t\t\t<\/div>\n\t\t\t\n\t\t\t\n\t\t\t\n\t\t<\/div>\n\t\t\n\t\t\t\t\t<link rel=\"stylesheet\" id=\"wd-text-block-css\" href=\"https:\/\/tkspro.eu\/wp-content\/themes\/woodmart\/css\/parts\/el-text-block.min.css?ver=7.5.2\" type=\"text\/css\" media=\"all\" \/> \t\t\t\t\t<div id=\"wd-66faa8c0caec5\" class=\"wd-text-block wd-wpb reset-last-child wd-rs-66faa8c0caec5 text-left vc_custom_1727703246419\">\n\t\t\t<p><strong>General Electric<\/strong> ist weltweit f\u00fchrend in der Gasturbinentechnologie und bietet Hochleistungsturbinen f\u00fcr verschiedene Anwendungen an, von der Energieerzeugung bis hin zu industriellen Prozessen. GE-Turbinen sind bekannt f\u00fcr ihre Effizienz, Zuverl\u00e4ssigkeit und moderne Technologie. <\/p>\n<p><strong>Verf\u00fcgbare Modelle:<\/strong><\/p>\n<ul>\n<li><strong>GE LM2500:<\/strong> Eine weit verbreitete Industrie- und Marinegasturbine mit einer Kapazit\u00e4t von bis zu 35 MW, ideal f\u00fcr Kraftwerke im Kombikraftwerksbetrieb.<\/li>\n<li><strong>GE 9E:<\/strong> Diese Schwerlast-Gasturbine liefert bis zu 130 MW Leistung und ist ideal f\u00fcr die gro\u00dffl\u00e4chige Energieerzeugung.<\/li>\n<li><strong>GE Frame 7:<\/strong> Diese Turbine bietet bis zu 200 MW und wird aufgrund ihrer Effizienz und Zuverl\u00e4ssigkeit in Kraftwerken und industriellen Anwendungen eingesetzt.<\/li>\n<\/ul>\n\t\t<\/div>\n\t\t[vc_row_inner equal_height=&#8220;yes&#8220; content_placement=&#8220;middle&#8220;][vc_column_inner css=&#8220;.vc_custom_1481476631480{margin-bottom: 20px !important;}&#8220;]<div id=\"wd-66fbe1abf1629\" class=\" wd-rs-66fbe1abf1629  wd-button-wrapper text-left\"><a href=\"https:\/\/tkspro.eu\/de\/kontaktieren-sie-uns\/\" title=\"Kontaktieren Sie uns\" class=\"btn btn-scheme-light btn-scheme-hover-light btn-style-default btn-style-semi-round btn-size-default\">Produkt Bestellen<\/a><\/div>[\/vc_column_inner][\/vc_row_inner][\/vc_column][vc_column woodmart_sticky_column_offset=&#8220;150&#8243; woodmart_sticky_column=&#8220;true&#8220; offset=&#8220;vc_col-lg-5 vc_hidden-lg vc_col-md-5 vc_hidden-md vc_hidden-sm vc_hidden-xs&#8220; css=&#8220;.vc_custom_1728286197603{margin-bottom: 15px !important;margin-left: 50px !important;}&#8220; woodmart_css_id=&#8220;67038df000dae&#8220; parallax_scroll=&#8220;no&#8220; wd_collapsible_content_switcher=&#8220;no&#8220; wd_column_role_offcanvas_desktop=&#8220;no&#8220; wd_column_role_offcanvas_tablet=&#8220;no&#8220; wd_column_role_offcanvas_mobile=&#8220;no&#8220; wd_column_role_content_desktop=&#8220;no&#8220; wd_column_role_content_tablet=&#8220;no&#8220; wd_column_role_content_mobile=&#8220;no&#8220; mobile_bg_img_hidden=&#8220;no&#8220; tablet_bg_img_hidden=&#8220;no&#8220; woodmart_parallax=&#8220;0&#8243; woodmart_box_shadow=&#8220;no&#8220; responsive_spacing=&#8220;eyJwYXJhbV90eXBlIjoid29vZG1hcnRfcmVzcG9uc2l2ZV9zcGFjaW5nIiwic2VsZWN0b3JfaWQiOiI2NzAzOGRmMDAwZGFlIiwic2hvcnRjb2RlIjoidmNfY29sdW1uIiwiZGF0YSI6eyJ0YWJsZXQiOnsibWFyZ2luLWxlZnQiOiIwcHgifSwibW9iaWxlIjp7Im1hcmdpbi1sZWZ0IjoiMHB4In19fQ==&#8220; mobile_reset_margin=&#8220;no&#8220; tablet_reset_margin=&#8220;no&#8220; wd_z_index=&#8220;no&#8220;]\t\t\t<link rel=\"stylesheet\" id=\"wd-photoswipe-css\" href=\"https:\/\/tkspro.eu\/wp-content\/themes\/woodmart\/css\/parts\/lib-photoswipe.min.css?ver=7.5.2\" type=\"text\/css\" media=\"all\" \/> \t\t\t\t\t\t<link rel=\"stylesheet\" id=\"wd-image-gallery-css\" href=\"https:\/\/tkspro.eu\/wp-content\/themes\/woodmart\/css\/parts\/el-gallery.min.css?ver=7.5.2\" type=\"text\/css\" media=\"all\" \/> \t\t\t\t\t<div id=\"gallery_163\" class=\"wd-images-gallery wd-wpb wd-rs-66fe6b6d01316 photoswipe-images\" style=\"--wd-justify-content:center;--wd-align-items:center;\">\n\t\t\t\n\t\t\t<div class=\" wd-grid-g\" style=\"--wd-col-lg:1;--wd-col-md:1;--wd-col-sm:1;--wd-gap-lg:30px;--wd-gap-sm:10px;\">\n\t\t\t\t\n\t\t\t\t\t\t\t\t\t\t\t\t\t\t\t<div class=\"wd-gallery-item wd-col\">\n\t\t\t\t\t\t\t\t\t\t\t\t\t\t<a href=\"https:\/\/tkspro.eu\/wp-content\/uploads\/2024\/10\/1.2-GE-Sale-of-Gas-Turbine-Engines_cleanup-2.jpg\" data-elementor-open-lightbox=\"no\" data-index=\"1\" data-width=\"1280\" data-height=\"720\" \n\t\t\t\t\t\t\t\t\t\t\t\t >\n\t\t\t\t\t\t\t\t\n\t\t\t\t\t\t\t\t<img loading=\"lazy\" decoding=\"async\" width=\"1280\" height=\"720\" src=\"https:\/\/tkspro.eu\/wp-content\/uploads\/2024\/10\/1.2-GE-Sale-of-Gas-Turbine-Engines_cleanup-2.jpg\" class=\"wd-gallery-image image-1\" alt=\"\" srcset=\"https:\/\/tkspro.eu\/wp-content\/uploads\/2024\/10\/1.2-GE-Sale-of-Gas-Turbine-Engines_cleanup-2.jpg 1280w, https:\/\/tkspro.eu\/wp-content\/uploads\/2024\/10\/1.2-GE-Sale-of-Gas-Turbine-Engines_cleanup-2-400x225.jpg 400w, https:\/\/tkspro.eu\/wp-content\/uploads\/2024\/10\/1.2-GE-Sale-of-Gas-Turbine-Engines_cleanup-2-768x432.jpg 768w, https:\/\/tkspro.eu\/wp-content\/uploads\/2024\/10\/1.2-GE-Sale-of-Gas-Turbine-Engines_cleanup-2-430x242.jpg 430w, https:\/\/tkspro.eu\/wp-content\/uploads\/2024\/10\/1.2-GE-Sale-of-Gas-Turbine-Engines_cleanup-2-700x394.jpg 700w, https:\/\/tkspro.eu\/wp-content\/uploads\/2024\/10\/1.2-GE-Sale-of-Gas-Turbine-Engines_cleanup-2-150x84.jpg 150w\" sizes=\"auto, (max-width: 1280px) 100vw, 1280px\" \/>\n\t\t\t\t\t\t\t\t\t\t\t\t\t\t\t<\/a>\n\t\t\t\t\t\t\t\t\t\t\t\t<\/div>\n\t\t\t\t\t\t\t\t\t\n\t\t\t\t\t\t\t<\/div>\n\n\t\t\t\t\t<\/div>\n\t\t[\/vc_column][\/vc_row][vc_row disable_element=&#8220;yes&#8220; css=&#8220;.vc_custom_1727703254484{margin-bottom: 25px !important;}&#8220; woodmart_css_id=&#8220;66faa8d20c330&#8243; responsive_spacing=&#8220;eyJwYXJhbV90eXBlIjoid29vZG1hcnRfcmVzcG9uc2l2ZV9zcGFjaW5nIiwic2VsZWN0b3JfaWQiOiI2NmZhYThkMjBjMzMwIiwic2hvcnRjb2RlIjoidmNfcm93IiwiZGF0YSI6eyJ0YWJsZXQiOnsibWFyZ2luLWJvdHRvbSI6IjE1cHgifSwibW9iaWxlIjp7fX19&#8243; mobile_bg_img_hidden=&#8220;no&#8220; tablet_bg_img_hidden=&#8220;no&#8220; woodmart_parallax=&#8220;0&#8243; woodmart_gradient_switch=&#8220;no&#8220; woodmart_box_shadow=&#8220;no&#8220; wd_z_index=&#8220;no&#8220; woodmart_disable_overflow=&#8220;0&#8243; row_reverse_mobile=&#8220;0&#8243; row_reverse_tablet=&#8220;0&#8243;][vc_column]\t\t<div id=\"wd-66fa7fc006dca\" class=\"wd-text-block wd-wpb reset-last-child wd-rs-66fa7fc006dca text-left \">\n\t\t\t<p>Lorem ipsum dolor sit amet, consectetur adipiscing elit. Ut elit tellus, luctus nec ullamcorper mattis, pulvinar dapibus leo.<\/p>\n\t\t<\/div>\n\t\t[\/vc_column][\/vc_row]<\/p>\n<\/div>","protected":false},"excerpt":{"rendered":"<p>[vc_row equal_height=&#8220;yes&#8220; content_placement=&#8220;top&#8220; woodmart_css_id=&#8220;66fa7ff4a6d2e&#8220; responsive_spacing=&#8220;eyJwYXJhbV90eXBlIjoid29vZG1hcnRfcmVzcG9uc2l2ZV9zcGFjaW5nIiwic2VsZWN0b3JfaWQiOiI2NmZhN2ZmNGE2ZDJlIiwic2hvcnRjb2RlIjoidmNfcm93IiwiZGF0YSI6eyJ0YWJsZXQiOnsibWFyZ2luLWJvdHRvbSI6IjE1In0sIm1vYmlsZSI6e319fQ==&#8220; mobile_bg_img_hidden=&#8220;no&#8220; tablet_bg_img_hidden=&#8220;no&#8220; woodmart_parallax=&#8220;0&#8243; woodmart_gradient_switch=&#8220;no&#8220; woodmart_box_shadow=&#8220;no&#8220; wd_z_index=&#8220;no&#8220; woodmart_disable_overflow=&#8220;0&#8243; row_reverse_mobile=&#8220;0&#8243; row_reverse_tablet=&#8220;0&#8243; css=&#8220;.vc_custom_1727692799120{margin-bottom: 25px !important;}&#8220;][vc_column offset=&#8220;vc_col-lg-7 vc_col-md-7&#8243; woodmart_css_id=&#8220;66fa7b7299715&#8243;<\/p>\n","protected":false},"author":1,"featured_media":0,"parent":11139,"menu_order":0,"comment_status":"closed","ping_status":"closed","template":"","meta":{"footnotes":""},"class_list":["post-11148","page","type-page","status-publish","hentry"],"_links":{"self":[{"href":"https:\/\/tkspro.eu\/de\/wp-json\/wp\/v2\/pages\/11148","targetHints":{"allow":["GET"]}}],"collection":[{"href":"https:\/\/tkspro.eu\/de\/wp-json\/wp\/v2\/pages"}],"about":[{"href":"https:\/\/tkspro.eu\/de\/wp-json\/wp\/v2\/types\/page"}],"author":[{"embeddable":true,"href":"https:\/\/tkspro.eu\/de\/wp-json\/wp\/v2\/users\/1"}],"replies":[{"embeddable":true,"href":"https:\/\/tkspro.eu\/de\/wp-json\/wp\/v2\/comments?post=11148"}],"version-history":[{"count":0,"href":"https:\/\/tkspro.eu\/de\/wp-json\/wp\/v2\/pages\/11148\/revisions"}],"up":[{"embeddable":true,"href":"https:\/\/tkspro.eu\/de\/wp-json\/wp\/v2\/pages\/11139"}],"wp:attachment":[{"href":"https:\/\/tkspro.eu\/de\/wp-json\/wp\/v2\/media?parent=11148"}],"curies":[{"name":"wp","href":"https:\/\/api.w.org\/{rel}","templated":true}]}}