{"id":11127,"date":"2024-09-30T12:57:46","date_gmt":"2024-09-30T10:57:46","guid":{"rendered":"https:\/\/tkspro.eu\/produkte\/"},"modified":"2024-10-08T09:32:14","modified_gmt":"2024-10-08T07:32:14","slug":"produkte","status":"publish","type":"page","link":"https:\/\/tkspro.eu\/de\/produkte\/","title":{"rendered":"Produkte"},"content":{"rendered":"<div class=\"wpb-content-wrapper\"><p>[vc_section el_id=&#8220;Products&#8220; woodmart_css_id=&#8220;66fafd9548848&#8243; responsive_spacing=&#8220;eyJwYXJhbV90eXBlIjoid29vZG1hcnRfcmVzcG9uc2l2ZV9zcGFjaW5nIiwic2VsZWN0b3JfaWQiOiI2NmZhZmQ5NTQ4ODQ4Iiwic2hvcnRjb2RlIjoidmNfc2VjdGlvbiIsImRhdGEiOnsidGFibGV0Ijp7Im1hcmdpbi10b3AiOiIzMCJ9LCJtb2JpbGUiOnt9fX0=&#8220; mobile_bg_img_hidden=&#8220;no&#8220; tablet_bg_img_hidden=&#8220;no&#8220; woodmart_parallax=&#8220;0&#8243; woodmart_gradient_switch=&#8220;no&#8220; woodmart_box_shadow=&#8220;no&#8220; wd_z_index=&#8220;no&#8220; woodmart_disable_overflow=&#8220;0&#8243; css=&#8220;.vc_custom_1727725113100{margin-top: 40px !important;}&#8220;][vc_row mobile_bg_img_hidden=&#8220;no&#8220; tablet_bg_img_hidden=&#8220;no&#8220; woodmart_parallax=&#8220;0&#8243; woodmart_gradient_switch=&#8220;no&#8220; row_reverse_mobile=&#8220;0&#8243; row_reverse_tablet=&#8220;0&#8243; woodmart_disable_overflow=&#8220;0&#8243; woodmart_css_id=&#8220;66fa40583564a&#8220; responsive_spacing=&#8220;eyJwYXJhbV90eXBlIjoid29vZG1hcnRfcmVzcG9uc2l2ZV9zcGFjaW5nIiwic2VsZWN0b3JfaWQiOiI2NmZhNDA1ODM1NjRhIiwic2hvcnRjb2RlIjoidmNfcm93IiwiZGF0YSI6eyJ0YWJsZXQiOnsibWFyZ2luLWJvdHRvbSI6IjE1In0sIm1vYmlsZSI6eyJtYXJnaW4tYm90dG9tIjoiMTUifX19&#8243; woodmart_box_shadow=&#8220;no&#8220; wd_z_index=&#8220;no&#8220; css=&#8220;.vc_custom_1727676515283{margin-bottom: 25px !important;}&#8220;][vc_column]\t\t\t<link rel=\"stylesheet\" id=\"wd-section-title-css\" href=\"https:\/\/tkspro.eu\/wp-content\/themes\/woodmart\/css\/parts\/el-section-title.min.css?ver=7.5.2\" type=\"text\/css\" media=\"all\" \/> \t\t\t\t\t\t<link rel=\"stylesheet\" id=\"wd-mod-highlighted-text-css\" href=\"https:\/\/tkspro.eu\/wp-content\/themes\/woodmart\/css\/parts\/mod-highlighted-text.min.css?ver=7.5.2\" type=\"text\/css\" media=\"all\" \/> \t\t\t\n\t\t<div id=\"wd-66fafd7f18ed5\" class=\"title-wrapper wd-wpb set-mb-s reset-last-child  wd-rs-66fafd7f18ed5 wd-title-color-primary wd-title-style-default text-center  wd-underline-colored\">\n\t\t\t\t\t\t\t<div class=\"title-subtitle  subtitle-color-primary font-alt subtitle-style-default wd-font-weight-600 wd-fontsize-m\">UNSERE PRODUKTE<\/div>\n\t\t\t\n\t\t\t<div class=\"liner-continer\">\n\t\t\t\t<h4 class=\"woodmart-title-container title  wd-font-weight- wd-fontsize-xxxl\" >Qualit\u00e4t und Garantie<\/h4>\n\t\t\t\t\t\t\t<\/div>\n\t\t\t\n\t\t\t\t\t\t\t<div class=\"title-after_title  set-cont-mb-s reset-last-child  wd-fontsize-s\">Wir bieten unseren Kunden stets Produkte von hoher Qualit\u00e4t<\/div>\n\t\t\t\n\t\t\t\n\t\t<\/div>\n\t\t\n\t\t[\/vc_column][\/vc_row][vc_row equal_height=&#8220;yes&#8220; css=&#8220;.vc_custom_1723984647713{margin-bottom: 60px !important;}&#8220; mobile_bg_img_hidden=&#8220;no&#8220; tablet_bg_img_hidden=&#8220;no&#8220; woodmart_parallax=&#8220;0&#8243; woodmart_gradient_switch=&#8220;no&#8220; row_reverse_mobile=&#8220;0&#8243; row_reverse_tablet=&#8220;0&#8243; woodmart_disable_overflow=&#8220;0&#8243; wd_z_index=&#8220;no&#8220; woodmart_css_id=&#8220;66c1eaebdafef&#8220; responsive_spacing=&#8220;eyJwYXJhbV90eXBlIjoid29vZG1hcnRfcmVzcG9uc2l2ZV9zcGFjaW5nIiwic2VsZWN0b3JfaWQiOiI2NmMxZWFlYmRhZmVmIiwic2hvcnRjb2RlIjoidmNfcm93IiwiZGF0YSI6eyJ0YWJsZXQiOnsibWFyZ2luLWJvdHRvbSI6IjQwcHgifSwibW9iaWxlIjp7Im1hcmdpbi1ib3R0b20iOiIyMHB4In19fQ==&#8220; woodmart_box_shadow=&#8220;no&#8220;][vc_column width=&#8220;1\/2&#8243; css=&#8220;.vc_custom_1621345730782{padding-top: 0px !important;}&#8220; mobile_bg_img_hidden=&#8220;no&#8220; tablet_bg_img_hidden=&#8220;no&#8220; woodmart_parallax=&#8220;0&#8243; woodmart_sticky_column=&#8220;false&#8220; parallax_scroll=&#8220;no&#8220; mobile_reset_margin=&#8220;no&#8220; tablet_reset_margin=&#8220;no&#8220; offset=&#8220;vc_col-lg-4 vc_col-md-4 vc_col-xs-12&#8243;]\t\t\t<link rel=\"stylesheet\" id=\"wd-info-box-css\" href=\"https:\/\/tkspro.eu\/wp-content\/themes\/woodmart\/css\/parts\/el-info-box.min.css?ver=7.5.2\" type=\"text\/css\" media=\"all\" \/> \t\t\t\t\t\t<link rel=\"stylesheet\" id=\"wd-info-box-style-shadow-and-bg-hover-css\" href=\"https:\/\/tkspro.eu\/wp-content\/themes\/woodmart\/css\/parts\/el-info-box-style-shadow-and-bg-hover.min.css?ver=7.5.2\" type=\"text\/css\" media=\"all\" \/> \t\t\t\t\t\t<div class=\"info-box-wrapper\">\n\t\t\t\t<div id=\"wd-66fd1de0046d3\" class=\" wd-rs-66fd1de0046d3 wd-info-box wd-wpb text-left box-icon-align-top box-style-shadow color-scheme- wd-bg-none vc_custom_1727864294073\">\n\t\t\t\t\t\t\t\t\t\t\t<div class=\"box-icon-wrapper  box-with-icon box-icon-simple\">\n\t\t\t\t\t\t\t<div class=\"info-box-icon\">\n\n\t\t\t\t\t\t\t\n\t\t\t\t\t\t\t\t\t\t\t\t\t\t\t\t\t<div class=\"info-svg-wrapper\" style=\"width: 40px;height: 40px;\"><img loading=\"lazy\" decoding=\"async\"  src=\"https:\/\/tkspro.eu\/wp-content\/uploads\/2024\/08\/1.-overhaul-gas-turbine-icon.svg\" title=\"1. overhaul gas turbine-icon\" width=\"40\" height=\"40\"><\/div>\t\t\t\t\t\t\t\t\t\t\t\t\t\t\t\n\t\t\t\t\t\t\t<\/div>\n\t\t\t\t\t\t<\/div>\n\t\t\t\t\t\t\t\t\t\t<div class=\"info-box-content\">\n\t\t\t\t\t\t<h4 class=\"info-box-title title box-title-style-default wd-fontsize-xl\">Verkauf von Gasturbinentriebwerken<\/h4>\t\t\t\t\t\t<div class=\"info-box-inner set-cont-mb-s reset-last-child\"><p>TKS PRO bietet leistungsstarke Gasturbinenmotoren an, die auf Effizienz und Langlebigkeit ausgelegt sind und eine optimale Energieausbeute f\u00fcr verschiedene industrielle Anwendungen gew\u00e4hrleisten.<\/p>\n<\/div>\n\n\t\t\t\t\t\t\t\t\t\t\t<\/div>\n\n\t\t\t\t\t\t\t\t\t\t\t<a class=\"wd-info-box-link wd-fill\" aria-label=\"Infobox link\" href=\"https:\/\/tkspro.eu\/de\/produkte\/verkauf-von-gasturbinentriebwerken\/\" title=\"Verkauf von Gasturbinentriebwerken\"><\/a>\n\t\t\t\t\t\n\t\t\t\t\t<style><\/style>\t\t\t\t<\/div>\n\t\t\t<\/div>\n\t\t[\/vc_column][vc_column width=&#8220;1\/2&#8243; css=&#8220;.vc_custom_1621345734899{padding-top: 0px !important;}&#8220; mobile_bg_img_hidden=&#8220;no&#8220; tablet_bg_img_hidden=&#8220;no&#8220; woodmart_parallax=&#8220;0&#8243; woodmart_sticky_column=&#8220;false&#8220; parallax_scroll=&#8220;no&#8220; mobile_reset_margin=&#8220;no&#8220; tablet_reset_margin=&#8220;no&#8220; offset=&#8220;vc_col-lg-4 vc_col-md-4 vc_col-xs-12&#8243;]\t\t\t<div class=\"info-box-wrapper\">\n\t\t\t\t<div id=\"wd-66fd1e0571eda\" class=\" wd-rs-66fd1e0571eda wd-info-box wd-wpb text-left box-icon-align-top box-style-shadow color-scheme- wd-bg-none vc_custom_1727864335127\">\n\t\t\t\t\t\t\t\t\t\t\t<div class=\"box-icon-wrapper  box-with-icon box-icon-simple\">\n\t\t\t\t\t\t\t<div class=\"info-box-icon\">\n\n\t\t\t\t\t\t\t\n\t\t\t\t\t\t\t\t\t\t\t\t\t\t\t\t\t<div class=\"info-svg-wrapper\" style=\"width: 40px;height: 40px;\"><img loading=\"lazy\" decoding=\"async\"  src=\"https:\/\/tkspro.eu\/wp-content\/uploads\/2024\/08\/3.-repair-of-compressor-icon.svg\" title=\"3. repair of compressor-icon\" width=\"40\" height=\"40\"><\/div>\t\t\t\t\t\t\t\t\t\t\t\t\t\t\t\n\t\t\t\t\t\t\t<\/div>\n\t\t\t\t\t\t<\/div>\n\t\t\t\t\t\t\t\t\t\t<div class=\"info-box-content\">\n\t\t\t\t\t\t<h4 class=\"info-box-title title box-title-style-default wd-fontsize-xl\">Verkauf des Getriebes<\/h4>\t\t\t\t\t\t<div class=\"info-box-inner set-cont-mb-s reset-last-child\"><p>TKS PRO bietet zuverl\u00e4ssige, auf Pr\u00e4zision und Langlebigkeit ausgelegte Getriebe, die eine reibungslose Kraft\u00fcbertragung und verbesserte Leistung f\u00fcr Gasturbinensysteme gew\u00e4hrleisten.<\/p>\n<\/div>\n\n\t\t\t\t\t\t\t\t\t\t\t<\/div>\n\n\t\t\t\t\t\t\t\t\t\t\t<a class=\"wd-info-box-link wd-fill\" aria-label=\"Infobox link\" href=\"https:\/\/tkspro.eu\/de\/produkte\/verkauf-des-getriebes\/\" title=\"Verkauf des Getriebes\"><\/a>\n\t\t\t\t\t\n\t\t\t\t\t<style><\/style>\t\t\t\t<\/div>\n\t\t\t<\/div>\n\t\t[\/vc_column][vc_column width=&#8220;1\/2&#8243; css=&#8220;.vc_custom_1621345738779{padding-top: 0px !important;}&#8220; mobile_bg_img_hidden=&#8220;no&#8220; tablet_bg_img_hidden=&#8220;no&#8220; woodmart_parallax=&#8220;0&#8243; woodmart_sticky_column=&#8220;false&#8220; parallax_scroll=&#8220;no&#8220; mobile_reset_margin=&#8220;no&#8220; tablet_reset_margin=&#8220;no&#8220; offset=&#8220;vc_col-lg-4 vc_col-md-4 vc_col-xs-12&#8243;]\t\t\t<div class=\"info-box-wrapper\">\n\t\t\t\t<div id=\"wd-66fd1e37c550d\" class=\" wd-rs-66fd1e37c550d wd-info-box wd-wpb text-left box-icon-align-top box-style-shadow color-scheme- wd-bg-none vc_custom_1727864383195\">\n\t\t\t\t\t\t\t\t\t\t\t<div class=\"box-icon-wrapper  box-with-icon box-icon-simple\">\n\t\t\t\t\t\t\t<div class=\"info-box-icon\">\n\n\t\t\t\t\t\t\t\n\t\t\t\t\t\t\t\t\t\t\t\t\t\t\t\t\t<div class=\"info-svg-wrapper\" style=\"width: 40px;height: 40px;\"><img loading=\"lazy\" decoding=\"async\"  src=\"https:\/\/tkspro.eu\/wp-content\/uploads\/2024\/08\/2.-gearbox-overhaul-icon.svg\" title=\"2. gearbox overhaul-icon\" width=\"40\" height=\"40\"><\/div>\t\t\t\t\t\t\t\t\t\t\t\t\t\t\t\n\t\t\t\t\t\t\t<\/div>\n\t\t\t\t\t\t<\/div>\n\t\t\t\t\t\t\t\t\t\t<div class=\"info-box-content\">\n\t\t\t\t\t\t<h4 class=\"info-box-title title box-title-style-default wd-fontsize-xl\">Verkauf von Kompressorausr\u00fcstung<\/h4>\t\t\t\t\t\t<div class=\"info-box-inner set-cont-mb-s reset-last-child\"><p>TKS PRO bietet hochwertige Kompressoranlagen, die auf maximale Effizienz und Langlebigkeit ausgelegt sind und eine zuverl\u00e4ssige Leistung in anspruchsvollen industriellen Umgebungen gew\u00e4hrleisten.<\/p>\n<\/div>\n\n\t\t\t\t\t\t\t\t\t\t\t<\/div>\n\n\t\t\t\t\t\t\t\t\t\t\t<a class=\"wd-info-box-link wd-fill\" aria-label=\"Infobox link\" href=\"#\" title=\"Verkauf von Kompressorausr\u00fcstung\"><\/a>\n\t\t\t\t\t\n\t\t\t\t\t<style><\/style>\t\t\t\t<\/div>\n\t\t\t<\/div>\n\t\t[\/vc_column][vc_column width=&#8220;1\/2&#8243; offset=&#8220;vc_col-lg-4 vc_col-md-4 vc_col-xs-12&#8243; mobile_bg_img_hidden=&#8220;no&#8220; tablet_bg_img_hidden=&#8220;no&#8220; woodmart_parallax=&#8220;0&#8243; woodmart_sticky_column=&#8220;false&#8220; parallax_scroll=&#8220;no&#8220; mobile_reset_margin=&#8220;no&#8220; tablet_reset_margin=&#8220;no&#8220; css=&#8220;.vc_custom_1621345742795{padding-top: 0px !important;}&#8220;]\t\t\t<div class=\"info-box-wrapper\">\n\t\t\t\t<div id=\"wd-66fd1e5fe19e8\" class=\" wd-rs-66fd1e5fe19e8 wd-info-box wd-wpb text-left box-icon-align-top box-style-shadow color-scheme- wd-bg-none vc_custom_1727864421620\">\n\t\t\t\t\t\t\t\t\t\t\t<div class=\"box-icon-wrapper  box-with-icon box-icon-simple\">\n\t\t\t\t\t\t\t<div class=\"info-box-icon\">\n\n\t\t\t\t\t\t\t\n\t\t\t\t\t\t\t\t\t\t\t\t\t\t\t\t\t<div class=\"info-svg-wrapper\" style=\"width: 40px;height: 40px;\"><img loading=\"lazy\" decoding=\"async\"  src=\"https:\/\/tkspro.eu\/wp-content\/uploads\/2024\/08\/4.-repair-of-attachment-icon.svg\" title=\"4. repair of attachment-icon\" width=\"40\" height=\"40\"><\/div>\t\t\t\t\t\t\t\t\t\t\t\t\t\t\t\n\t\t\t\t\t\t\t<\/div>\n\t\t\t\t\t\t<\/div>\n\t\t\t\t\t\t\t\t\t\t<div class=\"info-box-content\">\n\t\t\t\t\t\t<h4 class=\"info-box-title title box-title-style-default wd-fontsize-xl\">Sale of spare parts<\/h4>\t\t\t\t\t\t<div class=\"info-box-inner set-cont-mb-s reset-last-child\"><p>TKS PRO liefert eine breite Palette an hochwertigen Ersatzteilen f\u00fcr Gasturbinen, die einen zuverl\u00e4ssigen Betrieb gew\u00e4hrleisten und die Ausfallzeiten Ihrer Anlagen minimieren.<\/p>\n<\/div>\n\n\t\t\t\t\t\t\t\t\t\t\t<\/div>\n\n\t\t\t\t\t\t\t\t\t\t\t<a class=\"wd-info-box-link wd-fill\" aria-label=\"Infobox link\" href=\"https:\/\/tkspro.eu\/de\/produkte\/verkauf-von-ersatzteilen\/\" title=\"Sale of spare parts\"><\/a>\n\t\t\t\t\t\n\t\t\t\t\t<style><\/style>\t\t\t\t<\/div>\n\t\t\t<\/div>\n\t\t[\/vc_column][vc_column width=&#8220;1\/2&#8243; offset=&#8220;vc_col-lg-4 vc_col-md-4 vc_col-xs-12&#8243; mobile_bg_img_hidden=&#8220;no&#8220; tablet_bg_img_hidden=&#8220;no&#8220; woodmart_parallax=&#8220;0&#8243; woodmart_sticky_column=&#8220;false&#8220; parallax_scroll=&#8220;no&#8220; mobile_reset_margin=&#8220;no&#8220; tablet_reset_margin=&#8220;no&#8220; css=&#8220;.vc_custom_1621345746708{padding-top: 0px !important;}&#8220;]\t\t\t<div class=\"info-box-wrapper\">\n\t\t\t\t<div id=\"wd-66fd1e6f114e9\" class=\" wd-rs-66fd1e6f114e9 wd-info-box wd-wpb text-left box-icon-align-top box-style-shadow color-scheme- wd-bg-none vc_custom_1727864460309\">\n\t\t\t\t\t\t\t\t\t\t\t<div class=\"box-icon-wrapper  box-with-icon box-icon-simple\">\n\t\t\t\t\t\t\t<div class=\"info-box-icon\">\n\n\t\t\t\t\t\t\t\n\t\t\t\t\t\t\t\t\t\t\t\t\t\t\t\t\t<div class=\"info-svg-wrapper\" style=\"width: 40px;height: 40px;\"><img loading=\"lazy\" decoding=\"async\"  src=\"https:\/\/tkspro.eu\/wp-content\/uploads\/2024\/08\/5.-repair-of-components-icon.svg\" title=\"5. repair of components-icon\" width=\"40\" height=\"40\"><\/div>\t\t\t\t\t\t\t\t\t\t\t\t\t\t\t\n\t\t\t\t\t\t\t<\/div>\n\t\t\t\t\t\t<\/div>\n\t\t\t\t\t\t\t\t\t\t<div class=\"info-box-content\">\n\t\t\t\t\t\t<h4 class=\"info-box-title title box-title-style-default wd-fontsize-xl\">Sale and rental of tools<\/h4>\t\t\t\t\t\t<div class=\"info-box-inner set-cont-mb-s reset-last-child\"><p>TKS PRO bietet eine Vielzahl von Spezialwerkzeugen zum Verkauf und zur Vermietung an, die flexible L\u00f6sungen zur effizienten Erf\u00fcllung Ihrer Wartungs- und Reparaturanforderungen bieten.<\/p>\n<\/div>\n\n\t\t\t\t\t\t\t\t\t\t\t<\/div>\n\n\t\t\t\t\t\t\t\t\t\t\t<a class=\"wd-info-box-link wd-fill\" aria-label=\"Infobox link\" href=\"https:\/\/tkspro.eu\/de\/produkte\/verkauf-und-vermietung-von-werkzeugen\/\" title=\"Sale and rental of tools\"><\/a>\n\t\t\t\t\t\n\t\t\t\t\t<style><\/style>\t\t\t\t<\/div>\n\t\t\t<\/div>\n\t\t[\/vc_column][vc_column width=&#8220;1\/2&#8243; css=&#8220;.vc_custom_1629301681879{padding-top: 0px !important;}&#8220; offset=&#8220;vc_col-lg-4 vc_col-md-4 vc_col-xs-12&#8243; mobile_bg_img_hidden=&#8220;no&#8220; tablet_bg_img_hidden=&#8220;no&#8220; woodmart_parallax=&#8220;0&#8243; woodmart_sticky_column=&#8220;false&#8220; parallax_scroll=&#8220;no&#8220; mobile_reset_margin=&#8220;no&#8220; tablet_reset_margin=&#8220;no&#8220; wd_z_index=&#8220;no&#8220; woodmart_css_id=&#8220;611d2bb0c9e71&#8243; responsive_spacing=&#8220;eyJwYXJhbV90eXBlIjoid29vZG1hcnRfcmVzcG9uc2l2ZV9zcGFjaW5nIiwic2VsZWN0b3JfaWQiOiI2MTFkMmJiMGM5ZTcxIiwic2hvcnRjb2RlIjoidmNfY29sdW1uIiwiZGF0YSI6eyJ0YWJsZXQiOnt9LCJtb2JpbGUiOnt9fX0=&#8220;]\t\t\t<div class=\"info-box-wrapper\">\n\t\t\t\t<div id=\"wd-66fd1e96d3d04\" class=\" wd-rs-66fd1e96d3d04 wd-info-box wd-wpb text-left box-icon-align-top box-style-shadow color-scheme- wd-bg-none vc_custom_1727864499160\">\n\t\t\t\t\t\t\t\t\t\t\t<div class=\"box-icon-wrapper  box-with-icon box-icon-simple\">\n\t\t\t\t\t\t\t<div class=\"info-box-icon\">\n\n\t\t\t\t\t\t\t\n\t\t\t\t\t\t\t\t\t\t\t\t\t\t\t\t\t<div class=\"info-svg-wrapper\" style=\"width: 40px;height: 40px;\"><img loading=\"lazy\" decoding=\"async\"  src=\"https:\/\/tkspro.eu\/wp-content\/uploads\/2024\/08\/6.-reverse-engineering-icon.svg\" title=\"6. reverse engineering &#8211; icon\" width=\"40\" height=\"40\"><\/div>\t\t\t\t\t\t\t\t\t\t\t\t\t\t\t\n\t\t\t\t\t\t\t<\/div>\n\t\t\t\t\t\t<\/div>\n\t\t\t\t\t\t\t\t\t\t<div class=\"info-box-content\">\n\t\t\t\t\t\t<h4 class=\"info-box-title title box-title-style-default wd-fontsize-xl\">Verkauf von Kontrollsystemen<\/h4>\t\t\t\t\t\t<div class=\"info-box-inner set-cont-mb-s reset-last-child\"><p>TKS PRO bietet fortschrittliche Kontrollsysteme zur Optimierung der Leistung und Zuverl\u00e4ssigkeit von Gasturbinen, die eine pr\u00e4zise \u00dcberwachung und einen reibungslosen Betrieb gew\u00e4hrleisten.<\/p>\n<\/div>\n\n\t\t\t\t\t\t\t\t\t\t\t<\/div>\n\n\t\t\t\t\t\t\t\t\t\t\t<a class=\"wd-info-box-link wd-fill\" aria-label=\"Infobox link\" href=\"https:\/\/tkspro.eu\/de\/produkte\/verkauf-von-kontrollsystemen\/\" title=\"Verkauf von Kontrollsystemen\"><\/a>\n\t\t\t\t\t\n\t\t\t\t\t<style><\/style>\t\t\t\t<\/div>\n\t\t\t<\/div>\n\t\t[\/vc_column][\/vc_row][\/vc_section]<\/p>\n<\/div>","protected":false},"excerpt":{"rendered":"<p>[vc_section el_id=&#8220;Products&#8220; woodmart_css_id=&#8220;66fafd9548848&#8243; responsive_spacing=&#8220;eyJwYXJhbV90eXBlIjoid29vZG1hcnRfcmVzcG9uc2l2ZV9zcGFjaW5nIiwic2VsZWN0b3JfaWQiOiI2NmZhZmQ5NTQ4ODQ4Iiwic2hvcnRjb2RlIjoidmNfc2VjdGlvbiIsImRhdGEiOnsidGFibGV0Ijp7Im1hcmdpbi10b3AiOiIzMCJ9LCJtb2JpbGUiOnt9fX0=&#8220; mobile_bg_img_hidden=&#8220;no&#8220; tablet_bg_img_hidden=&#8220;no&#8220; woodmart_parallax=&#8220;0&#8243; woodmart_gradient_switch=&#8220;no&#8220; woodmart_box_shadow=&#8220;no&#8220; wd_z_index=&#8220;no&#8220; woodmart_disable_overflow=&#8220;0&#8243; css=&#8220;.vc_custom_1727725113100{margin-top: 40px !important;}&#8220;][vc_row mobile_bg_img_hidden=&#8220;no&#8220; tablet_bg_img_hidden=&#8220;no&#8220; woodmart_parallax=&#8220;0&#8243; woodmart_gradient_switch=&#8220;no&#8220; row_reverse_mobile=&#8220;0&#8243; row_reverse_tablet=&#8220;0&#8243;<\/p>\n","protected":false},"author":1,"featured_media":0,"parent":0,"menu_order":0,"comment_status":"closed","ping_status":"closed","template":"","meta":{"footnotes":""},"class_list":["post-11127","page","type-page","status-publish","hentry"],"_links":{"self":[{"href":"https:\/\/tkspro.eu\/de\/wp-json\/wp\/v2\/pages\/11127","targetHints":{"allow":["GET"]}}],"collection":[{"href":"https:\/\/tkspro.eu\/de\/wp-json\/wp\/v2\/pages"}],"about":[{"href":"https:\/\/tkspro.eu\/de\/wp-json\/wp\/v2\/types\/page"}],"author":[{"embeddable":true,"href":"https:\/\/tkspro.eu\/de\/wp-json\/wp\/v2\/users\/1"}],"replies":[{"embeddable":true,"href":"https:\/\/tkspro.eu\/de\/wp-json\/wp\/v2\/comments?post=11127"}],"version-history":[{"count":0,"href":"https:\/\/tkspro.eu\/de\/wp-json\/wp\/v2\/pages\/11127\/revisions"}],"wp:attachment":[{"href":"https:\/\/tkspro.eu\/de\/wp-json\/wp\/v2\/media?parent=11127"}],"curies":[{"name":"wp","href":"https:\/\/api.w.org\/{rel}","templated":true}]}}