{"id":11103,"date":"2024-09-30T13:21:37","date_gmt":"2024-09-30T11:21:37","guid":{"rendered":"https:\/\/tkspro.eu\/verkauf-und-vermietung-von-werkzeugen\/"},"modified":"2024-10-07T15:24:27","modified_gmt":"2024-10-07T13:24:27","slug":"verkauf-und-vermietung-von-werkzeugen","status":"publish","type":"page","link":"https:\/\/tkspro.eu\/de\/produkte\/verkauf-und-vermietung-von-werkzeugen\/","title":{"rendered":"Verkauf und Vermietung von Werkzeugen"},"content":{"rendered":"<div class=\"wpb-content-wrapper\"><p>[vc_row equal_height=&#8220;yes&#8220; content_placement=&#8220;top&#8220; woodmart_css_id=&#8220;66fa7ff4a6d2e&#8220; responsive_spacing=&#8220;eyJwYXJhbV90eXBlIjoid29vZG1hcnRfcmVzcG9uc2l2ZV9zcGFjaW5nIiwic2VsZWN0b3JfaWQiOiI2NmZhN2ZmNGE2ZDJlIiwic2hvcnRjb2RlIjoidmNfcm93IiwiZGF0YSI6eyJ0YWJsZXQiOnsibWFyZ2luLWJvdHRvbSI6IjE1In0sIm1vYmlsZSI6e319fQ==&#8220; mobile_bg_img_hidden=&#8220;no&#8220; tablet_bg_img_hidden=&#8220;no&#8220; woodmart_parallax=&#8220;0&#8243; woodmart_gradient_switch=&#8220;no&#8220; woodmart_box_shadow=&#8220;no&#8220; wd_z_index=&#8220;no&#8220; woodmart_disable_overflow=&#8220;0&#8243; row_reverse_mobile=&#8220;0&#8243; row_reverse_tablet=&#8220;0&#8243; css=&#8220;.vc_custom_1727692799120{margin-bottom: 25px !important;}&#8220;][vc_column offset=&#8220;vc_col-lg-7 vc_col-md-7&#8243; woodmart_css_id=&#8220;66fa7b7299715&#8243; parallax_scroll=&#8220;no&#8220; woodmart_sticky_column=&#8220;false&#8220; wd_collapsible_content_switcher=&#8220;no&#8220; wd_column_role_offcanvas_desktop=&#8220;no&#8220; wd_column_role_offcanvas_tablet=&#8220;no&#8220; wd_column_role_offcanvas_mobile=&#8220;no&#8220; wd_column_role_content_desktop=&#8220;no&#8220; wd_column_role_content_tablet=&#8220;no&#8220; wd_column_role_content_mobile=&#8220;no&#8220; mobile_bg_img_hidden=&#8220;no&#8220; tablet_bg_img_hidden=&#8220;no&#8220; woodmart_parallax=&#8220;0&#8243; woodmart_box_shadow=&#8220;no&#8220; responsive_spacing=&#8220;eyJwYXJhbV90eXBlIjoid29vZG1hcnRfcmVzcG9uc2l2ZV9zcGFjaW5nIiwic2VsZWN0b3JfaWQiOiI2NmZhN2I3Mjk5NzE1Iiwic2hvcnRjb2RlIjoidmNfY29sdW1uIiwiZGF0YSI6eyJ0YWJsZXQiOnt9LCJtb2JpbGUiOnt9fX0=&#8220; mobile_reset_margin=&#8220;no&#8220; tablet_reset_margin=&#8220;no&#8220; wd_z_index=&#8220;no&#8220;]\t\t\t<link rel=\"stylesheet\" id=\"wd-section-title-css\" href=\"https:\/\/tkspro.eu\/wp-content\/themes\/woodmart\/css\/parts\/el-section-title.min.css?ver=7.5.2\" type=\"text\/css\" media=\"all\" \/> \t\t\t\t\t\t<link rel=\"stylesheet\" id=\"wd-mod-highlighted-text-css\" href=\"https:\/\/tkspro.eu\/wp-content\/themes\/woodmart\/css\/parts\/mod-highlighted-text.min.css?ver=7.5.2\" type=\"text\/css\" media=\"all\" \/> \t\t\t\n\t\t<div id=\"wd-66fa887f0a5ca\" class=\"title-wrapper wd-wpb set-mb-s reset-last-child  wd-rs-66fa887f0a5ca wd-title-color-default wd-title-style-default text-left vc_custom_1727694980515 wd-underline-colored\">\n\t\t\t\n\t\t\t<div class=\"liner-continer\">\n\t\t\t\t<h2 class=\"woodmart-title-container title  wd-font-weight- wd-fontsize-l\" >Verkauf und Vermietung von Werkzeugen f\u00fcr Gasturbinen, Getriebe und Kompressoren<\/h2>\n\t\t\t\t\t\t\t<\/div>\n\t\t\t\n\t\t\t\n\t\t\t\n\t\t<\/div>\n\t\t\n\t\t\t\t\t<link rel=\"stylesheet\" id=\"wd-text-block-css\" href=\"https:\/\/tkspro.eu\/wp-content\/themes\/woodmart\/css\/parts\/el-text-block.min.css?ver=7.5.2\" type=\"text\/css\" media=\"all\" \/> \t\t\t\t\t<div id=\"wd-66fa8886efd29\" class=\"wd-text-block wd-wpb reset-last-child wd-rs-66fa8886efd29 text-left vc_custom_1727694998235\">\n\t\t\t<p><strong>Bei TKS Pro GmbH<\/strong> bieten wir eine breite Palette spezialisierter Werkzeuge f\u00fcr die Wartung, Reparatur und Installation von Gasturbinen, Getrieben und Kompressoren an.<\/p>\n<p>Egal, ob Sie Werkzeuge kaufen oder mieten m\u00f6chten \u2013 wir stellen hochwertige Ausr\u00fcstungen von vertrauensw\u00fcrdigen Herstellern zur Verf\u00fcgung, die den spezifischen Anforderungen Ihres Betriebs gerecht werden.<\/p>\n<p>Unsere Werkzeuge sind darauf ausgelegt, Effizienz und Pr\u00e4zision zu maximieren und sicherzustellen, dass Ihre Wartungsaufgaben reibungslos und effektiv durchgef\u00fchrt werden.<\/p>\n\t\t<\/div>\n\t\t[vc_row_inner equal_height=&#8220;yes&#8220; content_placement=&#8220;middle&#8220;][vc_column_inner css=&#8220;.vc_custom_1481476631480{margin-bottom: 20px !important;}&#8220;]<div id=\"wd-66fbe1abf1629\" class=\" wd-rs-66fbe1abf1629  wd-button-wrapper text-left\"><a href=\"https:\/\/tkspro.eu\/de\/kontaktieren-sie-uns\/\" title=\"Kontaktieren Sie uns\" class=\"btn btn-scheme-light btn-scheme-hover-light btn-style-default btn-style-semi-round btn-size-default\">Produkt Bestellen<\/a><\/div>[\/vc_column_inner][\/vc_row_inner][\/vc_column][vc_column woodmart_sticky_column_offset=&#8220;150&#8243; woodmart_sticky_column=&#8220;true&#8220; offset=&#8220;vc_col-lg-5 vc_hidden-lg vc_col-md-5 vc_hidden-md vc_hidden-sm vc_hidden-xs&#8220; css=&#8220;.vc_custom_1728286924138{margin-bottom: 15px !important;margin-left: 50px !important;}&#8220; woodmart_css_id=&#8220;670390c5e7579&#8243; parallax_scroll=&#8220;no&#8220; wd_collapsible_content_switcher=&#8220;no&#8220; wd_column_role_offcanvas_desktop=&#8220;no&#8220; wd_column_role_offcanvas_tablet=&#8220;no&#8220; wd_column_role_offcanvas_mobile=&#8220;no&#8220; wd_column_role_content_desktop=&#8220;no&#8220; wd_column_role_content_tablet=&#8220;no&#8220; wd_column_role_content_mobile=&#8220;no&#8220; mobile_bg_img_hidden=&#8220;no&#8220; tablet_bg_img_hidden=&#8220;no&#8220; woodmart_parallax=&#8220;0&#8243; woodmart_box_shadow=&#8220;no&#8220; responsive_spacing=&#8220;eyJwYXJhbV90eXBlIjoid29vZG1hcnRfcmVzcG9uc2l2ZV9zcGFjaW5nIiwic2VsZWN0b3JfaWQiOiI2NzAzOTBjNWU3NTc5Iiwic2hvcnRjb2RlIjoidmNfY29sdW1uIiwiZGF0YSI6eyJ0YWJsZXQiOnsibWFyZ2luLWxlZnQiOiIwcHgifSwibW9iaWxlIjp7Im1hcmdpbi1sZWZ0IjoiMHB4In19fQ==&#8220; mobile_reset_margin=&#8220;no&#8220; tablet_reset_margin=&#8220;no&#8220; wd_z_index=&#8220;no&#8220;]\t\t\t<link rel=\"stylesheet\" id=\"wd-photoswipe-css\" href=\"https:\/\/tkspro.eu\/wp-content\/themes\/woodmart\/css\/parts\/lib-photoswipe.min.css?ver=7.5.2\" type=\"text\/css\" media=\"all\" \/> \t\t\t\t\t\t<link rel=\"stylesheet\" id=\"wd-image-gallery-css\" href=\"https:\/\/tkspro.eu\/wp-content\/themes\/woodmart\/css\/parts\/el-gallery.min.css?ver=7.5.2\" type=\"text\/css\" media=\"all\" \/> \t\t\t\t\t<div id=\"gallery_523\" class=\"wd-images-gallery wd-wpb wd-rs-66fc23df3b8ea photoswipe-images\" style=\"--wd-justify-content:center;--wd-align-items:center;\">\n\t\t\t\n\t\t\t<div class=\" wd-grid-g\" style=\"--wd-col-lg:1;--wd-col-md:1;--wd-col-sm:1;--wd-gap-lg:30px;--wd-gap-sm:10px;\">\n\t\t\t\t\n\t\t\t\t\t\t\t\t\t\t\t\t\t\t\t<div class=\"wd-gallery-item wd-col\">\n\t\t\t\t\t\t\t\t\t\t\t\t\t\t<a href=\"https:\/\/tkspro.eu\/wp-content\/uploads\/2024\/10\/5.2Sale-and-Rental-of-Tools.jpeg\" data-elementor-open-lightbox=\"no\" data-index=\"1\" data-width=\"1000\" data-height=\"694\" \n\t\t\t\t\t\t\t\t\t\t\t\t >\n\t\t\t\t\t\t\t\t\n\t\t\t\t\t\t\t\t<img loading=\"lazy\" decoding=\"async\" width=\"1000\" height=\"694\" src=\"https:\/\/tkspro.eu\/wp-content\/uploads\/2024\/10\/5.2Sale-and-Rental-of-Tools.jpeg\" class=\"wd-gallery-image image-1\" alt=\"\" srcset=\"https:\/\/tkspro.eu\/wp-content\/uploads\/2024\/10\/5.2Sale-and-Rental-of-Tools.jpeg 1000w, https:\/\/tkspro.eu\/wp-content\/uploads\/2024\/10\/5.2Sale-and-Rental-of-Tools-400x278.jpeg 400w, https:\/\/tkspro.eu\/wp-content\/uploads\/2024\/10\/5.2Sale-and-Rental-of-Tools-768x533.jpeg 768w, https:\/\/tkspro.eu\/wp-content\/uploads\/2024\/10\/5.2Sale-and-Rental-of-Tools-430x298.jpeg 430w, https:\/\/tkspro.eu\/wp-content\/uploads\/2024\/10\/5.2Sale-and-Rental-of-Tools-700x486.jpeg 700w, https:\/\/tkspro.eu\/wp-content\/uploads\/2024\/10\/5.2Sale-and-Rental-of-Tools-150x104.jpeg 150w\" sizes=\"auto, (max-width: 1000px) 100vw, 1000px\" \/>\n\t\t\t\t\t\t\t\t\t\t\t\t\t\t\t<\/a>\n\t\t\t\t\t\t\t\t\t\t\t\t<\/div>\n\t\t\t\t\t\t\t\t\t\n\t\t\t\t\t\t\t<\/div>\n\n\t\t\t\t\t<\/div>\n\t\t[\/vc_column][\/vc_row][vc_row css=&#8220;.vc_custom_1727694879401{margin-bottom: 25px !important;}&#8220; woodmart_css_id=&#8220;66fa8817ab213&#8243; responsive_spacing=&#8220;eyJwYXJhbV90eXBlIjoid29vZG1hcnRfcmVzcG9uc2l2ZV9zcGFjaW5nIiwic2VsZWN0b3JfaWQiOiI2NmZhODgxN2FiMjEzIiwic2hvcnRjb2RlIjoidmNfcm93IiwiZGF0YSI6eyJ0YWJsZXQiOnsibWFyZ2luLWJvdHRvbSI6IjE1In0sIm1vYmlsZSI6e319fQ==&#8220; mobile_bg_img_hidden=&#8220;no&#8220; tablet_bg_img_hidden=&#8220;no&#8220; woodmart_parallax=&#8220;0&#8243; woodmart_gradient_switch=&#8220;no&#8220; woodmart_box_shadow=&#8220;no&#8220; wd_z_index=&#8220;no&#8220; woodmart_disable_overflow=&#8220;0&#8243; row_reverse_mobile=&#8220;0&#8243; row_reverse_tablet=&#8220;0&#8243;][vc_column width=&#8220;1\/2&#8243;]\t\t<div id=\"wd-66fa8cba59abf\" class=\"wd-text-block wd-wpb reset-last-child wd-rs-66fa8cba59abf text-left wd-width-enabled \" style=\"--wd-max-width: 90%;\">\n\t\t\t<h3>Werkzeugverkauf f\u00fcr Gasturbinen, Getriebe und Kompressoren<\/h3>\n<p>Wir wissen, dass f\u00fcr den ordnungsgem\u00e4\u00dfen Betrieb zuverl\u00e4ssige und pr\u00e4zise Werkzeuge erforderlich sind, um Ausfallzeiten zu minimieren. Unser Verkaufssortiment umfasst ein umfassendes Angebot an Werkzeugen f\u00fcr verschiedene Anwendungen:<\/p>\n<ul>\n<li><strong>Werkzeuge f\u00fcr die Turbinenwartung:<\/strong> Dazu geh\u00f6ren Spezialschl\u00fcssel, Schraubenspanner, hydraulische Drehmomentschl\u00fcssel und Ausrichtsysteme f\u00fcr die Bearbeitung komplexer Gasturbinenkomponenten.<\/li>\n<li><strong>Getriebewerkzeuge:<\/strong> Pr\u00e4zisionswerkzeuge f\u00fcr die Demontage, Inspektion und Montage von Getriebekomponenten, einschlie\u00dflich Abzieher, Ausrichtwerkzeuge f\u00fcr Zahnr\u00e4der und Messinstrumente.<\/li>\n<li><strong>Kompressorenwerkzeuge:<\/strong> Speziell f\u00fcr die Installation, Reparatur und Wartung von Kompressorkomponenten entwickelt, einschlie\u00dflich Laufradabziehvorrichtungen, Dichtungsinstallationskits und Diagnoseger\u00e4te.<\/li>\n<\/ul>\n<p>Unsere Werkzeuge werden nach h\u00f6chsten Standards gefertigt, um Langlebigkeit und Genauigkeit in anspruchsvollen Industrieumgebungen zu gew\u00e4hrleisten.<\/p>\n\t\t<\/div>\n\t\t[\/vc_column][vc_column width=&#8220;1\/2&#8243;]\t\t<div id=\"wd-66fa8cb1797c8\" class=\"wd-text-block wd-wpb reset-last-child wd-rs-66fa8cb1797c8 text-left wd-width-enabled \" style=\"--wd-max-width: 90%;\">\n\t\t\t<h3>Mietservice f\u00fcr Werkzeuge<\/h3>\n<p>F\u00fcr kurzfristige Projekte oder spezialisierte Aufgaben bietet <strong>TKS Pro GmbH<\/strong> eine breite Palette an Mietwerkzeugen an. Mit unserem Mietprogramm k\u00f6nnen Sie genau die richtigen Werkzeuge erhalten, wann immer Sie sie ben\u00f6tigen, ohne die Verpflichtung, sie zu kaufen.<\/p>\n<ul>\n<li><strong>Flexible Mietbedingungen:<\/strong> Mieten Sie Werkzeuge f\u00fcr die ben\u00f6tigte Dauer, sei es f\u00fcr einige Tage oder mehrere Monate.<\/li>\n<li><strong>Umfassendes Werkzeugangebot:<\/strong> Von Drehmomentschl\u00fcsseln und Hydraulikhebern bis hin zu spezialisierten Diagnosewerkzeugen \u2013 wir bieten alles, was Sie f\u00fcr Ihr Projekt ben\u00f6tigen.<\/li>\n<li><strong>Wartung und Kalibrierung:<\/strong> Alle Mietwerkzeuge werden regelm\u00e4\u00dfig gewartet und kalibriert, um optimale Leistung zu gew\u00e4hrleisten.<\/li>\n<\/ul>\n\t\t<\/div>\n\t\t[\/vc_column][\/vc_row][vc_row][vc_column width=&#8220;1\/2&#8243;]\t\t<div id=\"wd-66fa890a1ec6c\" class=\"wd-text-block wd-wpb reset-last-child wd-rs-66fa890a1ec6c text-left \">\n\t\t\t<h3>Warum TKS Pro GmbH f\u00fcr den Werkzeugverkauf und -verleih w\u00e4hlen?<\/h3>\n<ol>\n<li><strong>Hochwertige Ausr\u00fcstung:<\/strong> Wir bieten ausschlie\u00dflich Werkzeuge von f\u00fchrenden Herstellern an, die f\u00fcr ihre Langlebigkeit und Pr\u00e4zision bekannt sind.<\/li>\n<li><strong>Umfassende L\u00f6sungen:<\/strong> Ob Kauf oder Miete \u2013 wir haben die Werkzeuge, die f\u00fcr die Wartung von Gasturbinen, Getrieben und Kompressoren ben\u00f6tigt werden.<\/li>\n<li><strong>Expertenunterst\u00fctzung:<\/strong> Unser technisches Team steht Ihnen zur Verf\u00fcgung, um Ihnen bei der Auswahl der richtigen Werkzeuge f\u00fcr Ihr Projekt zu helfen und Anleitungen zur Verwendung zu geben.<\/li>\n<li><strong>Kosteneffizienz:<\/strong> Durch das Mieten von Werkzeugen senken Sie die Investitionskosten, w\u00e4hrend Sie dennoch Zugang zur besten Ausr\u00fcstung f\u00fcr Ihre Aufgaben haben.<\/li>\n<\/ol>\n<p>Bei <strong>TKS Pro GmbH<\/strong> setzen wir uns daf\u00fcr ein, Ihnen die besten Werkzeuge und Dienstleistungen anzubieten, um den reibungslosen Betrieb und die Wartung Ihrer kritischen Anlagen zu gew\u00e4hrleisten. Kontaktieren Sie uns noch heute, um mehr \u00fcber unsere Verkaufs- und Mietdienste f\u00fcr Werkzeuge zu erfahren.<\/p>\n\t\t<\/div>\n\t\t[\/vc_column][vc_column width=&#8220;1\/2&#8243; offset=&#8220;vc_hidden-lg vc_hidden-md vc_hidden-sm vc_hidden-xs&#8220; woodmart_css_id=&#8220;670390d2084c2&#8243; parallax_scroll=&#8220;no&#8220; woodmart_sticky_column=&#8220;false&#8220; wd_collapsible_content_switcher=&#8220;no&#8220; wd_column_role_offcanvas_desktop=&#8220;no&#8220; wd_column_role_offcanvas_tablet=&#8220;no&#8220; wd_column_role_offcanvas_mobile=&#8220;no&#8220; wd_column_role_content_desktop=&#8220;no&#8220; wd_column_role_content_tablet=&#8220;no&#8220; wd_column_role_content_mobile=&#8220;no&#8220; mobile_bg_img_hidden=&#8220;no&#8220; tablet_bg_img_hidden=&#8220;no&#8220; woodmart_parallax=&#8220;0&#8243; woodmart_box_shadow=&#8220;no&#8220; responsive_spacing=&#8220;eyJwYXJhbV90eXBlIjoid29vZG1hcnRfcmVzcG9uc2l2ZV9zcGFjaW5nIiwic2VsZWN0b3JfaWQiOiI2NzAzOTBkMjA4NGMyIiwic2hvcnRjb2RlIjoidmNfY29sdW1uIiwiZGF0YSI6eyJ0YWJsZXQiOnt9LCJtb2JpbGUiOnt9fX0=&#8220; mobile_reset_margin=&#8220;no&#8220; tablet_reset_margin=&#8220;no&#8220; wd_z_index=&#8220;no&#8220;]\t\t<div id=\"wd-66fc2446536d7\" class=\"wd-image wd-wpb wd-rs-66fc2446536d7 text-center \">\n\t\t\t\n\t\t\t<img loading=\"lazy\" decoding=\"async\" width=\"400\" height=\"400\" src=\"https:\/\/tkspro.eu\/wp-content\/uploads\/2024\/10\/5.-Sale-and-Rental-of-Tools.jpeg\" class=\"attachment-full size-full\" alt=\"Sale and Rental of Tools for gas turbines - - TKS PRO Gmbh (Turbo Kompressor Service)\" srcset=\"https:\/\/tkspro.eu\/wp-content\/uploads\/2024\/10\/5.-Sale-and-Rental-of-Tools.jpeg 400w, https:\/\/tkspro.eu\/wp-content\/uploads\/2024\/10\/5.-Sale-and-Rental-of-Tools-300x300.jpeg 300w, https:\/\/tkspro.eu\/wp-content\/uploads\/2024\/10\/5.-Sale-and-Rental-of-Tools-150x150.jpeg 150w\" sizes=\"auto, (max-width: 400px) 100vw, 400px\" \/>\n\t\t\t\t\t<\/div>\n\t\t[\/vc_column][\/vc_row]<\/p>\n<\/div>","protected":false},"excerpt":{"rendered":"<p>[vc_row equal_height=&#8220;yes&#8220; content_placement=&#8220;top&#8220; woodmart_css_id=&#8220;66fa7ff4a6d2e&#8220; responsive_spacing=&#8220;eyJwYXJhbV90eXBlIjoid29vZG1hcnRfcmVzcG9uc2l2ZV9zcGFjaW5nIiwic2VsZWN0b3JfaWQiOiI2NmZhN2ZmNGE2ZDJlIiwic2hvcnRjb2RlIjoidmNfcm93IiwiZGF0YSI6eyJ0YWJsZXQiOnsibWFyZ2luLWJvdHRvbSI6IjE1In0sIm1vYmlsZSI6e319fQ==&#8220; mobile_bg_img_hidden=&#8220;no&#8220; tablet_bg_img_hidden=&#8220;no&#8220; woodmart_parallax=&#8220;0&#8243; woodmart_gradient_switch=&#8220;no&#8220; woodmart_box_shadow=&#8220;no&#8220; wd_z_index=&#8220;no&#8220; woodmart_disable_overflow=&#8220;0&#8243; row_reverse_mobile=&#8220;0&#8243; row_reverse_tablet=&#8220;0&#8243; css=&#8220;.vc_custom_1727692799120{margin-bottom: 25px !important;}&#8220;][vc_column offset=&#8220;vc_col-lg-7 vc_col-md-7&#8243; woodmart_css_id=&#8220;66fa7b7299715&#8243;<\/p>\n","protected":false},"author":1,"featured_media":0,"parent":11127,"menu_order":0,"comment_status":"closed","ping_status":"closed","template":"","meta":{"footnotes":""},"class_list":["post-11103","page","type-page","status-publish","hentry"],"_links":{"self":[{"href":"https:\/\/tkspro.eu\/de\/wp-json\/wp\/v2\/pages\/11103","targetHints":{"allow":["GET"]}}],"collection":[{"href":"https:\/\/tkspro.eu\/de\/wp-json\/wp\/v2\/pages"}],"about":[{"href":"https:\/\/tkspro.eu\/de\/wp-json\/wp\/v2\/types\/page"}],"author":[{"embeddable":true,"href":"https:\/\/tkspro.eu\/de\/wp-json\/wp\/v2\/users\/1"}],"replies":[{"embeddable":true,"href":"https:\/\/tkspro.eu\/de\/wp-json\/wp\/v2\/comments?post=11103"}],"version-history":[{"count":0,"href":"https:\/\/tkspro.eu\/de\/wp-json\/wp\/v2\/pages\/11103\/revisions"}],"up":[{"embeddable":true,"href":"https:\/\/tkspro.eu\/de\/wp-json\/wp\/v2\/pages\/11127"}],"wp:attachment":[{"href":"https:\/\/tkspro.eu\/de\/wp-json\/wp\/v2\/media?parent=11103"}],"curies":[{"name":"wp","href":"https:\/\/api.w.org\/{rel}","templated":true}]}}