{"id":11094,"date":"2024-09-26T10:34:02","date_gmt":"2024-09-26T08:34:02","guid":{"rendered":"https:\/\/tkspro.eu\/karriere\/"},"modified":"2024-10-07T14:39:29","modified_gmt":"2024-10-07T12:39:29","slug":"karriere","status":"publish","type":"page","link":"https:\/\/tkspro.eu\/de\/karriere\/","title":{"rendered":"Karriere"},"content":{"rendered":"<div class=\"wpb-content-wrapper\"><p>[vc_section woodmart_css_id=&#8220;66f5477cc2c45&#8243; responsive_spacing=&#8220;eyJwYXJhbV90eXBlIjoid29vZG1hcnRfcmVzcG9uc2l2ZV9zcGFjaW5nIiwic2VsZWN0b3JfaWQiOiI2NmY1NDc3Y2MyYzQ1Iiwic2hvcnRjb2RlIjoidmNfc2VjdGlvbiIsImRhdGEiOnsidGFibGV0Ijp7Im1hcmdpbi10b3AiOiIwIn0sIm1vYmlsZSI6eyJtYXJnaW4tdG9wIjoiMCJ9fX0=&#8220; mobile_bg_img_hidden=&#8220;no&#8220; tablet_bg_img_hidden=&#8220;no&#8220; woodmart_parallax=&#8220;0&#8243; woodmart_gradient_switch=&#8220;no&#8220; woodmart_box_shadow=&#8220;no&#8220; wd_z_index=&#8220;no&#8220; woodmart_disable_overflow=&#8220;0&#8243; el_id=&#8220;CAREER&#8220; css=&#8220;.vc_custom_1727350660171{margin-top: 35px !important;}&#8220;][vc_row][vc_column]\t\t\t<link rel=\"stylesheet\" id=\"wd-section-title-css\" href=\"https:\/\/tkspro.eu\/wp-content\/themes\/woodmart\/css\/parts\/el-section-title.min.css?ver=7.5.2\" type=\"text\/css\" media=\"all\" \/> \t\t\t\t\t\t<link rel=\"stylesheet\" id=\"wd-mod-highlighted-text-css\" href=\"https:\/\/tkspro.eu\/wp-content\/themes\/woodmart\/css\/parts\/mod-highlighted-text.min.css?ver=7.5.2\" type=\"text\/css\" media=\"all\" \/> \t\t\t\n\t\t<div id=\"wd-66fa62f400833\" class=\"title-wrapper wd-wpb set-mb-s reset-last-child  wd-rs-66fa62f400833 wd-title-color-default wd-title-style-default text-center  wd-underline-colored\">\n\t\t\t\t\t\t\t<div class=\"title-subtitle  subtitle-color-default font-default subtitle-style-default wd-font-weight-600 wd-fontsize-xs\">HALLO<\/div>\n\t\t\t\n\t\t\t<div class=\"liner-continer\">\n\t\t\t\t<h2 class=\"woodmart-title-container title  wd-font-weight- wd-fontsize-xxl\" >Willkommen in unserem Team<\/h2>\n\t\t\t\t\t\t\t<\/div>\n\t\t\t\n\t\t\t\n\t\t\t\n\t\t<\/div>\n\t\t\n\t\t[\/vc_column][\/vc_row][vc_row woodmart_css_id=&#8220;66f54750e4c18&#8243; responsive_spacing=&#8220;eyJwYXJhbV90eXBlIjoid29vZG1hcnRfcmVzcG9uc2l2ZV9zcGFjaW5nIiwic2VsZWN0b3JfaWQiOiI2NmY1NDc1MGU0YzE4Iiwic2hvcnRjb2RlIjoidmNfcm93IiwiZGF0YSI6eyJ0YWJsZXQiOnt9LCJtb2JpbGUiOnt9fX0=&#8220; mobile_bg_img_hidden=&#8220;no&#8220; tablet_bg_img_hidden=&#8220;no&#8220; woodmart_parallax=&#8220;0&#8243; woodmart_gradient_switch=&#8220;no&#8220; row_reverse_mobile=&#8220;0&#8243; row_reverse_tablet=&#8220;0&#8243; woodmart_disable_overflow=&#8220;0&#8243; woodmart_box_shadow=&#8220;no&#8220; wd_z_index=&#8220;no&#8220;][vc_column css=&#8220;.vc_custom_1727349078447{background-position: center !important;background-repeat: no-repeat !important;background-size: cover !important;}&#8220; offset=&#8220;vc_col-md-6 vc_col-xs-12&#8243; woodmart_css_id=&#8220;66f5414bddc06&#8243; responsive_spacing=&#8220;eyJwYXJhbV90eXBlIjoid29vZG1hcnRfcmVzcG9uc2l2ZV9zcGFjaW5nIiwic2VsZWN0b3JfaWQiOiI2NmY1NDE0YmRkYzA2Iiwic2hvcnRjb2RlIjoidmNfY29sdW1uIiwiZGF0YSI6eyJ0YWJsZXQiOnt9LCJtb2JpbGUiOnt9fX0=&#8220; parallax_scroll=&#8220;no&#8220; mobile_bg_img_hidden=&#8220;no&#8220; tablet_bg_img_hidden=&#8220;no&#8220; woodmart_parallax=&#8220;0&#8243; woodmart_sticky_column=&#8220;false&#8220; mobile_reset_margin=&#8220;no&#8220; tablet_reset_margin=&#8220;no&#8220; wd_collapsible_content_switcher=&#8220;no&#8220; wd_column_role_offcanvas_desktop=&#8220;no&#8220; wd_column_role_offcanvas_tablet=&#8220;no&#8220; wd_column_role_offcanvas_mobile=&#8220;no&#8220; wd_column_role_content_desktop=&#8220;no&#8220; wd_column_role_content_tablet=&#8220;no&#8220; wd_column_role_content_mobile=&#8220;no&#8220; woodmart_box_shadow=&#8220;no&#8220; wd_z_index=&#8220;no&#8220;]\t\t<div id=\"wd-66f55346a8dd6\" class=\"wd-image wd-wpb wd-rs-66f55346a8dd6 text-left \">\n\t\t\t\n\t\t\t<img loading=\"lazy\" decoding=\"async\" width=\"800\" height=\"686\" src=\"https:\/\/tkspro.eu\/wp-content\/uploads\/2024\/09\/Turbo-Engine-Engineer-2.jpg\" class=\"attachment-full size-full\" alt=\"TKS PRO - Careers\" srcset=\"https:\/\/tkspro.eu\/wp-content\/uploads\/2024\/09\/Turbo-Engine-Engineer-2.jpg 800w, https:\/\/tkspro.eu\/wp-content\/uploads\/2024\/09\/Turbo-Engine-Engineer-2-350x300.jpg 350w, https:\/\/tkspro.eu\/wp-content\/uploads\/2024\/09\/Turbo-Engine-Engineer-2-768x659.jpg 768w, https:\/\/tkspro.eu\/wp-content\/uploads\/2024\/09\/Turbo-Engine-Engineer-2-430x369.jpg 430w, https:\/\/tkspro.eu\/wp-content\/uploads\/2024\/09\/Turbo-Engine-Engineer-2-700x600.jpg 700w, https:\/\/tkspro.eu\/wp-content\/uploads\/2024\/09\/Turbo-Engine-Engineer-2-150x129.jpg 150w\" sizes=\"auto, (max-width: 800px) 100vw, 800px\" \/>\n\t\t\t\t\t<\/div>\n\t\t[\/vc_column][vc_column css=&#8220;.vc_custom_1727350687250{margin-bottom: 45px !important;border-bottom-width: 20px !important;padding-top: 20px !important;padding-right: 10% !important;padding-left: 10% !important;}&#8220; offset=&#8220;vc_col-md-6 vc_col-xs-12&#8243; woodmart_css_id=&#8220;66f5472d667d8&#8243; responsive_spacing=&#8220;eyJwYXJhbV90eXBlIjoid29vZG1hcnRfcmVzcG9uc2l2ZV9zcGFjaW5nIiwic2VsZWN0b3JfaWQiOiI2NmY1NDcyZDY2N2Q4Iiwic2hvcnRjb2RlIjoidmNfY29sdW1uIiwiZGF0YSI6eyJ0YWJsZXQiOnsibWFyZ2luLWJvdHRvbSI6IjM1cHgiLCJwYWRkaW5nLXJpZ2h0IjoiMTVweCIsInBhZGRpbmctbGVmdCI6IjE1cHgifSwibW9iaWxlIjp7Im1hcmdpbi1ib3R0b20iOiIyNXB4In19fQ==&#8220; parallax_scroll=&#8220;no&#8220; mobile_bg_img_hidden=&#8220;no&#8220; tablet_bg_img_hidden=&#8220;no&#8220; woodmart_parallax=&#8220;0&#8243; woodmart_sticky_column=&#8220;false&#8220; mobile_reset_margin=&#8220;no&#8220; tablet_reset_margin=&#8220;no&#8220; wd_collapsible_content_switcher=&#8220;no&#8220; wd_column_role_offcanvas_desktop=&#8220;no&#8220; wd_column_role_offcanvas_tablet=&#8220;no&#8220; wd_column_role_offcanvas_mobile=&#8220;no&#8220; wd_column_role_content_desktop=&#8220;no&#8220; wd_column_role_content_tablet=&#8220;no&#8220; wd_column_role_content_mobile=&#8220;no&#8220; woodmart_box_shadow=&#8220;no&#8220; wd_z_index=&#8220;no&#8220;][vc_column_text css=&#8220;&#8220; woodmart_inline=&#8220;no&#8220; text_larger=&#8220;no&#8220;]Bei <strong>TKS Pro GmbH<\/strong> sind wir immer auf der Suche nach talentierten und motivierten Fachkr\u00e4ften, die unser Team verst\u00e4rken m\u00f6chten. Als f\u00fchrendes Unternehmen im Bereich Gasturbinen, Getriebe und Kompressoren bieten wir ein dynamisches Arbeitsumfeld, in dem Innovation, Teamarbeit und pers\u00f6nliche Entwicklung gro\u00dfgeschrieben werden.[\/vc_column_text]\n\t\t<div id=\"wd-66f54cb0e78ea\" class=\"title-wrapper wd-wpb set-mb-s reset-last-child  wd-rs-66f54cb0e78ea wd-title-color-default wd-title-style-default text-left  wd-underline-colored\">\n\t\t\t\n\t\t\t<div class=\"liner-continer\">\n\t\t\t\t<h2 class=\"woodmart-title-container title  wd-font-weight- wd-fontsize-xxl\" >Was wir anbieten<\/h2>\n\t\t\t\t\t\t\t<\/div>\n\t\t\t\n\t\t\t\n\t\t\t\n\t\t<\/div>\n\t\t\n\t\t[vc_row_inner][vc_column_inner width=&#8220;1\/2&#8243;]\t\t\t<link rel=\"stylesheet\" id=\"wd-text-block-css\" href=\"https:\/\/tkspro.eu\/wp-content\/themes\/woodmart\/css\/parts\/el-text-block.min.css?ver=7.5.2\" type=\"text\/css\" media=\"all\" \/> \t\t\t\t\t<div id=\"wd-66f5422da9734\" class=\"wd-text-block wd-wpb reset-last-child wd-rs-66f5422da9734 text-left wd-fontsize-custom vc_custom_1727349338343\">\n\t\t\t<h6>KARRIERE WACHSTUM:<\/h6>\n<p>Wir glauben an kontinuierliches Lernen und bieten M\u00f6glichkeiten zur beruflichen Weiterbildung und zum Aufstieg in der Karriere.<\/p>\n\t\t<\/div>\n\t\t\t\t<div id=\"wd-66f5427e393a8\" class=\"wd-text-block wd-wpb reset-last-child wd-rs-66f5427e393a8 text-left wd-fontsize-custom vc_custom_1727349401860\">\n\t\t\t<h6>TEAMORIENTIERTE KULTUR:<\/h6>\n<p>Zusammenarbeit ist der Schl\u00fcssel zu unserem Erfolg. Wir f\u00f6rdern ein unterst\u00fctzendes Arbeitsumfeld, in dem Teamarbeit und Kommunikation im Mittelpunkt stehen.<\/p>\n\t\t<\/div>\n\t\t[\/vc_column_inner][vc_column_inner width=&#8220;1\/2&#8243;]\t\t<div id=\"wd-66f5425ce135c\" class=\"wd-text-block wd-wpb reset-last-child wd-rs-66f5425ce135c text-left wd-fontsize-custom vc_custom_1727349371339\">\n\t\t\t<h6>INNOVATIVE PROJEKTE:<\/h6>\n<p>Arbeiten Sie an spannenden und zukunftsweisenden Projekten in den Bereichen Energie, \u00d6l Gas und Industrie.<\/p>\n\t\t<\/div>\n\t\t\t\t<div id=\"wd-66f5429c5692a\" class=\"wd-text-block wd-wpb reset-last-child wd-rs-66f5429c5692a text-left wd-fontsize-custom vc_custom_1727349430120\">\n\t\t\t<h6>WETTBEWERBSF\u00c4HIGE VERG\u00dcTUNG:<\/h6>\n<p>Wir bieten wettbewerbsf\u00e4hige Geh\u00e4lter und Leistungen, um die besten Talente zu gewinnen und zu halten.<\/p>\n\t\t<\/div>\n\t\t[\/vc_column_inner][\/vc_row_inner]<div id=\"wd-66f54510e6e12\" class=\" wd-rs-66f54510e6e12 hidden-lg hidden-md hidden-sm hidden-xs  wd-button-wrapper text-center inline-element\"><a  class=\"btn btn-color-default btn-style-bordered btn-style-rectangle btn-size-default\">ANSICHT VARIATIONEN<\/a><\/div>[\/vc_column][\/vc_row][vc_row woodmart_css_id=&#8220;66fa633fba0b2&#8243; responsive_spacing=&#8220;eyJwYXJhbV90eXBlIjoid29vZG1hcnRfcmVzcG9uc2l2ZV9zcGFjaW5nIiwic2VsZWN0b3JfaWQiOiI2NmZhNjMzZmJhMGIyIiwic2hvcnRjb2RlIjoidmNfcm93IiwiZGF0YSI6eyJ0YWJsZXQiOnt9LCJtb2JpbGUiOnt9fX0=&#8220; mobile_bg_img_hidden=&#8220;no&#8220; tablet_bg_img_hidden=&#8220;no&#8220; woodmart_parallax=&#8220;0&#8243; woodmart_gradient_switch=&#8220;no&#8220; woodmart_box_shadow=&#8220;no&#8220; wd_z_index=&#8220;no&#8220; woodmart_disable_overflow=&#8220;0&#8243; row_reverse_mobile=&#8220;0&#8243; row_reverse_tablet=&#8220;0&#8243;][vc_column]\n\t\t<div id=\"wd-66f54d5610cb6\" class=\"title-wrapper wd-wpb set-mb-s reset-last-child  wd-rs-66f54d5610cb6 wd-title-color-default wd-title-style-default text-left  wd-underline-colored\">\n\t\t\t\n\t\t\t<div class=\"liner-continer\">\n\t\t\t\t<h3 class=\"woodmart-title-container title  wd-font-weight- wd-fontsize-xxl\" >Wen wir suchen:<\/h3>\n\t\t\t\t\t\t\t<\/div>\n\t\t\t\n\t\t\t\n\t\t\t\n\t\t<\/div>\n\t\t\n\t\t\t\t<div id=\"wd-6703d647bc5df\" class=\"wd-text-block wd-wpb reset-last-child wd-rs-6703d647bc5df text-left \">\n\t\t\t<p>Wir suchen Fachleute mit einem starken Engagement f\u00fcr Spitzenleistungen, Innovation und Qualit\u00e4t. Ganz gleich, ob Sie ein erfahrener Ingenieur oder Techniker sind oder eine Einstiegsposition suchen, wir bieten Ihnen eine Vielzahl von Aufgaben in Bereichen wie Technik, Projektmanagement, Kundenbetreuung und mehr.<\/p>\n<p>Kommen Sie zur <strong>TKS Pro GmbH<\/strong> und werden Sie Teil eines Teams, das die Zukunft des Gasturbinen- und Industriemaschinensektors mitgestaltet.<\/p>\n<p>Wenn Sie daran interessiert sind, sich bei uns zu bewerben, senden Sie bitte Ihren Lebenslauf an <strong>hr@tkspro.de<\/strong> oder besuchen Sie unsere Karriereseite mit den aktuellen Stellenangeboten.<\/p>\n\t\t<\/div>\n\t\t[\/vc_column][\/vc_row][vc_row disable_element=&#8220;yes&#8220; css=&#8220;.vc_custom_1727352597942{margin-top: 45px !important;}&#8220; woodmart_css_id=&#8220;66f54f10b3052&#8243; responsive_spacing=&#8220;eyJwYXJhbV90eXBlIjoid29vZG1hcnRfcmVzcG9uc2l2ZV9zcGFjaW5nIiwic2VsZWN0b3JfaWQiOiI2NmY1NGYxMGIzMDUyIiwic2hvcnRjb2RlIjoidmNfcm93IiwiZGF0YSI6eyJ0YWJsZXQiOnsibWFyZ2luLXRvcCI6IjM1cHgifSwibW9iaWxlIjp7Im1hcmdpbi10b3AiOiIyNXB4In19fQ==&#8220; mobile_bg_img_hidden=&#8220;no&#8220; tablet_bg_img_hidden=&#8220;no&#8220; woodmart_parallax=&#8220;0&#8243; woodmart_gradient_switch=&#8220;no&#8220; woodmart_box_shadow=&#8220;no&#8220; wd_z_index=&#8220;no&#8220; woodmart_disable_overflow=&#8220;0&#8243; row_reverse_mobile=&#8220;0&#8243; row_reverse_tablet=&#8220;0&#8243;][vc_column width=&#8220;2\/3&#8243; css=&#8220;.vc_custom_1727351776246{padding-right: 10% !important;}&#8220; woodmart_css_id=&#8220;66f54bdad6269&#8243; parallax_scroll=&#8220;no&#8220; woodmart_sticky_column=&#8220;false&#8220; wd_collapsible_content_switcher=&#8220;no&#8220; wd_column_role_offcanvas_desktop=&#8220;no&#8220; wd_column_role_offcanvas_tablet=&#8220;no&#8220; wd_column_role_offcanvas_mobile=&#8220;no&#8220; wd_column_role_content_desktop=&#8220;no&#8220; wd_column_role_content_tablet=&#8220;no&#8220; wd_column_role_content_mobile=&#8220;no&#8220; mobile_bg_img_hidden=&#8220;no&#8220; tablet_bg_img_hidden=&#8220;no&#8220; woodmart_parallax=&#8220;0&#8243; woodmart_box_shadow=&#8220;no&#8220; responsive_spacing=&#8220;eyJwYXJhbV90eXBlIjoid29vZG1hcnRfcmVzcG9uc2l2ZV9zcGFjaW5nIiwic2VsZWN0b3JfaWQiOiI2NmY1NGJkYWQ2MjY5Iiwic2hvcnRjb2RlIjoidmNfY29sdW1uIiwiZGF0YSI6eyJ0YWJsZXQiOnsicGFkZGluZy1yaWdodCI6IjE1cHgiLCJwYWRkaW5nLWxlZnQiOiIxNXB4In0sIm1vYmlsZSI6eyJwYWRkaW5nLXJpZ2h0IjoiMTVweCIsInBhZGRpbmctbGVmdCI6IjE1cHgifX19&#8243; mobile_reset_margin=&#8220;no&#8220; tablet_reset_margin=&#8220;no&#8220; wd_z_index=&#8220;no&#8220;]\n\t\t<div id=\"wd-66f54d4ce348c\" class=\"title-wrapper wd-wpb set-mb-s reset-last-child  wd-rs-66f54d4ce348c wd-title-color-default wd-title-style-default text-left  wd-underline-colored\">\n\t\t\t\n\t\t\t<div class=\"liner-continer\">\n\t\t\t\t<h4 class=\"woodmart-title-container title  wd-font-weight- wd-fontsize-xl\" >Offene Stellen<\/h4>\n\t\t\t\t\t\t\t<\/div>\n\t\t\t\n\t\t\t\n\t\t\t\n\t\t<\/div>\n\t\t\n\t\t\t\t\t<link rel=\"stylesheet\" id=\"wd-accordion-css\" href=\"https:\/\/tkspro.eu\/wp-content\/themes\/woodmart\/css\/parts\/el-accordion.min.css?ver=7.5.2\" type=\"text\/css\" media=\"all\" \/> \t\t\t\n\t\t<div id=\"wd-66f54b23e4ee8\" class=\"wd-accordion wd-wpb wd-rs-66f54b23e4ee8  wd-style-default\" data-state=\"all_closed\">\n\t\t\t\t\t\t\t\n\t\t\t\t\n\t\t\t\t<div class=\"wd-accordion-item\">\n\t\t\t\t\t<div class=\"wd-accordion-title font-primary wd-fontsize-s text-left wd-opener-pos-left wd-font-weight-600\" data-accordion-index=\"0\">\n\t\t\t\t\t\t<div class=\"wd-accordion-title-text\">\n\t\t\t\t\t\t\t\t\t\t\t\t\t\t<span>\n\t\t\t\t\t\t\t\tJob Titel 1\t\t\t\t\t\t\t<\/span>\n\t\t\t\t\t\t<\/div>\n\t\t\t\t\t\t<span class=\"wd-accordion-opener wd-opener-style-arrow\"><\/span>\n\t\t\t\t\t<\/div>\n\n\t\t\t\t\t<div class=\"wd-accordion-content reset-last-child\" data-accordion-index=\"0\">\n\t\t\t\t\t\t\t\t\t\t\t\t\t<p>Ac non ac hac ullamcorper rhoncus velit maecenas convallis torquent elit accumsan eu est pulvinar pretium congue a vestibulum suspendisse scelerisque condimentum parturient quam.Aliquet faucibus condimentum amet nam a nascetur suspendisse habitant a mollis senectus suscipit a vestibulum primis molestie parturient aptent nisi aenean.A scelerisque quam consectetur condimentum risus lobortis cum dignissim mi fusce primis rhoncus a rhoncus bibendum parturient condimentum odio a justo a et mollis pulvinar venenatis metus sodales elementum.Parturient ullamcorper natoque mi sagittis a nibh nisi a suspendisse a.<\/p>\n\t\t\t\t\t\t\t\t\t\t\t<\/div>\n\t\t\t\t<\/div>\n\t\t\t\t\t\t\t\n\t\t\t\t\n\t\t\t\t<div class=\"wd-accordion-item\">\n\t\t\t\t\t<div class=\"wd-accordion-title font-primary wd-fontsize-s text-left wd-opener-pos-left wd-font-weight-600\" data-accordion-index=\"1\">\n\t\t\t\t\t\t<div class=\"wd-accordion-title-text\">\n\t\t\t\t\t\t\t\t\t\t\t\t\t\t<span>\n\t\t\t\t\t\t\t\tJob Titel 2\t\t\t\t\t\t\t<\/span>\n\t\t\t\t\t\t<\/div>\n\t\t\t\t\t\t<span class=\"wd-accordion-opener wd-opener-style-arrow\"><\/span>\n\t\t\t\t\t<\/div>\n\n\t\t\t\t\t<div class=\"wd-accordion-content reset-last-child\" data-accordion-index=\"1\">\n\t\t\t\t\t\t\t\t\t\t\t\t\t<p>Ac non ac hac ullamcorper rhoncus velit maecenas convallis torquent elit accumsan eu est pulvinar pretium congue a vestibulum suspendisse scelerisque condimentum parturient quam.Aliquet faucibus condimentum amet nam a nascetur suspendisse habitant a mollis senectus suscipit a vestibulum primis molestie parturient aptent nisi aenean.A scelerisque quam consectetur condimentum risus lobortis cum dignissim mi fusce primis rhoncus a rhoncus bibendum parturient condimentum odio a justo a et mollis pulvinar venenatis metus sodales elementum.Parturient ullamcorper natoque mi sagittis a nibh nisi a suspendisse a.<\/p>\n\t\t\t\t\t\t\t\t\t\t\t<\/div>\n\t\t\t\t<\/div>\n\t\t\t\t\t\t\t\n\t\t\t\t\n\t\t\t\t<div class=\"wd-accordion-item\">\n\t\t\t\t\t<div class=\"wd-accordion-title font-primary wd-fontsize-s text-left wd-opener-pos-left wd-font-weight-600\" data-accordion-index=\"2\">\n\t\t\t\t\t\t<div class=\"wd-accordion-title-text\">\n\t\t\t\t\t\t\t\t\t\t\t\t\t\t<span>\n\t\t\t\t\t\t\t\tJob Titel 3\t\t\t\t\t\t\t<\/span>\n\t\t\t\t\t\t<\/div>\n\t\t\t\t\t\t<span class=\"wd-accordion-opener wd-opener-style-arrow\"><\/span>\n\t\t\t\t\t<\/div>\n\n\t\t\t\t\t<div class=\"wd-accordion-content reset-last-child\" data-accordion-index=\"2\">\n\t\t\t\t\t\t\t\t\t\t\t\t\t<p>Ac non ac hac ullamcorper rhoncus velit maecenas convallis torquent elit accumsan eu est pulvinar pretium congue a vestibulum suspendisse scelerisque condimentum parturient quam.Aliquet faucibus condimentum amet nam a nascetur suspendisse habitant a mollis senectus suscipit a vestibulum primis molestie parturient aptent nisi aenean.A scelerisque quam consectetur condimentum risus lobortis cum dignissim mi fusce primis rhoncus a rhoncus bibendum parturient condimentum odio a justo a et mollis pulvinar venenatis metus sodales elementum.Parturient ullamcorper natoque mi sagittis a nibh nisi a suspendisse a.<\/p>\n\t\t\t\t\t\t\t\t\t\t\t<\/div>\n\t\t\t\t<\/div>\n\t\t\t\t\t\t\t\t\t\t\t\t\t\t<\/div>\n\n\t\t<div id=\"wd-66f54a64c4422\" class=\" wd-rs-66f54a64c4422  wd-button-wrapper text-center\"><a href=\"\/cv-send\" title=\"\" class=\"btn btn-scheme-light btn-scheme-hover-light btn-style-default btn-style-semi-round btn-size-default\">LEBENSLAUF SENDEN<\/a><\/div>[\/vc_column][vc_column width=&#8220;1\/3&#8243;]\t\t<div id=\"wd-66f54c679f1f2\" class=\"wd-image wd-wpb wd-rs-66f54c679f1f2 text-left \">\n\t\t\t\n\t\t\t<img loading=\"lazy\" decoding=\"async\" width=\"300\" height=\"467\" src=\"https:\/\/tkspro.eu\/wp-content\/uploads\/2021\/08\/about-us-3-team-member-4-300x467.jpg\" class=\"attachment-300x467 size-300x467\" alt=\"\" \/>\n\t\t\t\t\t<\/div>\n\t\t[\/vc_column][\/vc_row][\/vc_section]<\/p>\n<\/div>","protected":false},"excerpt":{"rendered":"<p>[vc_section woodmart_css_id=&#8220;66f5477cc2c45&#8243; responsive_spacing=&#8220;eyJwYXJhbV90eXBlIjoid29vZG1hcnRfcmVzcG9uc2l2ZV9zcGFjaW5nIiwic2VsZWN0b3JfaWQiOiI2NmY1NDc3Y2MyYzQ1Iiwic2hvcnRjb2RlIjoidmNfc2VjdGlvbiIsImRhdGEiOnsidGFibGV0Ijp7Im1hcmdpbi10b3AiOiIwIn0sIm1vYmlsZSI6eyJtYXJnaW4tdG9wIjoiMCJ9fX0=&#8220; mobile_bg_img_hidden=&#8220;no&#8220; tablet_bg_img_hidden=&#8220;no&#8220; woodmart_parallax=&#8220;0&#8243; woodmart_gradient_switch=&#8220;no&#8220; woodmart_box_shadow=&#8220;no&#8220; wd_z_index=&#8220;no&#8220; woodmart_disable_overflow=&#8220;0&#8243; el_id=&#8220;CAREER&#8220; css=&#8220;.vc_custom_1727350660171{margin-top: 35px !important;}&#8220;][vc_row][vc_column][\/vc_column][\/vc_row][vc_row woodmart_css_id=&#8220;66f54750e4c18&#8243; responsive_spacing=&#8220;eyJwYXJhbV90eXBlIjoid29vZG1hcnRfcmVzcG9uc2l2ZV9zcGFjaW5nIiwic2VsZWN0b3JfaWQiOiI2NmY1NDc1MGU0YzE4Iiwic2hvcnRjb2RlIjoidmNfcm93IiwiZGF0YSI6eyJ0YWJsZXQiOnt9LCJtb2JpbGUiOnt9fX0=&#8220; mobile_bg_img_hidden=&#8220;no&#8220; tablet_bg_img_hidden=&#8220;no&#8220; woodmart_parallax=&#8220;0&#8243; woodmart_gradient_switch=&#8220;no&#8220;<\/p>\n","protected":false},"author":1,"featured_media":0,"parent":0,"menu_order":0,"comment_status":"closed","ping_status":"closed","template":"","meta":{"footnotes":""},"class_list":["post-11094","page","type-page","status-publish","hentry"],"_links":{"self":[{"href":"https:\/\/tkspro.eu\/de\/wp-json\/wp\/v2\/pages\/11094","targetHints":{"allow":["GET"]}}],"collection":[{"href":"https:\/\/tkspro.eu\/de\/wp-json\/wp\/v2\/pages"}],"about":[{"href":"https:\/\/tkspro.eu\/de\/wp-json\/wp\/v2\/types\/page"}],"author":[{"embeddable":true,"href":"https:\/\/tkspro.eu\/de\/wp-json\/wp\/v2\/users\/1"}],"replies":[{"embeddable":true,"href":"https:\/\/tkspro.eu\/de\/wp-json\/wp\/v2\/comments?post=11094"}],"version-history":[{"count":0,"href":"https:\/\/tkspro.eu\/de\/wp-json\/wp\/v2\/pages\/11094\/revisions"}],"wp:attachment":[{"href":"https:\/\/tkspro.eu\/de\/wp-json\/wp\/v2\/media?parent=11094"}],"curies":[{"name":"wp","href":"https:\/\/api.w.org\/{rel}","templated":true}]}}